{"id":478180,"date":"2025-01-06T09:56:34","date_gmt":"2025-01-06T09:56:34","guid":{"rendered":"https:\/\/roomvo.50g.io\/canal-de-denonciation\/"},"modified":"2025-07-03T16:41:44","modified_gmt":"2025-07-03T15:41:44","slug":"canal-de-denonciation","status":"publish","type":"page","link":"https:\/\/roomvo.50g.io\/fr\/canal-de-denonciation\/","title":{"rendered":"Canal de D\u00e9nonciation"},"content":{"rendered":"\t\t<div data-elementor-type=\"wp-page\" data-elementor-id=\"478180\" class=\"elementor elementor-478180 elementor-475217\" data-elementor-post-type=\"page\">\n\t\t\t\t<div class=\"wd-negative-gap elementor-element elementor-element-0ddf7bb e-flex e-con-boxed e-con e-parent\" data-id=\"0ddf7bb\" data-element_type=\"container\">\n\t\t\t\t\t<div class=\"e-con-inner\">\n\t\t\t\t<div class=\"elementor-element elementor-element-46542dc elementor-widget elementor-widget-template\" data-id=\"46542dc\" data-element_type=\"widget\" data-widget_type=\"template.default\">\n\t\t\t\t<div class=\"elementor-widget-container\">\n\t\t\t\t\t\t\t<div class=\"elementor-template\">\n\t\t\t\t\t<div data-elementor-type=\"container\" data-elementor-id=\"478198\" class=\"elementor elementor-478198 elementor-1462\" data-elementor-post-type=\"elementor_library\">\n\t\t\t\t<div data-dce-background-image-url=\"https:\/\/roomvo.50g.io\/wp-content\/uploads\/2024\/01\/title-yellow_v2.png\" class=\"wd-negative-gap elementor-element elementor-element-590b0920 wd-section-stretch n_title e-flex e-con-boxed e-con e-parent\" data-id=\"590b0920\" data-element_type=\"container\" data-settings=\"{&quot;background_background&quot;:&quot;classic&quot;}\">\n\t\t\t\t\t<div class=\"e-con-inner\">\n\t\t<div class=\"wd-negative-gap elementor-element elementor-element-59bb3b3e e-flex e-con-boxed e-con e-child\" data-id=\"59bb3b3e\" data-element_type=\"container\">\n\t\t\t\t\t<div class=\"e-con-inner\">\n\t\t\t\t<div class=\"elementor-element elementor-element-20b9d1f4 elementor-widget elementor-widget-heading\" data-id=\"20b9d1f4\" data-element_type=\"widget\" data-widget_type=\"heading.default\">\n\t\t\t\t<div class=\"elementor-widget-container\">\n\t\t\t\t\t<h1 class=\"elementor-heading-title elementor-size-default\">Canal de D\u00e9nonciation<\/h1>\t\t\t\t<\/div>\n\t\t\t\t<\/div>\n\t\t\t\t\t<\/div>\n\t\t\t\t<\/div>\n\t\t\t\t\t<\/div>\n\t\t\t\t<\/div>\n\t\t\t\t<\/div>\n\t\t\t\t<\/div>\n\t\t\t\t\t\t<\/div>\n\t\t\t\t<\/div>\n\t\t\t\t\t<\/div>\n\t\t\t\t<\/div>\n\t\t<div class=\"wd-negative-gap elementor-element elementor-element-92971ac e-flex e-con-boxed e-con e-parent\" data-id=\"92971ac\" data-element_type=\"container\">\n\t\t\t\t\t<div class=\"e-con-inner\">\n\t\t\t\t<div class=\"elementor-element elementor-element-5271837 color-scheme-inherit text-left elementor-widget elementor-widget-text-editor\" data-id=\"5271837\" data-element_type=\"widget\" data-widget_type=\"text-editor.default\">\n\t\t\t\t<div class=\"elementor-widget-container\">\n\t\t\t\t\t\t\t\t\t<p>Vous pouvez signaler des situations graves de mani\u00e8re anonyme ou si vous le soup\u00e7onnez.<\/p><p>Canal de d\u00e9nonciation : <a href=\"https:\/\/whistleblowersoftware.com\/secure\/canaldedenunciasdogrupobarbot\" target=\"_blank\" rel=\"noopener\">Cliquez ici<\/a>.<\/p>\t\t\t\t\t\t\t\t<\/div>\n\t\t\t\t<\/div>\n\t\t\t\t\t<\/div>\n\t\t\t\t<\/div>\n\t\t\t\t<\/div>\n\t\t","protected":false},"excerpt":{"rendered":"<p>Vous pouvez signaler des situations graves de mani\u00e8re anonyme ou si vous le soup\u00e7onnez. Canal de d\u00e9nonciation : Cliquez ici.<\/p>\n","protected":false},"author":1,"featured_media":0,"parent":0,"menu_order":0,"comment_status":"closed","ping_status":"closed","template":"","meta":{"_acf_changed":false,"_seopress_robots_primary_cat":"","_seopress_titles_title":"","_seopress_titles_desc":"","_seopress_robots_index":"Oui","footnotes":""},"class_list":["post-478180","page","type-page","status-publish","hentry"],"acf":[],"_links":{"self":[{"href":"https:\/\/roomvo.50g.io\/fr\/wp-json\/wp\/v2\/pages\/478180","targetHints":{"allow":["GET"]}}],"collection":[{"href":"https:\/\/roomvo.50g.io\/fr\/wp-json\/wp\/v2\/pages"}],"about":[{"href":"https:\/\/roomvo.50g.io\/fr\/wp-json\/wp\/v2\/types\/page"}],"author":[{"embeddable":true,"href":"https:\/\/roomvo.50g.io\/fr\/wp-json\/wp\/v2\/users\/1"}],"replies":[{"embeddable":true,"href":"https:\/\/roomvo.50g.io\/fr\/wp-json\/wp\/v2\/comments?post=478180"}],"version-history":[{"count":0,"href":"https:\/\/roomvo.50g.io\/fr\/wp-json\/wp\/v2\/pages\/478180\/revisions"}],"wp:attachment":[{"href":"https:\/\/roomvo.50g.io\/fr\/wp-json\/wp\/v2\/media?parent=478180"}],"curies":[{"name":"wp","href":"https:\/\/api.w.org\/{rel}","templated":true}]}}