{"id":478243,"date":"2024-01-29T20:55:05","date_gmt":"2024-01-29T20:55:05","guid":{"rendered":"https:\/\/roomvo.50g.io\/tintometrie\/"},"modified":"2025-07-06T20:13:06","modified_gmt":"2025-07-06T19:13:06","slug":"tintometrie","status":"publish","type":"page","link":"https:\/\/roomvo.50g.io\/fr\/tintometrie\/","title":{"rendered":"Tintom\u00e9trie"},"content":{"rendered":"\t\t<div data-elementor-type=\"wp-page\" data-elementor-id=\"478243\" class=\"elementor elementor-478243 elementor-2055\" data-elementor-post-type=\"page\">\n\t\t\t\t<div class=\"wd-negative-gap elementor-element elementor-element-0ddf7bb e-flex e-con-boxed e-con e-parent\" data-id=\"0ddf7bb\" data-element_type=\"container\">\n\t\t\t\t\t<div class=\"e-con-inner\">\n\t\t\t\t<div class=\"elementor-element elementor-element-46542dc elementor-widget elementor-widget-template\" data-id=\"46542dc\" data-element_type=\"widget\" data-widget_type=\"template.default\">\n\t\t\t\t<div class=\"elementor-widget-container\">\n\t\t\t\t\t\t\t<div class=\"elementor-template\">\n\t\t\t\t\t<div data-elementor-type=\"container\" data-elementor-id=\"478198\" class=\"elementor elementor-478198 elementor-1462\" data-elementor-post-type=\"elementor_library\">\n\t\t\t\t<div data-dce-background-image-url=\"https:\/\/roomvo.50g.io\/wp-content\/uploads\/2024\/01\/title-yellow_v2.png\" class=\"wd-negative-gap elementor-element elementor-element-590b0920 wd-section-stretch n_title e-flex e-con-boxed e-con e-parent\" data-id=\"590b0920\" data-element_type=\"container\" data-settings=\"{&quot;background_background&quot;:&quot;classic&quot;}\">\n\t\t\t\t\t<div class=\"e-con-inner\">\n\t\t<div class=\"wd-negative-gap elementor-element elementor-element-59bb3b3e e-flex e-con-boxed e-con e-child\" data-id=\"59bb3b3e\" data-element_type=\"container\">\n\t\t\t\t\t<div class=\"e-con-inner\">\n\t\t\t\t<div class=\"elementor-element elementor-element-20b9d1f4 elementor-widget elementor-widget-heading\" data-id=\"20b9d1f4\" data-element_type=\"widget\" data-widget_type=\"heading.default\">\n\t\t\t\t<div class=\"elementor-widget-container\">\n\t\t\t\t\t<h1 class=\"elementor-heading-title elementor-size-default\">Produits professionnels<\/h1>\t\t\t\t<\/div>\n\t\t\t\t<\/div>\n\t\t\t\t\t<\/div>\n\t\t\t\t<\/div>\n\t\t\t\t\t<\/div>\n\t\t\t\t<\/div>\n\t\t\t\t<\/div>\n\t\t\t\t<\/div>\n\t\t\t\t\t\t<\/div>\n\t\t\t\t<\/div>\n\t\t\t\t\t<\/div>\n\t\t\t\t<\/div>\n\t\t<div class=\"wd-negative-gap elementor-element elementor-element-b45bac1 e-flex e-con-boxed e-con e-parent\" data-id=\"b45bac1\" data-element_type=\"container\">\n\t\t\t\t\t<div class=\"e-con-inner\">\n\t\t\t\t<div class=\"elementor-element elementor-element-f0533ed elementor-nav-menu--dropdown-none elementor-widget elementor-widget-nav-menu\" data-id=\"f0533ed\" data-element_type=\"widget\" data-settings=\"{&quot;layout&quot;:&quot;horizontal&quot;,&quot;submenu_icon&quot;:{&quot;value&quot;:&quot;&lt;svg class=\\&quot;e-font-icon-svg e-fas-caret-down\\&quot; viewBox=\\&quot;0 0 320 512\\&quot; xmlns=\\&quot;http:\\\/\\\/www.w3.org\\\/2000\\\/svg\\&quot;&gt;&lt;path d=\\&quot;M31.3 192h257.3c17.8 0 26.7 21.5 14.1 34.1L174.1 354.8c-7.8 7.8-20.5 7.8-28.3 0L17.2 226.1C4.6 213.5 13.5 192 31.3 192z\\&quot;&gt;&lt;\\\/path&gt;&lt;\\\/svg&gt;&quot;,&quot;library&quot;:&quot;fa-solid&quot;}}\" data-widget_type=\"nav-menu.default\">\n\t\t\t\t<div class=\"elementor-widget-container\">\n\t\t\t\t\t\t\t\t<nav aria-label=\"Menu\" class=\"elementor-nav-menu--main elementor-nav-menu__container elementor-nav-menu--layout-horizontal e--pointer-underline e--animation-fade\">\n\t\t\t\t<ul id=\"menu-1-f0533ed\" class=\"elementor-nav-menu\"><li class=\"menu-item menu-item-type-post_type menu-item-object-page menu-item-482582\"><a href=\"https:\/\/roomvo.50g.io\/fr\/industrie\/\" class=\"elementor-item\">Industrie<\/a><\/li>\n<li class=\"menu-item menu-item-type-post_type menu-item-object-page menu-item-482583\"><a href=\"https:\/\/roomvo.50g.io\/fr\/barbotherm-fr\/\" class=\"elementor-item\">Barbotherm<\/a><\/li>\n<li class=\"menu-item menu-item-type-post_type menu-item-object-page menu-item-482584\"><a href=\"https:\/\/roomvo.50g.io\/fr\/tintometrie\/\" class=\"elementor-item\">Tintom\u00e9trie<\/a><\/li>\n<\/ul>\t\t\t<\/nav>\n\t\t\t\t\t\t<nav class=\"elementor-nav-menu--dropdown elementor-nav-menu__container\" aria-hidden=\"true\">\n\t\t\t\t<ul id=\"menu-2-f0533ed\" class=\"elementor-nav-menu\"><li class=\"menu-item menu-item-type-post_type menu-item-object-page menu-item-482582\"><a href=\"https:\/\/roomvo.50g.io\/fr\/industrie\/\" class=\"elementor-item\" tabindex=\"-1\">Industrie<\/a><\/li>\n<li class=\"menu-item menu-item-type-post_type menu-item-object-page menu-item-482583\"><a href=\"https:\/\/roomvo.50g.io\/fr\/barbotherm-fr\/\" class=\"elementor-item\" tabindex=\"-1\">Barbotherm<\/a><\/li>\n<li class=\"menu-item menu-item-type-post_type menu-item-object-page menu-item-482584\"><a href=\"https:\/\/roomvo.50g.io\/fr\/tintometrie\/\" class=\"elementor-item\" tabindex=\"-1\">Tintom\u00e9trie<\/a><\/li>\n<\/ul>\t\t\t<\/nav>\n\t\t\t\t\t\t<\/div>\n\t\t\t\t<\/div>\n\t\t\t\t\t<\/div>\n\t\t\t\t<\/div>\n\t\t<div class=\"wd-negative-gap elementor-element elementor-element-3194a23 e-flex e-con-boxed e-con e-parent\" data-id=\"3194a23\" data-element_type=\"container\">\n\t\t\t\t\t<div class=\"e-con-inner\">\n\t\t\t\t<div class=\"elementor-element elementor-element-3b03b66 n_tabs-vertical elementor-widget elementor-widget-wd_tabs\" data-id=\"3b03b66\" data-element_type=\"widget\" data-widget_type=\"wd_tabs.default\">\n\t\t\t\t<div class=\"elementor-widget-container\">\n\t\t\t\t\t\t\t<div class=\"wd-tabs tabs-design-aside\">\n\t\t\t<div class=\"wd-tabs-header text-center\">\n\t\t\t\t\n\t\t\t\t\n\t\t\t\t<div class=\"wd-nav-wrapper wd-nav-tabs-wrapper\">\n\t\t\t\t\t<ul class=\"wd-nav wd-nav-tabs wd-icon-pos-right wd-style-default\">\n\t\t\t\t\t\t\t\t\t\t\t\t\t\n\t\t\t\t\t\t\t<li>\n\t\t\t\t\t\t\t\t<a href=\"#\" class=\"wd-nav-link\">\n\t\t\t\t\t\t\t\t\t\t\t\t\t\t\t\t\t\t\t<span class=\"img-wrapper\">\n\t\t\t\t\t\t\t\t\t\t\t<svg class=\"e-font-icon-svg e-far-bookmark\" viewBox=\"0 0 384 512\" xmlns=\"http:\/\/www.w3.org\/2000\/svg\"><path d=\"M336 0H48C21.49 0 0 21.49 0 48v464l192-112 192 112V48c0-26.51-21.49-48-48-48zm0 428.43l-144-84-144 84V54a6 6 0 0 1 6-6h276c3.314 0 6 2.683 6 5.996V428.43z\"><\/path><\/svg>\t\t\t\t\t\t\t\t\t\t<\/span>\n\t\t\t\t\t\t\t\t\t\n\t\t\t\t\t\t\t\t\t<span class=\"nav-link-text wd-tabs-title\">\n\t\t\t\t\t\t\t\t\t\tBarbotmix\t\t\t\t\t\t\t\t\t<\/span>\n\t\t\t\t\t\t\t\t<\/a>\n\t\t\t\t\t\t\t<\/li>\n\n\t\t\t\t\t\t\t\t\t\t\t<\/ul>\n\t\t\t\t<\/div>\n\t\t\t<\/div>\n\n\t\t\t<div class=\"wd-tabs-content-wrapper\">\n\t\t\t\t\t\t\t\t\t\t\t\t\t\t\n\t\t\t\t\t\n\t\t\t\t\t<div class=\"wd-tab-content wd-entry-content wd-active wd-in\">\n\t\t\t\t\t\t\t\t\t\t\t\t\t<div >\n\t\t\t\t\t\t\t\t\t\t<div data-elementor-type=\"section\" data-elementor-id=\"482588\" class=\"elementor elementor-482588 elementor-2063\" data-elementor-post-type=\"elementor_library\">\n\t\t\t<div class=\"wd-negative-gap elementor-element elementor-element-627d627 e-flex e-con-boxed e-con e-parent\" data-id=\"627d627\" data-element_type=\"container\">\n\t\t\t\t\t<div class=\"e-con-inner\">\n\t\t\t\t<div class=\"elementor-element elementor-element-8317f2e elementor-widget elementor-widget-heading\" data-id=\"8317f2e\" data-element_type=\"widget\" data-widget_type=\"heading.default\">\n\t\t\t\t<div class=\"elementor-widget-container\">\n\t\t\t\t\t<h2 class=\"elementor-heading-title elementor-size-default\">Barbotmix<\/h2>\t\t\t\t<\/div>\n\t\t\t\t<\/div>\n\t\t\t\t\t<\/div>\n\t\t\t\t<\/div>\n\t\t<div class=\"wd-negative-gap elementor-element elementor-element-200be37 n_asblog e-flex e-con-boxed e-con e-parent\" data-id=\"200be37\" data-element_type=\"container\">\n\t\t\t\t\t<div class=\"e-con-inner\">\n\t\t\t\t<div class=\"elementor-element elementor-element-dadaedc color-scheme-inherit text-left elementor-widget elementor-widget-text-editor\" data-id=\"dadaedc\" data-element_type=\"widget\" data-widget_type=\"text-editor.default\">\n\t\t\t\t<div class=\"elementor-widget-container\">\n\t\t\t\t\t\t\t\t\t<p>Le syst\u00e8me Barbotmix vous garantit une reproduction exacte de la couleur souhait\u00e9e dans des encres de haute qualit\u00e9.<\/p><p>Tout ce que vous avez \u00e0 faire est de pr\u00e9senter un \u00e9chantillon de la couleur que vous avez id\u00e9alis\u00e9e, de la choisir dans notre propre catalogue ou, si vous pr\u00e9f\u00e9rez, d\u2019essayer un m\u00e9lange qui vous pla\u00eet sur place<\/p><blockquote><h4>Le syst\u00e8me Barbotmix est une solution informatis\u00e9e tr\u00e8s fiable qui vous permet de r\u00e9gler instantan\u00e9ment plus de 10 000 couleurs. Ce syst\u00e8me de r\u00e9glage des couleurs fonctionne de mani\u00e8re simple, rapide, pratique et \u00e9conomique. <\/h4><\/blockquote><p>Le syst\u00e8me Barbotmix est un \u00e9quipement sophistiqu\u00e9 \u00e0 votre service, dans le but de vous fournir, dans un d\u00e9lai court et \u00e0 un co\u00fbt r\u00e9duit, la couleur que vous avez toujours id\u00e9alis\u00e9e.<\/p><p>Le syst\u00e8me Barbotmix met \u00e0 votre disposition :<\/p><ul><li>Un r\u00e9seau de comptoirs, o\u00f9 vous pouvez obtenir la peinture la plus appropri\u00e9e \u00e0 votre cas et clarifier les doutes existants&nbsp;;<\/li><li>Service personnalis\u00e9 par du personnel qualifi\u00e9&nbsp;;<\/li><li>Produits avec assurance qualit\u00e9, utilisant les processus de fabrication les plus modernes et selon les normes de contr\u00f4le les plus strictes.<\/li><\/ul><h3>Comment cela fonctionne-t-il ?<\/h3><p>Le syst\u00e8me Barbotmix se compose de 4 composants :<\/p><ul><li>Une machine informatis\u00e9e qui dose automatiquement les colorants, transformant la base du produit en peinture finie, avec la couleur souhait\u00e9e&nbsp;;<\/li><li>Un agitateur pour une homog\u00e9n\u00e9isation totale et efficace du produit final ;<\/li><li>Une imprimante pour l\u2019\u00e9tiquetage de l\u2019emballage qui contient l\u2019identification compl\u00e8te du produit et toutes les coordonn\u00e9es de la couleur choisie pour un \u00e9ventuel cas de commande ult\u00e9rieure ;<\/li><li>Un m\u00e9canisme con\u00e7u pour la fermeture herm\u00e9tique des colis.<\/li><\/ul><h3>Avantages<\/h3><p>Le syst\u00e8me Barbotmix offre plusieurs valeurs ajout\u00e9es :<\/p><ul><li>R\u00e9glage pr\u00e9cis des couleurs qui peut \u00eatre r\u00e9p\u00e9t\u00e9, avec une fiabilit\u00e9 maximale, sur n\u2019importe quel \u00e9quipement Barbotmix ;<\/li><li>Service express en accordage, d\u2019une dur\u00e9e de seulement 3 minutes&nbsp;;<\/li><li>R\u00e9duire les co\u00fbts, en \u00e9vitant les ajustements sur place, les d\u00e9placements, la main-d\u2019\u0153uvre, etc.&nbsp;;<\/li><li>Une gamme de plus de 10 000 couleurs, dont R.A.L, NCS, B.S. 4 800 ;<\/li><li>Acc\u00e8s \u00e0 son propre catalogue pour la s\u00e9lection des couleurs ;<\/li><li>Possibilit\u00e9 d\u2019obtenir la m\u00eame couleur pour diff\u00e9rentes applications&nbsp;;<\/li><li>Toute quantit\u00e9, \u00e0 partir de 1L ;<\/li><li>Mise \u00e0 jour p\u00e9riodique du nombre de couleurs disponibles ;<\/li><li>\u00c9largissement p\u00e9riodique de la gamme de produits.<\/li><\/ul>\t\t\t\t\t\t\t\t<\/div>\n\t\t\t\t<\/div>\n\t\t\t\t\t<\/div>\n\t\t\t\t<\/div>\n\t\t\t\t<\/div>\n\t\t\t\t\t\t\t\t\t<\/div>\n\t\t\t\t\t\t\t\t\t\t\t<\/div>\n\n\t\t\t\t\t\t\t<\/div>\n\t\t<\/div>\n\t\t\t\t\t\t<\/div>\n\t\t\t\t<\/div>\n\t\t\t\t\t<\/div>\n\t\t\t\t<\/div>\n\t\t\t\t<\/div>\n\t\t","protected":false},"excerpt":{"rendered":"<p>Barbotmix Barbotmix O sistema Barbotmix garante-lhe a reprodu\u00e7\u00e3o exata da cor pretendida, em tintas de elevada qualidade. Basta-lhe apresentar uma<\/p>\n","protected":false},"author":1,"featured_media":0,"parent":0,"menu_order":0,"comment_status":"closed","ping_status":"closed","template":"","meta":{"_acf_changed":false,"_seopress_robots_primary_cat":"","_seopress_titles_title":"","_seopress_titles_desc":"","_seopress_robots_index":"","footnotes":""},"class_list":["post-478243","page","type-page","status-publish","hentry"],"acf":[],"_links":{"self":[{"href":"https:\/\/roomvo.50g.io\/fr\/wp-json\/wp\/v2\/pages\/478243","targetHints":{"allow":["GET"]}}],"collection":[{"href":"https:\/\/roomvo.50g.io\/fr\/wp-json\/wp\/v2\/pages"}],"about":[{"href":"https:\/\/roomvo.50g.io\/fr\/wp-json\/wp\/v2\/types\/page"}],"author":[{"embeddable":true,"href":"https:\/\/roomvo.50g.io\/fr\/wp-json\/wp\/v2\/users\/1"}],"replies":[{"embeddable":true,"href":"https:\/\/roomvo.50g.io\/fr\/wp-json\/wp\/v2\/comments?post=478243"}],"version-history":[{"count":0,"href":"https:\/\/roomvo.50g.io\/fr\/wp-json\/wp\/v2\/pages\/478243\/revisions"}],"wp:attachment":[{"href":"https:\/\/roomvo.50g.io\/fr\/wp-json\/wp\/v2\/media?parent=478243"}],"curies":[{"name":"wp","href":"https:\/\/api.w.org\/{rel}","templated":true}]}}