{"id":478248,"date":"2024-01-16T15:28:09","date_gmt":"2024-01-16T15:28:09","guid":{"rendered":"https:\/\/roomvo.50g.io\/sur\/contacts\/"},"modified":"2025-07-06T20:13:38","modified_gmt":"2025-07-06T19:13:38","slug":"contacts","status":"publish","type":"page","link":"https:\/\/roomvo.50g.io\/fr\/sur\/contacts\/","title":{"rendered":"Contacts"},"content":{"rendered":"\t\t<div data-elementor-type=\"wp-page\" data-elementor-id=\"478248\" class=\"elementor elementor-478248 elementor-1339\" data-elementor-post-type=\"page\">\n\t\t\t\t<div class=\"wd-negative-gap elementor-element elementor-element-fc56dca e-flex e-con-boxed e-con e-parent\" data-id=\"fc56dca\" data-element_type=\"container\">\n\t\t\t\t\t<div class=\"e-con-inner\">\n\t\t\t\t<div class=\"elementor-element elementor-element-c19f972 elementor-widget elementor-widget-template\" data-id=\"c19f972\" data-element_type=\"widget\" data-widget_type=\"template.default\">\n\t\t\t\t<div class=\"elementor-widget-container\">\n\t\t\t\t\t\t\t<div class=\"elementor-template\">\n\t\t\t\t\t<div data-elementor-type=\"container\" data-elementor-id=\"478198\" class=\"elementor elementor-478198 elementor-1462\" data-elementor-post-type=\"elementor_library\">\n\t\t\t\t<div data-dce-background-image-url=\"https:\/\/roomvo.50g.io\/wp-content\/uploads\/2024\/01\/title-yellow_v2.png\" class=\"wd-negative-gap elementor-element elementor-element-590b0920 wd-section-stretch n_title e-flex e-con-boxed e-con e-parent\" data-id=\"590b0920\" data-element_type=\"container\" data-settings=\"{&quot;background_background&quot;:&quot;classic&quot;}\">\n\t\t\t\t\t<div class=\"e-con-inner\">\n\t\t<div class=\"wd-negative-gap elementor-element elementor-element-59bb3b3e e-flex e-con-boxed e-con e-child\" data-id=\"59bb3b3e\" data-element_type=\"container\">\n\t\t\t\t\t<div class=\"e-con-inner\">\n\t\t\t\t<div class=\"elementor-element elementor-element-20b9d1f4 elementor-widget elementor-widget-heading\" data-id=\"20b9d1f4\" data-element_type=\"widget\" data-widget_type=\"heading.default\">\n\t\t\t\t<div class=\"elementor-widget-container\">\n\t\t\t\t\t<h1 class=\"elementor-heading-title elementor-size-default\">Sur<\/h1>\t\t\t\t<\/div>\n\t\t\t\t<\/div>\n\t\t\t\t\t<\/div>\n\t\t\t\t<\/div>\n\t\t\t\t\t<\/div>\n\t\t\t\t<\/div>\n\t\t\t\t<\/div>\n\t\t\t\t<\/div>\n\t\t\t\t\t\t<\/div>\n\t\t\t\t<\/div>\n\t\t\t\t\t<\/div>\n\t\t\t\t<\/div>\n\t\t<div class=\"wd-negative-gap elementor-element elementor-element-bf4243c e-flex e-con-boxed e-con e-parent\" data-id=\"bf4243c\" data-element_type=\"container\">\n\t\t\t\t\t<div class=\"e-con-inner\">\n\t\t\t\t<div class=\"elementor-element elementor-element-66fbf44 elementor-nav-menu--dropdown-none elementor-widget elementor-widget-nav-menu\" data-id=\"66fbf44\" data-element_type=\"widget\" data-settings=\"{&quot;layout&quot;:&quot;horizontal&quot;,&quot;submenu_icon&quot;:{&quot;value&quot;:&quot;&lt;svg class=\\&quot;e-font-icon-svg e-fas-caret-down\\&quot; viewBox=\\&quot;0 0 320 512\\&quot; xmlns=\\&quot;http:\\\/\\\/www.w3.org\\\/2000\\\/svg\\&quot;&gt;&lt;path d=\\&quot;M31.3 192h257.3c17.8 0 26.7 21.5 14.1 34.1L174.1 354.8c-7.8 7.8-20.5 7.8-28.3 0L17.2 226.1C4.6 213.5 13.5 192 31.3 192z\\&quot;&gt;&lt;\\\/path&gt;&lt;\\\/svg&gt;&quot;,&quot;library&quot;:&quot;fa-solid&quot;}}\" data-widget_type=\"nav-menu.default\">\n\t\t\t\t<div class=\"elementor-widget-container\">\n\t\t\t\t\t\t\t\t<nav aria-label=\"Menu\" class=\"elementor-nav-menu--main elementor-nav-menu__container elementor-nav-menu--layout-horizontal e--pointer-underline e--animation-fade\">\n\t\t\t\t<ul id=\"menu-1-66fbf44\" class=\"elementor-nav-menu\"><li class=\"menu-item menu-item-type-post_type menu-item-object-page menu-item-482538\"><a href=\"https:\/\/roomvo.50g.io\/fr\/sur\/\" class=\"elementor-item\">Sur<\/a><\/li>\n<li class=\"menu-item menu-item-type-post_type menu-item-object-page menu-item-482539\"><a href=\"https:\/\/roomvo.50g.io\/fr\/sur\/groupe-barbot\/\" class=\"elementor-item\">Groupe Barbot<\/a><\/li>\n<li class=\"menu-item menu-item-type-post_type menu-item-object-page menu-item-482540\"><a href=\"https:\/\/roomvo.50g.io\/fr\/actualites-barbot\/\" class=\"elementor-item\">Nouvelles<\/a><\/li>\n<li class=\"menu-item menu-item-type-post_type menu-item-object-page menu-item-482541\"><a href=\"https:\/\/roomvo.50g.io\/fr\/sur\/contacts\/\" class=\"elementor-item\">Contacts<\/a><\/li>\n<\/ul>\t\t\t<\/nav>\n\t\t\t\t\t\t<nav class=\"elementor-nav-menu--dropdown elementor-nav-menu__container\" aria-hidden=\"true\">\n\t\t\t\t<ul id=\"menu-2-66fbf44\" class=\"elementor-nav-menu\"><li class=\"menu-item menu-item-type-post_type menu-item-object-page menu-item-482538\"><a href=\"https:\/\/roomvo.50g.io\/fr\/sur\/\" class=\"elementor-item\" tabindex=\"-1\">Sur<\/a><\/li>\n<li class=\"menu-item menu-item-type-post_type menu-item-object-page menu-item-482539\"><a href=\"https:\/\/roomvo.50g.io\/fr\/sur\/groupe-barbot\/\" class=\"elementor-item\" tabindex=\"-1\">Groupe Barbot<\/a><\/li>\n<li class=\"menu-item menu-item-type-post_type menu-item-object-page menu-item-482540\"><a href=\"https:\/\/roomvo.50g.io\/fr\/actualites-barbot\/\" class=\"elementor-item\" tabindex=\"-1\">Nouvelles<\/a><\/li>\n<li class=\"menu-item menu-item-type-post_type menu-item-object-page menu-item-482541\"><a href=\"https:\/\/roomvo.50g.io\/fr\/sur\/contacts\/\" class=\"elementor-item\" tabindex=\"-1\">Contacts<\/a><\/li>\n<\/ul>\t\t\t<\/nav>\n\t\t\t\t\t\t<\/div>\n\t\t\t\t<\/div>\n\t\t\t\t\t<\/div>\n\t\t\t\t<\/div>\n\t\t<div class=\"wd-negative-gap elementor-element elementor-element-1d270af e-flex e-con-boxed e-con e-parent\" data-id=\"1d270af\" data-element_type=\"container\">\n\t\t\t\t\t<div class=\"e-con-inner\">\n\t\t<div class=\"elementor-element elementor-element-d29d27c e-con-full e-flex e-con e-child\" data-id=\"d29d27c\" data-element_type=\"container\">\n\t\t\t\t<div class=\"elementor-element elementor-element-4328adf elementor-widget elementor-widget-heading\" data-id=\"4328adf\" data-element_type=\"widget\" data-widget_type=\"heading.default\">\n\t\t\t\t<div class=\"elementor-widget-container\">\n\t\t\t\t\t<h2 class=\"elementor-heading-title elementor-size-default\">Soif<\/h2>\t\t\t\t<\/div>\n\t\t\t\t<\/div>\n\t\t\t\t<div class=\"elementor-element elementor-element-fba69a5 elementor-widget elementor-widget-heading\" data-id=\"fba69a5\" data-element_type=\"widget\" data-widget_type=\"heading.default\">\n\t\t\t\t<div class=\"elementor-widget-container\">\n\t\t\t\t\t<h4 class=\"elementor-heading-title elementor-size-default\">Services administratifs et commerciaux<\/h4>\t\t\t\t<\/div>\n\t\t\t\t<\/div>\n\t\t\t\t<\/div>\n\t\t<div class=\"wd-negative-gap elementor-element elementor-element-f535b5d n_asblog e-flex e-con-boxed e-con e-child\" data-id=\"f535b5d\" data-element_type=\"container\">\n\t\t\t\t\t<div class=\"e-con-inner\">\n\t\t<div class=\"elementor-element elementor-element-b1fd6e1 e-con-full e-flex e-con e-child\" data-id=\"b1fd6e1\" data-element_type=\"container\">\n\t\t\t\t<div class=\"elementor-element elementor-element-19f61e1 color-scheme-inherit text-left elementor-widget elementor-widget-text-editor\" data-id=\"19f61e1\" data-element_type=\"widget\" data-widget_type=\"text-editor.default\">\n\t\t\t\t<div class=\"elementor-widget-container\">\n\t\t\t\t\t\t\t\t\t<p><strong>Domicile<\/strong><br>Rua dos Borneiros, 466, Apartado 529<br>4406-401 Canelas \u2013 V. N. Gaia<\/p><p><strong>Contactez-nous<\/strong><br>T\u00e9l. : +351 227 169 200*<br>T\u00e9l\u00e9copie&nbsp;: +351 227 169 212<br>Courriel : barbot.sede@barbot.pt<\/p><p><small>*appel vers le r\u00e9seau fixe national<\/small><\/p>\t\t\t\t\t\t\t\t<\/div>\n\t\t\t\t<\/div>\n\t\t\t\t<\/div>\n\t\t<div class=\"elementor-element elementor-element-2748742 e-con-full e-flex e-con e-child\" data-id=\"2748742\" data-element_type=\"container\">\n\t\t\t\t<div class=\"elementor-element elementor-element-9d9333d elementor-widget elementor-widget-html\" data-id=\"9d9333d\" data-element_type=\"widget\" data-widget_type=\"html.default\">\n\t\t\t\t<div class=\"elementor-widget-container\">\n\t\t\t\t\t<iframe src=\"https:\/\/www.google.com\/maps\/embed?pb=!1m14!1m8!1m3!1d6014.6496464816255!2d-8.610823000000002!3d41.083749!3m2!1i1024!2i768!4f13.1!3m3!1m2!1s0xd247b0152499417%3A0x120a3bcc0a85d89c!2sR.%20dos%20Borneiros%20466%2C%204410-295%20Vila%20Nova%20de%20Gaia%2C%20Portugal!5e0!3m2!1spt-PT!2sus!4v1706187717168!5m2!1spt-PT!2sus\" width=\"100%\" height=\"350\" style=\"border:0;\" allowfullscreen=\"\" loading=\"lazy\" referrerpolicy=\"no-referrer-when-downgrade\"><\/iframe>\t\t\t\t<\/div>\n\t\t\t\t<\/div>\n\t\t\t\t<\/div>\n\t\t\t\t\t<\/div>\n\t\t\t\t<\/div>\n\t\t\t\t\t<\/div>\n\t\t\t\t<\/div>\n\t\t<div class=\"wd-negative-gap elementor-element elementor-element-0125baa e-flex e-con-boxed e-con e-parent\" data-id=\"0125baa\" data-element_type=\"container\">\n\t\t\t\t\t<div class=\"e-con-inner\">\n\t\t<div class=\"elementor-element elementor-element-68b3c94 e-con-full e-flex e-con e-child\" data-id=\"68b3c94\" data-element_type=\"container\">\n\t\t\t\t<div class=\"elementor-element elementor-element-b7790db elementor-widget elementor-widget-heading\" data-id=\"b7790db\" data-element_type=\"widget\" data-widget_type=\"heading.default\">\n\t\t\t\t<div class=\"elementor-widget-container\">\n\t\t\t\t\t<h2 class=\"elementor-heading-title elementor-size-default\">Usine<\/h2>\t\t\t\t<\/div>\n\t\t\t\t<\/div>\n\t\t\t\t<div class=\"elementor-element elementor-element-6e300f6 elementor-widget elementor-widget-heading\" data-id=\"6e300f6\" data-element_type=\"widget\" data-widget_type=\"heading.default\">\n\t\t\t\t<div class=\"elementor-widget-container\">\n\t\t\t\t\t<h4 class=\"elementor-heading-title elementor-size-default\">Entrep\u00f4t central<\/h4>\t\t\t\t<\/div>\n\t\t\t\t<\/div>\n\t\t\t\t<\/div>\n\t\t<div class=\"wd-negative-gap elementor-element elementor-element-5591991 n_asblog e-flex e-con-boxed e-con e-child\" data-id=\"5591991\" data-element_type=\"container\">\n\t\t\t\t\t<div class=\"e-con-inner\">\n\t\t<div class=\"elementor-element elementor-element-19a5044 e-con-full e-flex e-con e-child\" data-id=\"19a5044\" data-element_type=\"container\">\n\t\t\t\t<div class=\"elementor-element elementor-element-d896b32 color-scheme-inherit text-left elementor-widget elementor-widget-text-editor\" data-id=\"d896b32\" data-element_type=\"widget\" data-widget_type=\"text-editor.default\">\n\t\t\t\t<div class=\"elementor-widget-container\">\n\t\t\t\t\t\t\t\t\t<p><strong>Domicile<\/strong><br>Rua dos Borneiros, 466, Apartado 529<br>4406-401 Canelas \u2013 V. N. Gaia<\/p><p><strong>Contactez-nous<\/strong><br>T\u00e9l. : +351 227 169 200*<br>T\u00e9l\u00e9copie&nbsp;: +351 227 169 218<br>Courriel : barbot.sede@barbot.pt<\/p><p><small>*appel vers le r\u00e9seau fixe national<\/small><\/p>\t\t\t\t\t\t\t\t<\/div>\n\t\t\t\t<\/div>\n\t\t\t\t<\/div>\n\t\t<div class=\"elementor-element elementor-element-8b1c769 e-con-full e-flex e-con e-child\" data-id=\"8b1c769\" data-element_type=\"container\">\n\t\t\t\t<div class=\"elementor-element elementor-element-dddc5d1 elementor-widget elementor-widget-html\" data-id=\"dddc5d1\" data-element_type=\"widget\" data-widget_type=\"html.default\">\n\t\t\t\t<div class=\"elementor-widget-container\">\n\t\t\t\t\t<iframe src=\"https:\/\/www.google.com\/maps\/embed?pb=!1m14!1m8!1m3!1d6014.6496464816255!2d-8.610823000000002!3d41.083749!3m2!1i1024!2i768!4f13.1!3m3!1m2!1s0xd247b0152499417%3A0x120a3bcc0a85d89c!2sR.%20dos%20Borneiros%20466%2C%204410-295%20Vila%20Nova%20de%20Gaia%2C%20Portugal!5e0!3m2!1spt-PT!2sus!4v1706187717168!5m2!1spt-PT!2sus\" width=\"100%\" height=\"350\" style=\"border:0;\" allowfullscreen=\"\" loading=\"lazy\" referrerpolicy=\"no-referrer-when-downgrade\"><\/iframe>\t\t\t\t<\/div>\n\t\t\t\t<\/div>\n\t\t\t\t<\/div>\n\t\t\t\t\t<\/div>\n\t\t\t\t<\/div>\n\t\t\t\t\t<\/div>\n\t\t\t\t<\/div>\n\t\t<div class=\"wd-negative-gap elementor-element elementor-element-ba3f48e e-flex e-con-boxed e-con e-parent\" data-id=\"ba3f48e\" data-element_type=\"container\">\n\t\t\t\t\t<div class=\"e-con-inner\">\n\t\t<div class=\"elementor-element elementor-element-e82afe8 e-con-full e-flex e-con e-child\" data-id=\"e82afe8\" data-element_type=\"container\">\n\t\t\t\t<div class=\"elementor-element elementor-element-5306860 elementor-widget elementor-widget-heading\" data-id=\"5306860\" data-element_type=\"widget\" data-widget_type=\"heading.default\">\n\t\t\t\t<div class=\"elementor-widget-container\">\n\t\t\t\t\t<h2 class=\"elementor-heading-title elementor-size-default\">Usine<\/h2>\t\t\t\t<\/div>\n\t\t\t\t<\/div>\n\t\t\t\t<div class=\"elementor-element elementor-element-858ae27 elementor-widget elementor-widget-heading\" data-id=\"858ae27\" data-element_type=\"widget\" data-widget_type=\"heading.default\">\n\t\t\t\t<div class=\"elementor-widget-container\">\n\t\t\t\t\t<h4 class=\"elementor-heading-title elementor-size-default\">Laborim<\/h4>\t\t\t\t<\/div>\n\t\t\t\t<\/div>\n\t\t\t\t<\/div>\n\t\t<div class=\"wd-negative-gap elementor-element elementor-element-6ccecb7 n_asblog e-flex e-con-boxed e-con e-child\" data-id=\"6ccecb7\" data-element_type=\"container\">\n\t\t\t\t\t<div class=\"e-con-inner\">\n\t\t<div class=\"elementor-element elementor-element-1649ebf e-con-full e-flex e-con e-child\" data-id=\"1649ebf\" data-element_type=\"container\">\n\t\t\t\t<div class=\"elementor-element elementor-element-a24a21b color-scheme-inherit text-left elementor-widget elementor-widget-text-editor\" data-id=\"a24a21b\" data-element_type=\"widget\" data-widget_type=\"text-editor.default\">\n\t\t\t\t<div class=\"elementor-widget-container\">\n\t\t\t\t\t\t\t\t\t<p><strong>Domicile<\/strong><br>Rua da Palmeira, 240<br>Case postale 29<br>4431-953 V.N. Gaia<\/p>\t\t\t\t\t\t\t\t<\/div>\n\t\t\t\t<\/div>\n\t\t\t\t<\/div>\n\t\t<div class=\"elementor-element elementor-element-5ee907d e-con-full e-flex e-con e-child\" data-id=\"5ee907d\" data-element_type=\"container\">\n\t\t\t\t<div class=\"elementor-element elementor-element-3cf91b8 elementor-widget elementor-widget-html\" data-id=\"3cf91b8\" data-element_type=\"widget\" data-widget_type=\"html.default\">\n\t\t\t\t<div class=\"elementor-widget-container\">\n\t\t\t\t\t<iframe src=\"https:\/\/www.google.com\/maps\/embed?pb=!1m14!1m8!1m3!1d6012.760478749294!2d-8.600762153924862!3d41.10438607982799!3m2!1i1024!2i768!4f13.1!3m3!1m2!1s0xd247b3c6dbb5b73%3A0x484d5c419569d70c!2sR.%20Palmeira%20240%2C%20Vila%20Nova%20de%20Gaia-Palmeira%2C%20Portugal!5e0!3m2!1spt-PT!2sus!4v1706188884905!5m2!1spt-PT!2sus\" width=\"100%\" height=\"350\" style=\"border:0;\" allowfullscreen=\"\" loading=\"lazy\" referrerpolicy=\"no-referrer-when-downgrade\"><\/iframe>\t\t\t\t<\/div>\n\t\t\t\t<\/div>\n\t\t\t\t<\/div>\n\t\t\t\t\t<\/div>\n\t\t\t\t<\/div>\n\t\t\t\t\t<\/div>\n\t\t\t\t<\/div>\n\t\t<div class=\"wd-negative-gap elementor-element elementor-element-ba6dc74 e-flex e-con-boxed e-con e-parent\" data-id=\"ba6dc74\" data-element_type=\"container\">\n\t\t\t\t\t<div class=\"e-con-inner\">\n\t\t<div class=\"wd-negative-gap elementor-element elementor-element-f1a4a10 e-flex e-con-boxed e-con e-child\" data-id=\"f1a4a10\" data-element_type=\"container\">\n\t\t\t\t\t<div class=\"e-con-inner\">\n\t\t<div class=\"wd-negative-gap elementor-element elementor-element-c8581d2 e-flex e-con-boxed e-con e-child\" data-id=\"c8581d2\" data-element_type=\"container\">\n\t\t\t\t\t<div class=\"e-con-inner\">\n\t\t\t\t<div class=\"elementor-element elementor-element-e85e129 elementor-widget elementor-widget-heading\" data-id=\"e85e129\" data-element_type=\"widget\" data-widget_type=\"heading.default\">\n\t\t\t\t<div class=\"elementor-widget-container\">\n\t\t\t\t\t<h3 class=\"elementor-heading-title elementor-size-default\">Barbot Angola<\/h3>\t\t\t\t<\/div>\n\t\t\t\t<\/div>\n\t\t\t\t<div class=\"elementor-element elementor-element-4dafeeb n_asblog color-scheme-inherit text-left elementor-widget elementor-widget-text-editor\" data-id=\"4dafeeb\" data-element_type=\"widget\" data-widget_type=\"text-editor.default\">\n\t\t\t\t<div class=\"elementor-widget-container\">\n\t\t\t\t\t\t\t\t\t<p><strong>Domicile<\/strong><br>Rua C\u00f3nego Manuel das Neves, N.\u00ba 53-55<br>Quartier de Kinaxixi<br>Ingombota \u2013 Luanda<\/p><p><strong>Contactez-nous<\/strong><br>T\u00e9l. : +244 921 199 998*<br>Courriel : barbot.angola@gmail.com<\/p><p><small>*Appel vers le r\u00e9seau fixe national angolais.<\/small><\/p>\t\t\t\t\t\t\t\t<\/div>\n\t\t\t\t<\/div>\n\t\t\t\t\t<\/div>\n\t\t\t\t<\/div>\n\t\t<div class=\"wd-negative-gap elementor-element elementor-element-de85a75 e-flex e-con-boxed e-con e-child\" data-id=\"de85a75\" data-element_type=\"container\">\n\t\t\t\t\t<div class=\"e-con-inner\">\n\t\t\t\t<div class=\"elementor-element elementor-element-e4d4f86 elementor-widget elementor-widget-heading\" data-id=\"e4d4f86\" data-element_type=\"widget\" data-widget_type=\"heading.default\">\n\t\t\t\t<div class=\"elementor-widget-container\">\n\t\t\t\t\t<h3 class=\"elementor-heading-title elementor-size-default\">Barbot Cap-Vert<\/h3>\t\t\t\t<\/div>\n\t\t\t\t<\/div>\n\t\t\t\t<div class=\"elementor-element elementor-element-02ce8d9 n_asblog color-scheme-inherit text-left elementor-widget elementor-widget-text-editor\" data-id=\"02ce8d9\" data-element_type=\"widget\" data-widget_type=\"text-editor.default\">\n\t\t\t\t<div class=\"elementor-widget-container\">\n\t\t\t\t\t\t\t\t\t<p><strong>Domicile<\/strong><br>Z. I. Achada Grande Frente \u2013 CP 314 \u2013 A<br>Ville de Praia \u2013 \u00cele de Santiago<\/p><p><strong>Contactez-nous<\/strong><br>T\u00e9l. : +238 2600740\/41\/42*<br>T\u00e9l\u00e9copie&nbsp;: +238 2631141<br>Courriel : caboverde@barbot.pt<\/p><p><small>*Appel vers le r\u00e9seau fixe national du Cap-Vert.<\/small><\/p>\t\t\t\t\t\t\t\t<\/div>\n\t\t\t\t<\/div>\n\t\t\t\t\t<\/div>\n\t\t\t\t<\/div>\n\t\t<div class=\"wd-negative-gap elementor-element elementor-element-bf072ba e-flex e-con-boxed e-con e-child\" data-id=\"bf072ba\" data-element_type=\"container\">\n\t\t\t\t\t<div class=\"e-con-inner\">\n\t\t\t\t<div class=\"elementor-element elementor-element-a2c3e75 elementor-widget elementor-widget-heading\" data-id=\"a2c3e75\" data-element_type=\"widget\" data-widget_type=\"heading.default\">\n\t\t\t\t<div class=\"elementor-widget-container\">\n\t\t\t\t\t<h3 class=\"elementor-heading-title elementor-size-default\">Barbot Cap-Vert<\/h3>\t\t\t\t<\/div>\n\t\t\t\t<\/div>\n\t\t\t\t<div class=\"elementor-element elementor-element-9a9350a n_asblog color-scheme-inherit text-left elementor-widget elementor-widget-text-editor\" data-id=\"9a9350a\" data-element_type=\"widget\" data-widget_type=\"text-editor.default\">\n\t\t\t\t<div class=\"elementor-widget-container\">\n\t\t\t\t\t\t\t\t\t<p><strong>Domicile<\/strong><br>Av. 185<br>Alto Ma\u00e9 \u2013 Maputo<\/p><p><strong>Contactez-nous<\/strong><br>T\u00e9l. : +258 827 843 857*<br>Courriel : caboverde@barbot.pt<\/p><p><small>*Appel vers le fixe national mozambicain.<\/small><\/p>\t\t\t\t\t\t\t\t<\/div>\n\t\t\t\t<\/div>\n\t\t\t\t\t<\/div>\n\t\t\t\t<\/div>\n\t\t\t\t\t<\/div>\n\t\t\t\t<\/div>\n\t\t\t\t\t<\/div>\n\t\t\t\t<\/div>\n\t\t\t\t<\/div>\n\t\t","protected":false},"excerpt":{"rendered":"<p>Soif Services administratifs et commerciaux DomicileRua dos Borneiros, 466, Apartado 5294406-401 Canelas \u2013 V. N. Gaia Contactez-nousT\u00e9l. : +351 227<\/p>\n","protected":false},"author":1,"featured_media":0,"parent":478235,"menu_order":0,"comment_status":"closed","ping_status":"closed","template":"","meta":{"_acf_changed":false,"_seopress_robots_primary_cat":"","_seopress_titles_title":"","_seopress_titles_desc":"","_seopress_robots_index":"","footnotes":""},"class_list":["post-478248","page","type-page","status-publish","hentry"],"acf":[],"_links":{"self":[{"href":"https:\/\/roomvo.50g.io\/fr\/wp-json\/wp\/v2\/pages\/478248","targetHints":{"allow":["GET"]}}],"collection":[{"href":"https:\/\/roomvo.50g.io\/fr\/wp-json\/wp\/v2\/pages"}],"about":[{"href":"https:\/\/roomvo.50g.io\/fr\/wp-json\/wp\/v2\/types\/page"}],"author":[{"embeddable":true,"href":"https:\/\/roomvo.50g.io\/fr\/wp-json\/wp\/v2\/users\/1"}],"replies":[{"embeddable":true,"href":"https:\/\/roomvo.50g.io\/fr\/wp-json\/wp\/v2\/comments?post=478248"}],"version-history":[{"count":0,"href":"https:\/\/roomvo.50g.io\/fr\/wp-json\/wp\/v2\/pages\/478248\/revisions"}],"up":[{"embeddable":true,"href":"https:\/\/roomvo.50g.io\/fr\/wp-json\/wp\/v2\/pages\/478235"}],"wp:attachment":[{"href":"https:\/\/roomvo.50g.io\/fr\/wp-json\/wp\/v2\/media?parent=478248"}],"curies":[{"name":"wp","href":"https:\/\/api.w.org\/{rel}","templated":true}]}}