{"id":478270,"date":"2024-01-26T21:33:45","date_gmt":"2024-01-26T21:33:45","guid":{"rendered":"https:\/\/roomvo.50g.io\/rgpd-2\/"},"modified":"2025-07-03T17:34:52","modified_gmt":"2025-07-03T16:34:52","slug":"rgpd-fr","status":"publish","type":"page","link":"https:\/\/roomvo.50g.io\/fr\/rgpd-fr\/","title":{"rendered":"Le RGPD"},"content":{"rendered":"\t\t<div data-elementor-type=\"wp-page\" data-elementor-id=\"478270\" class=\"elementor elementor-478270 elementor-1695\" data-elementor-post-type=\"page\">\n\t\t\t\t<div class=\"wd-negative-gap elementor-element elementor-element-0ddf7bb e-flex e-con-boxed e-con e-parent\" data-id=\"0ddf7bb\" data-element_type=\"container\">\n\t\t\t\t\t<div class=\"e-con-inner\">\n\t\t\t\t<div class=\"elementor-element elementor-element-46542dc elementor-widget elementor-widget-template\" data-id=\"46542dc\" data-element_type=\"widget\" data-widget_type=\"template.default\">\n\t\t\t\t<div class=\"elementor-widget-container\">\n\t\t\t\t\t\t\t<div class=\"elementor-template\">\n\t\t\t\t\t<div data-elementor-type=\"container\" data-elementor-id=\"478198\" class=\"elementor elementor-478198 elementor-1462\" data-elementor-post-type=\"elementor_library\">\n\t\t\t\t<div data-dce-background-image-url=\"https:\/\/roomvo.50g.io\/wp-content\/uploads\/2024\/01\/title-yellow_v2.png\" class=\"wd-negative-gap elementor-element elementor-element-590b0920 wd-section-stretch n_title e-flex e-con-boxed e-con e-parent\" data-id=\"590b0920\" data-element_type=\"container\" data-settings=\"{&quot;background_background&quot;:&quot;classic&quot;}\">\n\t\t\t\t\t<div class=\"e-con-inner\">\n\t\t<div class=\"wd-negative-gap elementor-element elementor-element-59bb3b3e e-flex e-con-boxed e-con e-child\" data-id=\"59bb3b3e\" data-element_type=\"container\">\n\t\t\t\t\t<div class=\"e-con-inner\">\n\t\t\t\t<div class=\"elementor-element elementor-element-20b9d1f4 elementor-widget elementor-widget-heading\" data-id=\"20b9d1f4\" data-element_type=\"widget\" data-widget_type=\"heading.default\">\n\t\t\t\t<div class=\"elementor-widget-container\">\n\t\t\t\t\t<h1 class=\"elementor-heading-title elementor-size-default\">Le RGPD<\/h1>\t\t\t\t<\/div>\n\t\t\t\t<\/div>\n\t\t\t\t\t<\/div>\n\t\t\t\t<\/div>\n\t\t\t\t\t<\/div>\n\t\t\t\t<\/div>\n\t\t\t\t<\/div>\n\t\t\t\t<\/div>\n\t\t\t\t\t\t<\/div>\n\t\t\t\t<\/div>\n\t\t\t\t\t<\/div>\n\t\t\t\t<\/div>\n\t\t<div class=\"wd-negative-gap elementor-element elementor-element-e943e0f e-flex e-con-boxed e-con e-parent\" data-id=\"e943e0f\" data-element_type=\"container\">\n\t\t\t\t\t<div class=\"e-con-inner\">\n\t\t<div class=\"elementor-element elementor-element-9121938 e-con-full e-flex e-con e-child\" data-id=\"9121938\" data-element_type=\"container\">\n\t\t\t\t<div class=\"elementor-element elementor-element-d989e07 color-scheme-inherit text-left elementor-widget elementor-widget-text-editor\" data-id=\"d989e07\" data-element_type=\"widget\" data-widget_type=\"text-editor.default\">\n\t\t\t\t<div class=\"elementor-widget-container\">\n\t\t\t\t\t\t\t\t\t<p>La protection des personnes physiques \u00e0 l\u2019\u00e9gard du traitement des donn\u00e9es \u00e0 caract\u00e8re personnel est un droit fondamental.<\/p><p>Les principes et r\u00e8gles relatifs \u00e0 la protection des personnes \u00e0 l\u2019\u00e9gard du traitement de leurs donn\u00e9es \u00e0 caract\u00e8re personnel devraient respecter, ind\u00e9pendamment de leur nationalit\u00e9 ou de leur lieu de r\u00e9sidence, leurs droits et libert\u00e9s fondamentaux. C\u2019est ainsi que le R.G.P.D. a \u00e9t\u00e9 con\u00e7u dans le but de contribuer \u00e0 la r\u00e9alisation d\u2019un espace de libert\u00e9, de s\u00e9curit\u00e9 et de justice et d\u2019union \u00e9conomique, au progr\u00e8s \u00e9conomique et social, \u00e0 la consolidation et \u00e0 la convergence des \u00e9conomies au niveau du march\u00e9 int\u00e9rieur et au bien-\u00eatre des personnes physiques. <\/p><p>Le nouveau R.G.P.D. entrera en vigueur dans toute l\u2019Union europ\u00e9enne, au Liechtenstein, en Norv\u00e8ge et en Islande le 25 mai 2018.<br>Afin d\u2019assurer le maintien du partenariat \u00e9troit entre \u00ab Barbot \u2013 Ind\u00fastria de Tintas, S.A. \u00bb, ses clients et toutes les autres parties int\u00e9ress\u00e9es, il est donc n\u00e9cessaire de mettre \u00e0 jour la politique de traitement des donn\u00e9es de l\u2019entreprise.<\/p><p>Nous assurons un traitement l\u00e9gal, \u00e9quitable et transparent et dans le plus strict respect du respect de la l\u00e9gislation en vigueur.<br>Pour que le traitement des donn\u00e9es \u00e0 caract\u00e8re personnel soit licite, il doit, entre autres motifs (y compris l\u2019existence et le maintien d\u2019une relation contractuelle), \u00eatre effectu\u00e9 sur la base du consentement de la personne concern\u00e9e. Le consentement doit donc \u00eatre une manifestation libre, sp\u00e9cifique, \u00e9clair\u00e9e et explicite de votre volont\u00e9. Ainsi, et \u00e0 toutes fins l\u00e9gales et l\u00e9gitimes, \u00ab Barbot \u2013 Ind\u00fastria de Tintas, S.A. \u00bb informe que :  <\/p><p><strong>a)<\/strong> il est responsable de la collecte et du traitement des donn\u00e9es et peut \u00eatre contact\u00e9 par e-mail <a href=\"mailto:rgpd@barbot.pt\">rgpd@barbot.pt<\/a> ou au 227 169 200 ;<\/p><p><strong>b)<\/strong> les donn\u00e9es collect\u00e9es sont destin\u00e9es \u00e0 \u00eatre utilis\u00e9es \u00e0 des fins de marketing (par exemple, pour envoyer des invitations \u00e0 participer \u00e0 des \u00e9v\u00e9nements ou des campagnes, pour envoyer des newsletters, pour envoyer de la correspondance publicitaire et promotionnelle, etc.), pour le suivi apr\u00e8s-vente, \u00e0 des fins d\u2019analyses statistiques, d\u2019enqu\u00eates et d\u2019\u00e9tudes de march\u00e9 et pour des questionnaires sur la qualit\u00e9 de nos services ;<\/p><p><strong>c)<\/strong> vous n\u2019avez pas l\u2019intention de transf\u00e9rer les donn\u00e9es personnelles vers un pays tiers ou vers une organisation nationale ou internationale qui ne fait pas partie de votre groupe d\u2019entreprises ;<\/p><p><strong>d)<\/strong> les donn\u00e9es personnelles collect\u00e9es seront utilis\u00e9es au moment et aussi longtemps que le consentement donn\u00e9 par le titulaire est maintenu, tant que la relation contractuelle est maintenue ou tant qu\u2019il est n\u00e9cessaire de les conserver pour se conformer aux obligations l\u00e9gales ;<\/p><p><strong>e)<\/strong> La personne concern\u00e9e peut demander l\u2019acc\u00e8s \u00e0 ses donn\u00e9es personnelles, ainsi que leur rectification, leur suppression ou la limitation du traitement ;<\/p><p><strong>f)<\/strong> \u00e0 tout moment, la personne concern\u00e9e peut retirer son consentement au traitement des donn\u00e9es, sans toutefois compromettre la lic\u00e9it\u00e9 du traitement d\u00e9j\u00e0 effectu\u00e9 sur la base du consentement pr\u00e9alable ;<\/p><p><strong>g)<\/strong> conform\u00e9ment \u00e0 une d\u00e9cision l\u00e9gale, il peut \u00eatre tenu de fournir des donn\u00e9es personnelles ;<\/p><p><strong>h)<\/strong> la Commission nationale pour la protection des donn\u00e9es (C.N.P.D.) est l\u2019entit\u00e9 charg\u00e9e d\u2019\u00e9valuer une \u00e9ventuelle plainte concernant le traitement des donn\u00e9es \u00e0 caract\u00e8re personnel ;<\/p><p><strong>i)<\/strong> le retrait du consentement au traitement des donn\u00e9es, ainsi que la demande d\u2019acc\u00e8s aux donn\u00e9es personnelles, leur rectification, leur suppression ou la limitation du traitement doivent \u00eatre formul\u00e9s pour <a href=\"mailto:rgpd@barbot.pt\">rgpd@barbot.pt<\/a> ;<\/p><p>\u00ab Barbot \u2013 Ind\u00fastria de Tintas, S.A. \u00bb esp\u00e8re continuer \u00e0 d\u00e9velopper une logique de dynamique permanente et d\u2019investissement dans les meilleures technologies et produits, c\u2019est pourquoi nous avons la volont\u00e9 de continuer \u00e0 investir dans une relation de plus en plus \u00e9troite avec tous nos interlocuteurs.<\/p><p>Merci!<\/p><p>L\u2019\u00e9quipe Barbot<\/p>\t\t\t\t\t\t\t\t<\/div>\n\t\t\t\t<\/div>\n\t\t\t\t<\/div>\n\t\t\t\t\t<\/div>\n\t\t\t\t<\/div>\n\t\t\t\t<\/div>\n\t\t","protected":false},"excerpt":{"rendered":"<p>La protection des personnes physiques \u00e0 l\u2019\u00e9gard du traitement des donn\u00e9es \u00e0 caract\u00e8re personnel est un droit fondamental. Les principes<\/p>\n","protected":false},"author":1,"featured_media":0,"parent":0,"menu_order":0,"comment_status":"closed","ping_status":"closed","template":"","meta":{"_acf_changed":false,"_seopress_robots_primary_cat":"","_seopress_titles_title":"","_seopress_titles_desc":"","_seopress_robots_index":"","footnotes":""},"class_list":["post-478270","page","type-page","status-publish","hentry"],"acf":[],"_links":{"self":[{"href":"https:\/\/roomvo.50g.io\/fr\/wp-json\/wp\/v2\/pages\/478270","targetHints":{"allow":["GET"]}}],"collection":[{"href":"https:\/\/roomvo.50g.io\/fr\/wp-json\/wp\/v2\/pages"}],"about":[{"href":"https:\/\/roomvo.50g.io\/fr\/wp-json\/wp\/v2\/types\/page"}],"author":[{"embeddable":true,"href":"https:\/\/roomvo.50g.io\/fr\/wp-json\/wp\/v2\/users\/1"}],"replies":[{"embeddable":true,"href":"https:\/\/roomvo.50g.io\/fr\/wp-json\/wp\/v2\/comments?post=478270"}],"version-history":[{"count":0,"href":"https:\/\/roomvo.50g.io\/fr\/wp-json\/wp\/v2\/pages\/478270\/revisions"}],"wp:attachment":[{"href":"https:\/\/roomvo.50g.io\/fr\/wp-json\/wp\/v2\/media?parent=478270"}],"curies":[{"name":"wp","href":"https:\/\/api.w.org\/{rel}","templated":true}]}}