{"id":478272,"date":"2024-01-27T00:05:51","date_gmt":"2024-01-27T00:05:51","guid":{"rendered":"https:\/\/roomvo.50g.io\/differends\/"},"modified":"2025-05-05T15:38:16","modified_gmt":"2025-05-05T14:38:16","slug":"differends","status":"publish","type":"page","link":"https:\/\/roomvo.50g.io\/fr\/differends\/","title":{"rendered":"Modes alternatifs de r\u00e9solution des litiges"},"content":{"rendered":"\t\t<div data-elementor-type=\"wp-page\" data-elementor-id=\"478272\" class=\"elementor elementor-478272 elementor-1709\" data-elementor-post-type=\"page\">\n\t\t\t\t<div class=\"wd-negative-gap elementor-element elementor-element-0ddf7bb e-flex e-con-boxed e-con e-parent\" data-id=\"0ddf7bb\" data-element_type=\"container\">\n\t\t\t\t\t<div class=\"e-con-inner\">\n\t\t\t\t<div class=\"elementor-element elementor-element-46542dc elementor-widget elementor-widget-template\" data-id=\"46542dc\" data-element_type=\"widget\" data-widget_type=\"template.default\">\n\t\t\t\t<div class=\"elementor-widget-container\">\n\t\t\t\t\t\t\t<div class=\"elementor-template\">\n\t\t\t\t\t<div data-elementor-type=\"container\" data-elementor-id=\"478198\" class=\"elementor elementor-478198 elementor-1462\" data-elementor-post-type=\"elementor_library\">\n\t\t\t\t<div data-dce-background-image-url=\"https:\/\/roomvo.50g.io\/wp-content\/uploads\/2024\/01\/title-yellow_v2.png\" class=\"wd-negative-gap elementor-element elementor-element-590b0920 wd-section-stretch n_title e-flex e-con-boxed e-con e-parent\" data-id=\"590b0920\" data-element_type=\"container\" data-settings=\"{&quot;background_background&quot;:&quot;classic&quot;}\">\n\t\t\t\t\t<div class=\"e-con-inner\">\n\t\t<div class=\"wd-negative-gap elementor-element elementor-element-59bb3b3e e-flex e-con-boxed e-con e-child\" data-id=\"59bb3b3e\" data-element_type=\"container\">\n\t\t\t\t\t<div class=\"e-con-inner\">\n\t\t\t\t<div class=\"elementor-element elementor-element-20b9d1f4 elementor-widget elementor-widget-heading\" data-id=\"20b9d1f4\" data-element_type=\"widget\" data-widget_type=\"heading.default\">\n\t\t\t\t<div class=\"elementor-widget-container\">\n\t\t\t\t\t<h1 class=\"elementor-heading-title elementor-size-default\">R\u00e9solution des litiges<\/h1>\t\t\t\t<\/div>\n\t\t\t\t<\/div>\n\t\t\t\t\t<\/div>\n\t\t\t\t<\/div>\n\t\t\t\t\t<\/div>\n\t\t\t\t<\/div>\n\t\t\t\t<\/div>\n\t\t\t\t<\/div>\n\t\t\t\t\t\t<\/div>\n\t\t\t\t<\/div>\n\t\t\t\t\t<\/div>\n\t\t\t\t<\/div>\n\t\t<div class=\"wd-negative-gap elementor-element elementor-element-e943e0f e-flex e-con-boxed e-con e-parent\" data-id=\"e943e0f\" data-element_type=\"container\">\n\t\t\t\t\t<div class=\"e-con-inner\">\n\t\t<div class=\"elementor-element elementor-element-9121938 e-con-full e-flex e-con e-child\" data-id=\"9121938\" data-element_type=\"container\">\n\t\t\t\t<div class=\"elementor-element elementor-element-d989e07 color-scheme-inherit text-left elementor-widget elementor-widget-text-editor\" data-id=\"d989e07\" data-element_type=\"widget\" data-widget_type=\"text-editor.default\">\n\t\t\t\t<div class=\"elementor-widget-container\">\n\t\t\t\t\t\t\t\t\t<p>Pour la r\u00e9solution de tout litige qui pourrait survenir, le Tribunal judiciaire de l\u2019arrondissement de Porto est comp\u00e9tent, avec renonciation expresse \u00e0 tout autre.<\/p><p>Sans pr\u00e9judice des dispositions de l\u2019alin\u00e9a pr\u00e9c\u00e9dent, tout litige peut \u00eatre trait\u00e9 dans le cadre du R\u00e8glement Alternatif des Litiges de Consommation, et le CLIENT peut recourir aux entit\u00e9s existantes, \u00e0 savoir :<\/p><p>Centres d\u2019information et d\u2019arbitrage pour les conflits de consommation de Vale do Ave&nbsp;; Vall\u00e9e de C\u00e1vado ; Port; Coimbra; Lisbonne; Algarve ou Nacional (e-mail : geral@cniacc.pt), dont les contacts peuvent \u00eatre indiqu\u00e9s \u00e0 l\u2019adresse suivante : <a href=\"https&nbsp;:\/www.consumidor.gov.pt\/parceiros \/ sistema-de-defesa-do-&nbsp;%20consumidor\/entidades-de-resolucao-alternativa-de-litigios-de-consumo\/ral-mapa-e-lista-de-entidades.aspx\" data-wplink-url-error=\"true\">https&nbsp;:\/www.consumidor.gov.pt<\/a> ou <a href=\"http:\/\/www.arbitragemdeconsumo.org\">www.arbitragemdeconsumo.org<\/a>, ou par t\u00e9l\u00e9phone au +351 213 564 650.<\/p>\t\t\t\t\t\t\t\t<\/div>\n\t\t\t\t<\/div>\n\t\t\t\t<\/div>\n\t\t\t\t\t<\/div>\n\t\t\t\t<\/div>\n\t\t\t\t<\/div>\n\t\t","protected":false},"excerpt":{"rendered":"<p>Pour la r\u00e9solution de tout litige qui pourrait survenir, le Tribunal judiciaire de l\u2019arrondissement de Porto est comp\u00e9tent, avec renonciation<\/p>\n","protected":false},"author":1,"featured_media":0,"parent":0,"menu_order":0,"comment_status":"closed","ping_status":"closed","template":"","meta":{"_acf_changed":false,"_seopress_robots_primary_cat":"","_seopress_titles_title":"","_seopress_titles_desc":"","_seopress_robots_index":"","footnotes":""},"class_list":["post-478272","page","type-page","status-publish","hentry"],"acf":[],"_links":{"self":[{"href":"https:\/\/roomvo.50g.io\/fr\/wp-json\/wp\/v2\/pages\/478272","targetHints":{"allow":["GET"]}}],"collection":[{"href":"https:\/\/roomvo.50g.io\/fr\/wp-json\/wp\/v2\/pages"}],"about":[{"href":"https:\/\/roomvo.50g.io\/fr\/wp-json\/wp\/v2\/types\/page"}],"author":[{"embeddable":true,"href":"https:\/\/roomvo.50g.io\/fr\/wp-json\/wp\/v2\/users\/1"}],"replies":[{"embeddable":true,"href":"https:\/\/roomvo.50g.io\/fr\/wp-json\/wp\/v2\/comments?post=478272"}],"version-history":[{"count":0,"href":"https:\/\/roomvo.50g.io\/fr\/wp-json\/wp\/v2\/pages\/478272\/revisions"}],"wp:attachment":[{"href":"https:\/\/roomvo.50g.io\/fr\/wp-json\/wp\/v2\/media?parent=478272"}],"curies":[{"name":"wp","href":"https:\/\/api.w.org\/{rel}","templated":true}]}}