{"id":482482,"date":"2024-01-26T19:28:11","date_gmt":"2024-01-26T19:28:11","guid":{"rendered":"https:\/\/roomvo.50g.io\/vie-privee\/"},"modified":"2025-07-06T17:06:25","modified_gmt":"2025-07-06T16:06:25","slug":"vie-privee","status":"publish","type":"page","link":"https:\/\/roomvo.50g.io\/fr\/vie-privee\/","title":{"rendered":"Politique de confidentialit\u00e9"},"content":{"rendered":"\t\t<div data-elementor-type=\"wp-page\" data-elementor-id=\"482482\" class=\"elementor elementor-482482 elementor-1667\" data-elementor-post-type=\"page\">\n\t\t\t\t<div class=\"wd-negative-gap elementor-element elementor-element-0ddf7bb e-flex e-con-boxed e-con e-parent\" data-id=\"0ddf7bb\" data-element_type=\"container\">\n\t\t\t\t\t<div class=\"e-con-inner\">\n\t\t\t\t<div class=\"elementor-element elementor-element-46542dc elementor-widget elementor-widget-template\" data-id=\"46542dc\" data-element_type=\"widget\" data-widget_type=\"template.default\">\n\t\t\t\t<div class=\"elementor-widget-container\">\n\t\t\t\t\t\t\t<div class=\"elementor-template\">\n\t\t\t\t\t<div data-elementor-type=\"container\" data-elementor-id=\"478198\" class=\"elementor elementor-478198 elementor-1462\" data-elementor-post-type=\"elementor_library\">\n\t\t\t\t<div data-dce-background-image-url=\"https:\/\/roomvo.50g.io\/wp-content\/uploads\/2024\/01\/title-yellow_v2.png\" class=\"wd-negative-gap elementor-element elementor-element-590b0920 wd-section-stretch n_title e-flex e-con-boxed e-con e-parent\" data-id=\"590b0920\" data-element_type=\"container\" data-settings=\"{&quot;background_background&quot;:&quot;classic&quot;}\">\n\t\t\t\t\t<div class=\"e-con-inner\">\n\t\t<div class=\"wd-negative-gap elementor-element elementor-element-59bb3b3e e-flex e-con-boxed e-con e-child\" data-id=\"59bb3b3e\" data-element_type=\"container\">\n\t\t\t\t\t<div class=\"e-con-inner\">\n\t\t\t\t<div class=\"elementor-element elementor-element-20b9d1f4 elementor-widget elementor-widget-heading\" data-id=\"20b9d1f4\" data-element_type=\"widget\" data-widget_type=\"heading.default\">\n\t\t\t\t<div class=\"elementor-widget-container\">\n\t\t\t\t\t<h1 class=\"elementor-heading-title elementor-size-default\">Politique de confidentialit\u00e9<\/h1>\t\t\t\t<\/div>\n\t\t\t\t<\/div>\n\t\t\t\t\t<\/div>\n\t\t\t\t<\/div>\n\t\t\t\t\t<\/div>\n\t\t\t\t<\/div>\n\t\t\t\t<\/div>\n\t\t\t\t<\/div>\n\t\t\t\t\t\t<\/div>\n\t\t\t\t<\/div>\n\t\t\t\t\t<\/div>\n\t\t\t\t<\/div>\n\t\t<div class=\"wd-negative-gap elementor-element elementor-element-e943e0f e-flex e-con-boxed e-con e-parent\" data-id=\"e943e0f\" data-element_type=\"container\">\n\t\t\t\t\t<div class=\"e-con-inner\">\n\t\t<div class=\"elementor-element elementor-element-9121938 e-con-full e-flex e-con e-child\" data-id=\"9121938\" data-element_type=\"container\">\n\t\t\t\t<div class=\"elementor-element elementor-element-d989e07 color-scheme-inherit text-left elementor-widget elementor-widget-text-editor\" data-id=\"d989e07\" data-element_type=\"widget\" data-widget_type=\"text-editor.default\">\n\t\t\t\t<div class=\"elementor-widget-container\">\n\t\t\t\t\t\t\t\t\t<p>La protection du traitement des donn\u00e9es personnelles des individus est un droit fondamental, c\u2019est pourquoi nous respectons et nous soucions de leur vie priv\u00e9e.<\/p><p>Dans cette optique, \u00ab Barbot \u00bb \u0153uvre au quotidien et s\u2019engage \u00e0 apporter \u00e0 ses clients et utilisateurs de ses services un engagement renforc\u00e9 dans la sauvegarde de la confidentialit\u00e9 des donn\u00e9es personnelles.<\/p><p>Ainsi, et \u00e0 travers la pr\u00e9sente \u00ab politique de confidentialit\u00e9 \u00bb, \u00ab Barbot \u00bb entend d\u00e9crire comment elle traite les donn\u00e9es personnelles de ses clients et des utilisateurs de ses services ; Il souhaite \u00e9galement informer les titulaires de ces donn\u00e9es personnelles sur les droits dont ils jouissent.<\/p><p>Cela dit, et conform\u00e9ment aux dispositions du R\u00e8glement G\u00e9n\u00e9ral sur la Protection des Donn\u00e9es (ci-apr\u00e8s R.G.P.D.), nous vous informons que les donn\u00e9es personnelles collect\u00e9es seront trait\u00e9es et stock\u00e9es par <em>\u00ab Barbot \u2013 Ind\u00fastria de Tintas, S.A. \u00bb,<\/em> personne morale immatricul\u00e9e 500 527 520, dont le si\u00e8ge social est situ\u00e9 Rua de Borneiros, n.\u00ba 466, 4410-295 Canelas (Vila Nova de Gaia),  \u00e9galement connu sous le nom de \u00ab&nbsp;Barbot&nbsp;\u00bb. Cette soci\u00e9t\u00e9 est donc le responsable du traitement de ces donn\u00e9es \u00e0 caract\u00e8re personnel.<\/p><p>Par cons\u00e9quent, et pour toute question relative au traitement de vos donn\u00e9es personnelles, vous devez nous contacter par les moyens suivants :<br>T\u00e9l\u00e9phone&nbsp;: 227 169 200&nbsp;;<br>Adresse&nbsp;: Rua de Borneiros, n.\u00ba 466, 4410-295 Canelas (Vila Nova de Gaia)&nbsp;;<br>Courriel : <a href=\"mailto:rgpd@barbot.pt\">rgpd@barbot.pt<\/a><\/p><p>Les donn\u00e9es qualifi\u00e9es de personnelles dans le champ d\u2019application du R.G.P.D., sont collect\u00e9es et trait\u00e9es par \u00ab Barbot \u00bb pour les finalit\u00e9s suivantes :<\/p><ul><li>Gestion de la client\u00e8le : \u00ab Barbot \u00bb se consacre \u00e0 la fabrication et \u00e0 la commercialisation de peintures, vernis et accessoires de peinture, \u00e0 la vente, \u00e0 la location et \u00e0 la mise \u00e0 disposition d\u2019\u00e9quipements et de technologies, \u00e0 la fourniture de services et de formations. Le traitement des donn\u00e9es \u00e0 caract\u00e8re personnel est donc n\u00e9cessaire \u00e0 l\u2019ex\u00e9cution des contrats \u00e0 conclure entre vous et \u00ab Barbot \u00bb ou \u00e0 l\u2019ex\u00e9cution d\u2019\u00e9tapes pr\u00e9contractuelles \u00e0 votre demande. <\/li><\/ul><p>Vos donn\u00e9es seront conserv\u00e9es \u00e0 cette fin aussi longtemps que la base pour laquelle elles ont \u00e9t\u00e9 collect\u00e9es subsiste et\/ou jusqu\u2019\u00e0 2 ans d\u2019inactivit\u00e9 apr\u00e8s la conclusion du dernier contrat.<\/p><ul><li>Marketing : \u00ab Barbot \u00bb peut traiter vos donn\u00e9es pour vous envoyer des informations sur ses produits et services.<\/li><\/ul><p>Ce traitement de donn\u00e9es ne sera effectu\u00e9 qu\u2019avec votre consentement, fourni au moment de l\u2019inscription \u00e0 la newsletter via le formulaire. Si vous y consentez, vous recevrez des communications marketing par e-mail. \u00ab Barbot \u00bb peut \u00e9galement partager vos donn\u00e9es avec des tiers qui g\u00e8rent les r\u00e9seaux sociaux (tels que Facebook, Linkedin, Twitter, Instagram, etc&#8230;), dans le but de r\u00e9aliser des campagnes de marketing \u00e0 travers ces m\u00eames r\u00e9seaux sociaux.  <\/p><p>Le consentement au traitement des donn\u00e9es personnelles \u00e0 des fins de marketing direct peut \u00eatre r\u00e9voqu\u00e9 \u00e0 tout moment et par les moyens les mieux d\u00e9crits ci-dessous.<\/p><p>Vos donn\u00e9es seront conserv\u00e9es \u00e0 cette fin jusqu\u2019\u00e0 2 ans apr\u00e8s la derni\u00e8re activit\u00e9 \u00e0 laquelle vous avez particip\u00e9.<\/p><ul><li>Profilage : \u00ab Barbot \u00bb peut effectuer un profilage bas\u00e9 sur des informations relatives \u00e0 vos achats. Les informations collect\u00e9es seront analys\u00e9es pour identifier votre profil de consommation et gr\u00e2ce \u00e0 cette analyse, \u00ab Barbot \u00bb sera en mesure de vous envoyer des informations personnalis\u00e9es et appropri\u00e9es \u00e0 votre profil. <\/li><\/ul><p>Vos donn\u00e9es seront conserv\u00e9es \u00e0 cette fin jusqu\u2019\u00e0 2 ans apr\u00e8s la derni\u00e8re activit\u00e9 \u00e0 laquelle vous avez particip\u00e9.<\/p><ul><li>Vid\u00e9osurveillance de nos magasins : Certains magasins \u00ab Barbot \u00bb peuvent \u00eatre \u00e9quip\u00e9s d\u2019un syst\u00e8me de vid\u00e9osurveillance, d\u00fbment signal\u00e9.<\/li><\/ul><p>Les enregistrements d\u2019images obtenus par les syst\u00e8mes de vid\u00e9osurveillance sont conserv\u00e9s, dans un enregistrement crypt\u00e9, pendant une p\u00e9riode de 30 jours \u00e0 compter de leur capture, apr\u00e8s quoi ils sont d\u00e9truits (sans pr\u00e9judice de la conservation pendant une p\u00e9riode plus longue en cas de proc\u00e9dure judiciaire en cours) ;<\/p><ul><li>Gestion des loisirs : \u00ab&nbsp;Barbot&nbsp;\u00bb favorise la r\u00e9alisation des loisirs. Dans ces cas, le traitement des donn\u00e9es personnelles est effectu\u00e9 dans le but de permettre la gestion de la participation du client, c\u2019est-\u00e0-dire l\u2019ex\u00e9cution du contrat conclu entre vous et \u00ab Barbot \u00bb (dont les r\u00e8gles sont contenues dans la r\u00e9glementation applicable \u00e0 chaque concours). <\/li><\/ul><p>Vos donn\u00e9es ne seront conserv\u00e9es \u00e0 cette fin que pour la dur\u00e9e n\u00e9cessaire \u00e0 la gestion du concours.<\/p><ul><li>Suivi apr\u00e8s-vente : Pendant la p\u00e9riode de garantie l\u00e9gale impos\u00e9e par la l\u00e9gislation portugaise et europ\u00e9enne, \u00ab&nbsp;Barbot&nbsp;\u00bb effectuera le suivi apr\u00e8s-vente comp\u00e9tent des produits fabriqu\u00e9s et commercialis\u00e9s par celle-ci ; C\u2019est-\u00e0-dire qu\u2019il effectuera toutes sortes d\u2019activit\u00e9s n\u00e9cessaires pour assurer le bon fonctionnement de ses produits et\/ou garantir la qualit\u00e9 effective dans la fourniture de ses services.<\/li><\/ul><p>Vos donn\u00e9es seront conserv\u00e9es jusqu\u2019\u00e0 5 ans d\u2019inactivit\u00e9 apr\u00e8s la conclusion du dernier contrat.<\/p><ul><li>Recrutement : chaque fois que n\u00e9cessaire \u00e0 la poursuite de son activit\u00e9, \u00ab Barbot \u00bb favorisera le recrutement de personnel. Dans ce cadre, la collecte des donn\u00e9es personnelles est effectu\u00e9e dans le cadre d\u2019une diligence pr\u00e9contractuelle et le traitement est n\u00e9cessaire \u00e0 la d\u00e9fense des int\u00e9r\u00eats l\u00e9gitimes du titulaire lui-m\u00eame et de \u00ab Barbot \u00bb (responsable de traitement). <\/li><\/ul><p>Les donn\u00e9es collect\u00e9es sont donc destin\u00e9es \u00e0 \u00eatre utilis\u00e9es pour \u00e9valuer si les candidats sont aptes \u00e0 occuper le poste annonc\u00e9 et pour le calcul pr\u00e9liminaire de la r\u00e9mun\u00e9ration, des primes et des avantages des candidats admis au recrutement.<\/p><p>Les donn\u00e9es personnelles collect\u00e9es seront utilis\u00e9es aussi longtemps qu\u2019il sera n\u00e9cessaire de les conserver aux fins pour lesquelles elles sont collect\u00e9es ou pour se conformer aux obligations l\u00e9gales.<\/p><p>Compte tenu des finalit\u00e9s pour lesquelles les donn\u00e9es personnelles sont collect\u00e9es et comme d\u00e9j\u00e0 mentionn\u00e9, il est important de noter que vos informations personnelles peuvent \u00eatre amen\u00e9es \u00e0 \u00eatre divulgu\u00e9es \u00e0 des sous-traitants, \u00e0 savoir :<\/p><p>\u2013 au sein du Groupe d\u2019Activit\u00e9s \u00ab Barbot \u00bb ;<\/p><p>\u2013 aux entit\u00e9s exploitant des services\/produits de transport de marchandises du groupe \u00ab Barbot \u00bb.<\/p><p>\u2013 \u00e0 des prestataires de services tiers, car, dans certaines circonstances, \u00ab Barbot \u00bb peut \u00eatre amen\u00e9 \u00e0 sous-traiter d\u2019autres soci\u00e9t\u00e9s pour le traitement des donn\u00e9es personnelles (en particulier pour l\u2019h\u00e9bergement du site web, le courrier \u00e9lectronique, la r\u00e9ponse aux questions des utilisateurs sur les services, l\u2019envoi d\u2019informations sur les nouveaux services et produits, les offres sp\u00e9ciales). Dans ces cas, les donn\u00e9es personnelles fournies sont r\u00e9duites \u00e0 celles qui sont vitales pour la fourniture du service en question. <\/p><p>Dans tous les cas, vos donn\u00e9es seront toujours trait\u00e9es au sein de l\u2019Union europ\u00e9enne et dans le respect de la l\u00e9gislation applicable et par des entit\u00e9s qui offrent \u00e0 \u00ab Barbot \u00bb des garanties de respect de la l\u00e9gislation applicable.<\/p><p>Consid\u00e9rant que nous entendons assurer un traitement licite, loyal et transparent de vos donn\u00e9es personnelles et dans le plus strict respect du respect de la l\u00e9gislation en vigueur, nous vous informons \u00e9galement qu\u2019\u00e0 tout moment, vous pouvez nous demander :<\/p><ul><li>ol\u2019acc\u00e8s aux informations que nous d\u00e9tenons \u00e0 votre sujet ; En effet, le titulaire des donn\u00e9es personnelles a le droit d\u2019obtenir de \u00ab Barbot \u00bb la confirmation que ses donn\u00e9es sont (ou ne sont pas) trait\u00e9es. Si vous souhaitez que plus d\u2019une copie de vos donn\u00e9es personnelles soit trait\u00e9e, \u00ab Barbot \u00bb peut soumettre ce service au paiement d\u2019une redevance pour frais administratifs. <\/li><li>la rectification de l\u2019information (si elle est incorrecte ou incompl\u00e8te) ;<\/li><li>l\u2019effacement ou la limitation du traitement de vos donn\u00e9es personnelles. Le titulaire des donn\u00e9es personnelles a le droit de demander \u00e0 \u00ab Barbot \u00bb de supprimer ses donn\u00e9es dans les meilleurs d\u00e9lais et Barbot a l\u2019obligation de les supprimer lorsque : les donn\u00e9es personnelles ne sont plus n\u00e9cessaires aux fins pour lesquelles elles ont \u00e9t\u00e9 collect\u00e9es ou trait\u00e9es ; la personne concern\u00e9e a retir\u00e9 son consentement au traitement des donn\u00e9es (dans les cas o\u00f9 le traitement est fond\u00e9 sur le consentement) et il n\u2019existe pas d\u2019autre motif pour un tel traitement ; ou la personne concern\u00e9e s\u2019oppose au traitement et qu\u2019il n\u2019existe pas d\u2019int\u00e9r\u00eats l\u00e9gitimes pr\u00e9pond\u00e9rants justifiant le traitement ; <\/li><li>la limitation du traitement : la personne concern\u00e9e a le droit d\u2019obtenir de \u00ab Barbot \u00bb la limitation du traitement, si et quand : a) contester l\u2019exactitude des donn\u00e9es ; b) le traitement des donn\u00e9es est licite et la personne concern\u00e9e s\u2019oppose \u00e0 l\u2019effacement de ses donn\u00e9es personnelles, en demandant, d\u2019autre part, la limitation de leur utilisation ; c) \u00ab Barbot \u00bb n\u2019a plus besoin des donn\u00e9es personnelles \u00e0 des fins de traitement, mais le titulaire en a besoin aux fins de la d\u00e9claration, de l\u2019exercice ou de la d\u00e9fense d\u2019un droit dans le cadre d\u2019une proc\u00e9dure judiciaire ; d) vous vous \u00eates oppos\u00e9 au traitement, jusqu\u2019\u00e0 ce qu\u2019il soit v\u00e9rifi\u00e9 que les motifs l\u00e9gitimes du responsable du traitement pr\u00e9valent sur ceux de la personne concern\u00e9e.    <\/li><li>Portabilit\u00e9 des donn\u00e9es : si le traitement d\u00e9pend du consentement de la personne concern\u00e9e et si ce m\u00eame consentement a \u00e9t\u00e9 donn\u00e9 par des moyens automatis\u00e9s, la personne concern\u00e9e a le droit de recevoir, dans un format structur\u00e9, couramment utilis\u00e9 et lisible par machine, les donn\u00e9es personnelles la concernant qui ont \u00e9t\u00e9 fournies \u00e0 \u00ab Barbot \u00bb.<\/li><li>que nous reconnaissons votre droit de vous opposer au traitement des donn\u00e9es : Dans les cas o\u00f9 le traitement des donn\u00e9es est effectu\u00e9 aux fins des int\u00e9r\u00eats l\u00e9gitimes poursuivis par \u00ab Barbot \u00bb, \u00e0 des fins de marketing direct ou de profilage, la personne concern\u00e9e peut, \u00e0 tout moment, s\u2019opposer au traitement de ses donn\u00e9es personnelles.<\/li><\/ul><p>Toutes vos demandes seront trait\u00e9es rapidement et de mani\u00e8re \u00e0 ce que nous puissions garantir l\u2019effectivit\u00e9 de vos droits. Ainsi, et afin de s\u2019assurer que le partage des donn\u00e9es personnelles ne se fait qu\u2019avec la personne concern\u00e9e, \u00ab Barbot \u00bb peut vous demander de justifier de votre identit\u00e9. <\/p><p>Veuillez noter, cependant, que dans certains cas (par exemple en raison d\u2019exigences l\u00e9gales), votre demande peut ne pas \u00eatre imm\u00e9diatement satisfaite ; Toutefois, elle est inform\u00e9e des mesures prises \u00e0 cet effet dans un d\u00e9lai maximal d\u2019un mois \u00e0 compter de l\u2019introduction de la demande.<\/p><p>Dans les situations o\u00f9 le consentement est l\u00e9galement requis pour le traitement des donn\u00e9es \u00e0 caract\u00e8re personnel, la personne concern\u00e9e a \u00e9galement le droit de retirer ce consentement \u00e0 tout moment, bien que ce droit ne compromette pas la lic\u00e9it\u00e9 du traitement effectu\u00e9, ni le traitement ult\u00e9rieur de ces donn\u00e9es sur la base d\u2019une exigence l\u00e9gale.<\/p><p><strong> <\/strong>\u00ab Barbot \u00bb fait ses meilleurs efforts pour prot\u00e9ger les donn\u00e9es personnelles des clients contre tout acc\u00e8s non autoris\u00e9. Cependant, il est de la responsabilit\u00e9 du client de s\u2019assurer que l\u2019appareil qu\u2019il utilise est prot\u00e9g\u00e9 de mani\u00e8re ad\u00e9quate, par exemple contre les <em>logiciels<\/em> nuisibles et les virus informatiques. En outre, chaque fois que la collecte de donn\u00e9es est effectu\u00e9e sur des r\u00e9seaux ouverts tels qu\u2019Internet, les donn\u00e9es peuvent circuler sans conditions de s\u00e9curit\u00e9, avec le risque d\u2019\u00eatre vues et utilis\u00e9es par des tiers non autoris\u00e9s. Le client n\u2019est pas en mesure de fournir \u00e0 des tiers les donn\u00e9es qui lui permettent d\u2019acc\u00e9der \u00e0 ses informations avec \u00ab Barbot \u00bb.   <\/p><p>Les clients se voient garantir le droit d\u2019acc\u00e9der, de mettre \u00e0 jour et de rectifier leurs donn\u00e9es personnelles, ainsi que le droit d\u2019annuler et de s\u2019opposer au traitement de celles-ci, sous r\u00e9serve des exigences et dans les conditions pr\u00e9vues par la loi, sur demande \u00e9crite adress\u00e9e \u00e0 \u00ab Barbot \u00bb, accompagn\u00e9e d\u2019une preuve de r\u00e9ception, \u00e0 nous par lettre, t\u00e9l\u00e9phone ou adresse e-mail <a href=\"mailto:rgpd@barbot.pt\">rgpd@barbot.pt<\/a>.<\/p><p>Enfin, il convient d\u2019ajouter que, si vous vous sentez l\u00e9gitime pour le faire, vous pouvez d\u00e9poser une plainte aupr\u00e8s de la <a href=\"https:\/\/www.cnpd.pt\/\">Commission nationale de protection des donn\u00e9es<\/a> concernant le comportement d\u00e9velopp\u00e9 par \u00ab Barbot \u00bb dans la collecte, le traitement et le stockage de vos donn\u00e9es personnelles.<\/p><p>Modifications : \u00ab&nbsp;Barbot&nbsp;\u00bb se r\u00e9serve le droit, \u00e0 tout moment et avec effet imm\u00e9diat, d\u2019apporter des modifications \u00e0 cette politique de confidentialit\u00e9, nous vous demandons donc de consulter occasionnellement ce document pour rester \u00e0 jour.<\/p><p>\u00ab Barbot \u00bb souhaite continuer \u00e0 d\u00e9velopper une logique de dynamique permanente et d\u2019investissement dans les meilleures technologies et produits, c\u2019est pourquoi nous souhaitons continuer \u00e0 investir dans une relation de plus en plus \u00e9troite avec tous nos interlocuteurs.<\/p>\t\t\t\t\t\t\t\t<\/div>\n\t\t\t\t<\/div>\n\t\t\t\t<\/div>\n\t\t\t\t\t<\/div>\n\t\t\t\t<\/div>\n\t\t\t\t<\/div>\n\t\t","protected":false},"excerpt":{"rendered":"<p>La protection du traitement des donn\u00e9es personnelles des individus est un droit fondamental, c\u2019est pourquoi nous respectons et nous soucions<\/p>\n","protected":false},"author":1,"featured_media":0,"parent":0,"menu_order":0,"comment_status":"closed","ping_status":"closed","template":"","meta":{"_acf_changed":false,"_seopress_robots_primary_cat":"","_seopress_titles_title":"","_seopress_titles_desc":"","_seopress_robots_index":"Oui","footnotes":""},"class_list":["post-482482","page","type-page","status-publish","hentry"],"acf":[],"_links":{"self":[{"href":"https:\/\/roomvo.50g.io\/fr\/wp-json\/wp\/v2\/pages\/482482","targetHints":{"allow":["GET"]}}],"collection":[{"href":"https:\/\/roomvo.50g.io\/fr\/wp-json\/wp\/v2\/pages"}],"about":[{"href":"https:\/\/roomvo.50g.io\/fr\/wp-json\/wp\/v2\/types\/page"}],"author":[{"embeddable":true,"href":"https:\/\/roomvo.50g.io\/fr\/wp-json\/wp\/v2\/users\/1"}],"replies":[{"embeddable":true,"href":"https:\/\/roomvo.50g.io\/fr\/wp-json\/wp\/v2\/comments?post=482482"}],"version-history":[{"count":0,"href":"https:\/\/roomvo.50g.io\/fr\/wp-json\/wp\/v2\/pages\/482482\/revisions"}],"wp:attachment":[{"href":"https:\/\/roomvo.50g.io\/fr\/wp-json\/wp\/v2\/media?parent=482482"}],"curies":[{"name":"wp","href":"https:\/\/api.w.org\/{rel}","templated":true}]}}