{"id":478411,"date":"2023-12-26T17:49:33","date_gmt":"2023-12-26T17:49:33","guid":{"rendered":"https:\/\/roomvo.50g.io\/produto\/barbomat\/"},"modified":"2025-07-18T20:00:35","modified_gmt":"2025-07-18T19:00:35","slug":"barbomat-fr","status":"publish","type":"product","link":"https:\/\/roomvo.50g.io\/fr\/produto\/barbomat\/","title":{"rendered":"Barbomat"},"content":{"rendered":"<p>Barbomat est une peinture qui a une finition mate totale de haute qualit\u00e9.<\/p>\n<ul>\n<li>Une peinture int\u00e9rieure, disponible dans plus de 30 000 couleurs ;<\/li>\n<li>Inspir\u00e9 pour transformer n\u2019importe quel environnement en un espace accueillant&nbsp;;<\/li>\n<li>Donne un aspect impeccable et durable aux murs ;<\/li>\n<li>Facile \u00e0 appliquer, garantissant des r\u00e9sultats professionnels m\u00eame pour les moins exp\u00e9riment\u00e9s&nbsp;;<\/li>\n<li>Dissimule les imperfections du mur, assurant une finition parfaite et raffin\u00e9e&nbsp;;<\/li>\n<\/ul>\n","protected":false},"excerpt":{"rendered":"<p>Peinture aqueuse mate de haute qualit\u00e9 pour la peinture des murs int\u00e9rieurs.<\/p>\n","protected":false},"featured_media":481593,"template":"","meta":{"_acf_changed":false,"_seopress_robots_primary_cat":"none","_seopress_titles_title":"%%post_title%% %%sep%% %%sitetitle%%","_seopress_titles_desc":"Peinture aqueuse mate de haute qualit\u00e9 pour la peinture des murs int\u00e9rieurs.","_seopress_robots_index":""},"n_product_tax-product_admin":[2055],"product_brand":[],"product_cat":[2056,3621],"product_tag":[4499,4498,2057,2058],"class_list":{"0":"post-478411","1":"product","2":"type-product","3":"status-publish","4":"has-post-thumbnail","6":"product_cat-finitions","7":"product_cat-murs-plafonds","8":"product_tag-dtc-murs-plafonds","9":"product_tag-interieurs-dtc","10":"product_tag-odajoana-fr","11":"product_tag-pode-max-fr","13":"first","14":"instock","15":"featured","16":"taxable","17":"shipping-taxable","18":"purchasable","19":"product-type-variable"},"acf":[],"_links":{"self":[{"href":"https:\/\/roomvo.50g.io\/fr\/wp-json\/wp\/v2\/product\/478411","targetHints":{"allow":["GET"]}}],"collection":[{"href":"https:\/\/roomvo.50g.io\/fr\/wp-json\/wp\/v2\/product"}],"about":[{"href":"https:\/\/roomvo.50g.io\/fr\/wp-json\/wp\/v2\/types\/product"}],"wp:featuredmedia":[{"embeddable":true,"href":"https:\/\/roomvo.50g.io\/fr\/wp-json\/wp\/v2\/media\/481593"}],"wp:attachment":[{"href":"https:\/\/roomvo.50g.io\/fr\/wp-json\/wp\/v2\/media?parent=478411"}],"wp:term":[{"taxonomy":"n_product_tax-product_admin","embeddable":true,"href":"https:\/\/roomvo.50g.io\/fr\/wp-json\/wp\/v2\/n_product_tax-product_admin?post=478411"},{"taxonomy":"product_brand","embeddable":true,"href":"https:\/\/roomvo.50g.io\/fr\/wp-json\/wp\/v2\/product_brand?post=478411"},{"taxonomy":"product_cat","embeddable":true,"href":"https:\/\/roomvo.50g.io\/fr\/wp-json\/wp\/v2\/product_cat?post=478411"},{"taxonomy":"product_tag","embeddable":true,"href":"https:\/\/roomvo.50g.io\/fr\/wp-json\/wp\/v2\/product_tag?post=478411"}],"curies":[{"name":"wp","href":"https:\/\/api.w.org\/{rel}","templated":true}]}}