{"id":485376,"date":"2024-04-18T01:34:49","date_gmt":"2024-04-18T00:34:49","guid":{"rendered":"https:\/\/roomvo.50g.io\/produto\/massa-barbotek-exterior\/"},"modified":"2024-04-18T01:34:49","modified_gmt":"2024-04-18T00:34:49","slug":"massa-barbotek-exterior","status":"publish","type":"product","link":"https:\/\/roomvo.50g.io\/fr\/produit\/massa-barbotek-exterior\/","title":{"rendered":"Ext\u00e9rieur des p\u00e2tes Barbotek"},"content":{"rendered":"","protected":false},"excerpt":{"rendered":"<p>Mastic de finition et de lissage pour murs, pl\u00e2tre et charpente en bois &#8211; (pr\u00eat \u00e0 appliquer).<\/p>\n","protected":false},"featured_media":481564,"template":"","meta":{"_acf_changed":false,"_seopress_robots_primary_cat":"none","_seopress_titles_title":"%%post_title%% %%sep%% %%sitetitle%%","_seopress_titles_desc":"Mastic de finition et de lissage pour murs, pl\u00e2tre et charpente en bois - (pr\u00eat \u00e0 appliquer).","_seopress_robots_index":""},"n_product_tax-product_admin":[3646],"product_brand":[],"product_cat":[3649,3608],"product_tag":[],"class_list":{"0":"post-485376","1":"product","2":"type-product","3":"status-publish","4":"has-post-thumbnail","6":"product_cat-materiel-de-preparation-pates","7":"product_cat-accessoires","9":"first","10":"instock","11":"taxable","12":"shipping-taxable","13":"purchasable","14":"product-type-variable"},"acf":[],"_links":{"self":[{"href":"https:\/\/roomvo.50g.io\/fr\/wp-json\/wp\/v2\/product\/485376","targetHints":{"allow":["GET"]}}],"collection":[{"href":"https:\/\/roomvo.50g.io\/fr\/wp-json\/wp\/v2\/product"}],"about":[{"href":"https:\/\/roomvo.50g.io\/fr\/wp-json\/wp\/v2\/types\/product"}],"wp:featuredmedia":[{"embeddable":true,"href":"https:\/\/roomvo.50g.io\/fr\/wp-json\/wp\/v2\/media\/481564"}],"wp:attachment":[{"href":"https:\/\/roomvo.50g.io\/fr\/wp-json\/wp\/v2\/media?parent=485376"}],"wp:term":[{"taxonomy":"n_product_tax-product_admin","embeddable":true,"href":"https:\/\/roomvo.50g.io\/fr\/wp-json\/wp\/v2\/n_product_tax-product_admin?post=485376"},{"taxonomy":"product_brand","embeddable":true,"href":"https:\/\/roomvo.50g.io\/fr\/wp-json\/wp\/v2\/product_brand?post=485376"},{"taxonomy":"product_cat","embeddable":true,"href":"https:\/\/roomvo.50g.io\/fr\/wp-json\/wp\/v2\/product_cat?post=485376"},{"taxonomy":"product_tag","embeddable":true,"href":"https:\/\/roomvo.50g.io\/fr\/wp-json\/wp\/v2\/product_tag?post=485376"}],"curies":[{"name":"wp","href":"https:\/\/api.w.org\/{rel}","templated":true}]}}