{"id":485447,"date":"2024-04-18T01:31:08","date_gmt":"2024-04-18T00:31:08","guid":{"rendered":"https:\/\/roomvo.50g.io\/produto\/h505-crystal\/"},"modified":"2024-04-18T01:31:08","modified_gmt":"2024-04-18T00:31:08","slug":"h505-crystal","status":"publish","type":"product","link":"https:\/\/roomvo.50g.io\/fr\/produit\/h505-crystal\/","title":{"rendered":"H505 Cristal"},"content":{"rendered":"","protected":false},"excerpt":{"rendered":"<p>Colle et mastic hybrides pour l\u2019application dans des \u00e9l\u00e9ments soumis \u00e0 des mouvements et des vibrations.<\/p>\n","protected":false},"featured_media":481480,"template":"","meta":{"_acf_changed":false,"_seopress_robots_primary_cat":"none","_seopress_titles_title":"%%post_title%% %%sep%% %%sitetitle%%","_seopress_titles_desc":"Colle et mastic hybrides pour l\u2019application dans des \u00e9l\u00e9ments soumis \u00e0 des mouvements et des vibrations.","_seopress_robots_index":""},"n_product_tax-product_admin":[3646],"product_brand":[],"product_cat":[3663,3608],"product_tag":[],"class_list":{"0":"post-485447","1":"product","2":"type-product","3":"status-publish","4":"has-post-thumbnail","6":"product_cat-materiaux-de-preparation-mastics","7":"product_cat-accessoires","9":"first","10":"instock","11":"taxable","12":"shipping-taxable","13":"purchasable","14":"product-type-variable"},"acf":[],"_links":{"self":[{"href":"https:\/\/roomvo.50g.io\/fr\/wp-json\/wp\/v2\/product\/485447","targetHints":{"allow":["GET"]}}],"collection":[{"href":"https:\/\/roomvo.50g.io\/fr\/wp-json\/wp\/v2\/product"}],"about":[{"href":"https:\/\/roomvo.50g.io\/fr\/wp-json\/wp\/v2\/types\/product"}],"wp:featuredmedia":[{"embeddable":true,"href":"https:\/\/roomvo.50g.io\/fr\/wp-json\/wp\/v2\/media\/481480"}],"wp:attachment":[{"href":"https:\/\/roomvo.50g.io\/fr\/wp-json\/wp\/v2\/media?parent=485447"}],"wp:term":[{"taxonomy":"n_product_tax-product_admin","embeddable":true,"href":"https:\/\/roomvo.50g.io\/fr\/wp-json\/wp\/v2\/n_product_tax-product_admin?post=485447"},{"taxonomy":"product_brand","embeddable":true,"href":"https:\/\/roomvo.50g.io\/fr\/wp-json\/wp\/v2\/product_brand?post=485447"},{"taxonomy":"product_cat","embeddable":true,"href":"https:\/\/roomvo.50g.io\/fr\/wp-json\/wp\/v2\/product_cat?post=485447"},{"taxonomy":"product_tag","embeddable":true,"href":"https:\/\/roomvo.50g.io\/fr\/wp-json\/wp\/v2\/product_tag?post=485447"}],"curies":[{"name":"wp","href":"https:\/\/api.w.org\/{rel}","templated":true}]}}