{"id":485473,"date":"2024-04-18T01:31:07","date_gmt":"2024-04-18T00:31:07","guid":{"rendered":"https:\/\/roomvo.50g.io\/produto\/spray-alta-temperatura-branco\/"},"modified":"2024-04-18T01:31:07","modified_gmt":"2024-04-18T00:31:07","slug":"spray-alta-temperatura-branco","status":"publish","type":"product","link":"https:\/\/roomvo.50g.io\/fr\/produit\/spray-alta-temperatura-branco\/","title":{"rendered":"Spray blanc haute temp\u00e9rature"},"content":{"rendered":"","protected":false},"excerpt":{"rendered":"<p>Spray \u00e9maill\u00e9 haute temp\u00e9rature pour l\u2019application de tuyaux d\u2019\u00e9chappement, collecteurs, conduits, etc.<\/p>\n","protected":false},"featured_media":481460,"template":"","meta":{"_acf_changed":false,"_seopress_robots_primary_cat":"none","_seopress_titles_title":"%%post_title%% %%sep%% %%sitetitle%%","_seopress_titles_desc":"Spray \u00e9maill\u00e9 haute temp\u00e9rature pour l\u2019application de tuyaux d\u2019\u00e9chappement, collecteurs, conduits, etc.","_seopress_robots_index":""},"n_product_tax-product_admin":[3646],"product_brand":[],"product_cat":[3701,3608],"product_tag":[],"class_list":{"0":"post-485473","1":"product","2":"type-product","3":"status-publish","4":"has-post-thumbnail","6":"product_cat-sprays-acryliques","7":"product_cat-accessoires","9":"first","10":"instock","11":"taxable","12":"shipping-taxable","13":"purchasable","14":"product-type-variable"},"acf":[],"_links":{"self":[{"href":"https:\/\/roomvo.50g.io\/fr\/wp-json\/wp\/v2\/product\/485473","targetHints":{"allow":["GET"]}}],"collection":[{"href":"https:\/\/roomvo.50g.io\/fr\/wp-json\/wp\/v2\/product"}],"about":[{"href":"https:\/\/roomvo.50g.io\/fr\/wp-json\/wp\/v2\/types\/product"}],"wp:featuredmedia":[{"embeddable":true,"href":"https:\/\/roomvo.50g.io\/fr\/wp-json\/wp\/v2\/media\/481460"}],"wp:attachment":[{"href":"https:\/\/roomvo.50g.io\/fr\/wp-json\/wp\/v2\/media?parent=485473"}],"wp:term":[{"taxonomy":"n_product_tax-product_admin","embeddable":true,"href":"https:\/\/roomvo.50g.io\/fr\/wp-json\/wp\/v2\/n_product_tax-product_admin?post=485473"},{"taxonomy":"product_brand","embeddable":true,"href":"https:\/\/roomvo.50g.io\/fr\/wp-json\/wp\/v2\/product_brand?post=485473"},{"taxonomy":"product_cat","embeddable":true,"href":"https:\/\/roomvo.50g.io\/fr\/wp-json\/wp\/v2\/product_cat?post=485473"},{"taxonomy":"product_tag","embeddable":true,"href":"https:\/\/roomvo.50g.io\/fr\/wp-json\/wp\/v2\/product_tag?post=485473"}],"curies":[{"name":"wp","href":"https:\/\/api.w.org\/{rel}","templated":true}]}}