{"id":485764,"date":"2024-04-18T01:27:11","date_gmt":"2024-04-18T00:27:11","guid":{"rendered":"https:\/\/roomvo.50g.io\/produto\/pincel-caiar\/"},"modified":"2024-04-18T01:27:11","modified_gmt":"2024-04-18T00:27:11","slug":"pincel-caiar","status":"publish","type":"product","link":"https:\/\/roomvo.50g.io\/fr\/produit\/pincel-caiar\/","title":{"rendered":"Brosse \u00e0 badigeon"},"content":{"rendered":"","protected":false},"excerpt":{"rendered":"<p>Pinceau \u00e0 la chaux et nettoyages g\u00e9n\u00e9raux.<\/p>\n","protected":false},"featured_media":481467,"template":"","meta":{"_acf_changed":false,"_seopress_robots_primary_cat":"none","_seopress_titles_title":"%%post_title%% %%sep%% %%sitetitle%%","_seopress_titles_desc":"Pinceau \u00e0 la chaux et nettoyages g\u00e9n\u00e9raux.","_seopress_robots_index":""},"n_product_tax-product_admin":[3646],"product_brand":[],"product_cat":[3608,3631],"product_tag":[],"class_list":{"0":"post-485764","1":"product","2":"type-product","3":"status-publish","4":"has-post-thumbnail","6":"product_cat-accessoires","7":"product_cat-outils-dapplication-pinceaux-et-pinceaux","9":"first","10":"instock","11":"taxable","12":"shipping-taxable","13":"purchasable","14":"product-type-variable"},"acf":[],"_links":{"self":[{"href":"https:\/\/roomvo.50g.io\/fr\/wp-json\/wp\/v2\/product\/485764","targetHints":{"allow":["GET"]}}],"collection":[{"href":"https:\/\/roomvo.50g.io\/fr\/wp-json\/wp\/v2\/product"}],"about":[{"href":"https:\/\/roomvo.50g.io\/fr\/wp-json\/wp\/v2\/types\/product"}],"wp:featuredmedia":[{"embeddable":true,"href":"https:\/\/roomvo.50g.io\/fr\/wp-json\/wp\/v2\/media\/481467"}],"wp:attachment":[{"href":"https:\/\/roomvo.50g.io\/fr\/wp-json\/wp\/v2\/media?parent=485764"}],"wp:term":[{"taxonomy":"n_product_tax-product_admin","embeddable":true,"href":"https:\/\/roomvo.50g.io\/fr\/wp-json\/wp\/v2\/n_product_tax-product_admin?post=485764"},{"taxonomy":"product_brand","embeddable":true,"href":"https:\/\/roomvo.50g.io\/fr\/wp-json\/wp\/v2\/product_brand?post=485764"},{"taxonomy":"product_cat","embeddable":true,"href":"https:\/\/roomvo.50g.io\/fr\/wp-json\/wp\/v2\/product_cat?post=485764"},{"taxonomy":"product_tag","embeddable":true,"href":"https:\/\/roomvo.50g.io\/fr\/wp-json\/wp\/v2\/product_tag?post=485764"}],"curies":[{"name":"wp","href":"https:\/\/api.w.org\/{rel}","templated":true}]}}