{"id":485777,"date":"2024-02-21T15:10:28","date_gmt":"2024-02-21T15:10:28","guid":{"rendered":"https:\/\/roomvo.50g.io\/produto\/spray-zinco\/"},"modified":"2024-02-21T15:10:28","modified_gmt":"2024-02-21T15:10:28","slug":"spray-zinco","status":"publish","type":"product","link":"https:\/\/roomvo.50g.io\/fr\/produit\/spray-zinco\/","title":{"rendered":"Zinc Spray"},"content":{"rendered":"","protected":false},"excerpt":{"rendered":"<p>Pulv\u00e9risation de zinc \u00e9lev\u00e9e pour une application sur les tours, les tuyaux, les r\u00e9servoirs et les soudures.<\/p>\n","protected":false},"featured_media":481460,"template":"","meta":{"_acf_changed":false,"_seopress_robots_primary_cat":"none","_seopress_titles_title":"%%post_title%% %%sep%% %%sitetitle%%","_seopress_titles_desc":"Pulv\u00e9risation de zinc \u00e9lev\u00e9e pour une application sur les tours, les tuyaux, les r\u00e9servoirs et les soudures.","_seopress_robots_index":""},"n_product_tax-product_admin":[3646],"product_brand":[],"product_cat":[3835,3608],"product_tag":[],"class_list":{"0":"post-485777","1":"product","2":"type-product","3":"status-publish","4":"has-post-thumbnail","6":"product_cat-sprays-haute-teneur-en-zinc","7":"product_cat-accessoires","9":"first","10":"instock","11":"taxable","12":"shipping-taxable","13":"purchasable","14":"product-type-variable"},"acf":[],"_links":{"self":[{"href":"https:\/\/roomvo.50g.io\/fr\/wp-json\/wp\/v2\/product\/485777","targetHints":{"allow":["GET"]}}],"collection":[{"href":"https:\/\/roomvo.50g.io\/fr\/wp-json\/wp\/v2\/product"}],"about":[{"href":"https:\/\/roomvo.50g.io\/fr\/wp-json\/wp\/v2\/types\/product"}],"wp:featuredmedia":[{"embeddable":true,"href":"https:\/\/roomvo.50g.io\/fr\/wp-json\/wp\/v2\/media\/481460"}],"wp:attachment":[{"href":"https:\/\/roomvo.50g.io\/fr\/wp-json\/wp\/v2\/media?parent=485777"}],"wp:term":[{"taxonomy":"n_product_tax-product_admin","embeddable":true,"href":"https:\/\/roomvo.50g.io\/fr\/wp-json\/wp\/v2\/n_product_tax-product_admin?post=485777"},{"taxonomy":"product_brand","embeddable":true,"href":"https:\/\/roomvo.50g.io\/fr\/wp-json\/wp\/v2\/product_brand?post=485777"},{"taxonomy":"product_cat","embeddable":true,"href":"https:\/\/roomvo.50g.io\/fr\/wp-json\/wp\/v2\/product_cat?post=485777"},{"taxonomy":"product_tag","embeddable":true,"href":"https:\/\/roomvo.50g.io\/fr\/wp-json\/wp\/v2\/product_tag?post=485777"}],"curies":[{"name":"wp","href":"https:\/\/api.w.org\/{rel}","templated":true}]}}