{"id":490241,"date":"2024-02-16T22:43:39","date_gmt":"2024-02-16T22:43:39","guid":{"rendered":"https:\/\/roomvo.50g.io\/produto\/mastic-a-revetement-moyen\/"},"modified":"2025-07-18T20:03:41","modified_gmt":"2025-07-18T19:03:41","slug":"mastic-a-revetement-moyen","status":"publish","type":"product","link":"https:\/\/roomvo.50g.io\/fr\/produit\/mastic-a-revetement-moyen\/","title":{"rendered":"Masse de rev\u00eatement moyenne"},"content":{"rendered":"","protected":false},"excerpt":{"rendered":"<p>Masse de rev\u00eatement recommand\u00e9e pour la finition dans les syst\u00e8mes Barbotherm et Barbot Restoration System.<\/p>\n","protected":false},"featured_media":481552,"template":"","meta":{"_acf_changed":false,"_seopress_robots_primary_cat":"none","_seopress_titles_title":"%%post_title\u00a0%% %%sep\u00a0%% %%sitetitle\u00a0%%","_seopress_titles_desc":"Masse de rev\u00eatement recommand\u00e9e pour la finition dans les syst\u00e8mes Barbotherm et Barbot Restoration System.","_seopress_robots_index":""},"n_product_tax-product_admin":[3822,2055,3918],"product_brand":[],"product_cat":[4423,3620],"product_tag":[2558],"class_list":{"0":"post-490241","1":"product","2":"type-product","3":"status-publish","4":"has-post-thumbnail","6":"product_cat-isolation-thermique-finition","7":"product_cat-facades-fr","8":"product_tag-calculator-no-fr","10":"first","11":"instock","12":"taxable","13":"shipping-taxable","14":"purchasable","15":"product-type-variable"},"acf":[],"_links":{"self":[{"href":"https:\/\/roomvo.50g.io\/fr\/wp-json\/wp\/v2\/product\/490241","targetHints":{"allow":["GET"]}}],"collection":[{"href":"https:\/\/roomvo.50g.io\/fr\/wp-json\/wp\/v2\/product"}],"about":[{"href":"https:\/\/roomvo.50g.io\/fr\/wp-json\/wp\/v2\/types\/product"}],"wp:featuredmedia":[{"embeddable":true,"href":"https:\/\/roomvo.50g.io\/fr\/wp-json\/wp\/v2\/media\/481552"}],"wp:attachment":[{"href":"https:\/\/roomvo.50g.io\/fr\/wp-json\/wp\/v2\/media?parent=490241"}],"wp:term":[{"taxonomy":"n_product_tax-product_admin","embeddable":true,"href":"https:\/\/roomvo.50g.io\/fr\/wp-json\/wp\/v2\/n_product_tax-product_admin?post=490241"},{"taxonomy":"product_brand","embeddable":true,"href":"https:\/\/roomvo.50g.io\/fr\/wp-json\/wp\/v2\/product_brand?post=490241"},{"taxonomy":"product_cat","embeddable":true,"href":"https:\/\/roomvo.50g.io\/fr\/wp-json\/wp\/v2\/product_cat?post=490241"},{"taxonomy":"product_tag","embeddable":true,"href":"https:\/\/roomvo.50g.io\/fr\/wp-json\/wp\/v2\/product_tag?post=490241"}],"curies":[{"name":"wp","href":"https:\/\/api.w.org\/{rel}","templated":true}]}}