{"id":492561,"date":"2024-02-16T13:03:54","date_gmt":"2024-02-16T13:03:54","guid":{"rendered":"https:\/\/roomvo.50g.io\/produto\/barbolux-acqua-mate\/"},"modified":"2025-07-17T16:50:10","modified_gmt":"2025-07-17T15:50:10","slug":"barbolux-acqua-mate","status":"publish","type":"product","link":"https:\/\/roomvo.50g.io\/fr\/produit\/barbolux-acqua-mate\/","title":{"rendered":"Barbolux Acqua Mate"},"content":{"rendered":"<p>Cet \u00e9mail \u00e0 base d\u2019eau de haute qualit\u00e9 garantit toujours une finition irr\u00e9prochable pour vos bois et m\u00e9taux, ext\u00e9rieurs.<\/p>\n<ul>\n<li>Finition mate. \u00c9galement disponible en satin\u00e9 et brillant ; <\/li>\n<li>Excellente r\u00e9sistance \u00e0 l\u2019ext\u00e9rieur, r\u00e9tention de la couleur et de la brillance&nbsp;;<\/li>\n<li>Bon laquage et application facile&nbsp;;<\/li>\n<li>\u00c9tant aqueux et inodore, il est id\u00e9al pour le bricolage (Do it yourself) ;<br \/>\nDites adieu au jaunissement et bonjour \u00e0 un monde de possibilit\u00e9s vibrantes car il est disponible dans toutes les couleurs. Alors que chaque coup de pinceau t\u00e9moigne de sa vision artistique et de son engagement ind\u00e9fectible envers la qualit\u00e9, pour vos bois et m\u00e9taux EXT\u00c9RIEURS, le choix se porte sur BARBOLUX ACQUA. <\/li>\n<\/ul>\n","protected":false},"excerpt":{"rendered":"<p>\u00c9mail aqueux de haute qualit\u00e9 pour la protection du bois et des m\u00e9taux, \u00e0 l\u2019ext\u00e9rieur comme \u00e0 l\u2019int\u00e9rieur.<\/p>\n","protected":false},"featured_media":481527,"template":"","meta":{"_acf_changed":false,"_seopress_robots_primary_cat":"none","_seopress_titles_title":"%%post_title\u00a0%% %%sep\u00a0%% %%sitetitle\u00a0%%","_seopress_titles_desc":"\u00c9mail aqueux de haute qualit\u00e9 pour la protection du bois et des m\u00e9taux, \u00e0 l\u2019ext\u00e9rieur comme \u00e0 l\u2019int\u00e9rieur.","_seopress_robots_index":""},"n_product_tax-product_admin":[2055,3918],"product_brand":[],"product_cat":[4412,3626],"product_tag":[2058],"class_list":{"0":"post-492561","1":"product","2":"type-product","3":"status-publish","4":"has-post-thumbnail","6":"product_cat-emaux-finition","7":"product_cat-menuiserie-et-metallerie","8":"product_tag-pode-max-fr","10":"first","11":"instock","12":"taxable","13":"shipping-taxable","14":"purchasable","15":"product-type-variable"},"acf":[],"_links":{"self":[{"href":"https:\/\/roomvo.50g.io\/fr\/wp-json\/wp\/v2\/product\/492561","targetHints":{"allow":["GET"]}}],"collection":[{"href":"https:\/\/roomvo.50g.io\/fr\/wp-json\/wp\/v2\/product"}],"about":[{"href":"https:\/\/roomvo.50g.io\/fr\/wp-json\/wp\/v2\/types\/product"}],"wp:featuredmedia":[{"embeddable":true,"href":"https:\/\/roomvo.50g.io\/fr\/wp-json\/wp\/v2\/media\/481527"}],"wp:attachment":[{"href":"https:\/\/roomvo.50g.io\/fr\/wp-json\/wp\/v2\/media?parent=492561"}],"wp:term":[{"taxonomy":"n_product_tax-product_admin","embeddable":true,"href":"https:\/\/roomvo.50g.io\/fr\/wp-json\/wp\/v2\/n_product_tax-product_admin?post=492561"},{"taxonomy":"product_brand","embeddable":true,"href":"https:\/\/roomvo.50g.io\/fr\/wp-json\/wp\/v2\/product_brand?post=492561"},{"taxonomy":"product_cat","embeddable":true,"href":"https:\/\/roomvo.50g.io\/fr\/wp-json\/wp\/v2\/product_cat?post=492561"},{"taxonomy":"product_tag","embeddable":true,"href":"https:\/\/roomvo.50g.io\/fr\/wp-json\/wp\/v2\/product_tag?post=492561"}],"curies":[{"name":"wp","href":"https:\/\/api.w.org\/{rel}","templated":true}]}}