{"id":494473,"date":"2024-02-16T00:23:07","date_gmt":"2024-02-16T00:23:07","guid":{"rendered":"https:\/\/roomvo.50g.io\/produto\/mastic-de-revetement-fin-moyen-grossier\/"},"modified":"2025-07-17T16:55:49","modified_gmt":"2025-07-17T15:55:49","slug":"mastic-de-revetement-fin-moyen-grossier","status":"publish","type":"product","link":"https:\/\/roomvo.50g.io\/fr\/produit\/mastic-de-revetement-fin-moyen-grossier\/","title":{"rendered":"Mastic de rev\u00eatement \u00e9pais"},"content":{"rendered":"","protected":false},"excerpt":{"rendered":"<p>Masse de rev\u00eatement recommand\u00e9e pour la finition dans les syst\u00e8mes Barbotherm et Barbot Restoration System.<\/p>\n","protected":false},"featured_media":481552,"template":"","meta":{"_acf_changed":false,"_seopress_robots_primary_cat":"none","_seopress_titles_title":"%%post_title\u00a0%% %%sep\u00a0%% %%sitetitle\u00a0%%","_seopress_titles_desc":"Masse de rev\u00eatement recommand\u00e9e pour la finition dans les syst\u00e8mes Barbotherm et Barbot Restoration System.","_seopress_robots_index":""},"n_product_tax-product_admin":[3822,2055,3918],"product_brand":[],"product_cat":[4423,3620],"product_tag":[2558],"class_list":{"0":"post-494473","1":"product","2":"type-product","3":"status-publish","4":"has-post-thumbnail","6":"product_cat-isolation-thermique-finition","7":"product_cat-facades-fr","8":"product_tag-calculator-no-fr","10":"first","11":"instock","12":"taxable","13":"shipping-taxable","14":"purchasable","15":"product-type-variable"},"acf":[],"_links":{"self":[{"href":"https:\/\/roomvo.50g.io\/fr\/wp-json\/wp\/v2\/product\/494473","targetHints":{"allow":["GET"]}}],"collection":[{"href":"https:\/\/roomvo.50g.io\/fr\/wp-json\/wp\/v2\/product"}],"about":[{"href":"https:\/\/roomvo.50g.io\/fr\/wp-json\/wp\/v2\/types\/product"}],"wp:featuredmedia":[{"embeddable":true,"href":"https:\/\/roomvo.50g.io\/fr\/wp-json\/wp\/v2\/media\/481552"}],"wp:attachment":[{"href":"https:\/\/roomvo.50g.io\/fr\/wp-json\/wp\/v2\/media?parent=494473"}],"wp:term":[{"taxonomy":"n_product_tax-product_admin","embeddable":true,"href":"https:\/\/roomvo.50g.io\/fr\/wp-json\/wp\/v2\/n_product_tax-product_admin?post=494473"},{"taxonomy":"product_brand","embeddable":true,"href":"https:\/\/roomvo.50g.io\/fr\/wp-json\/wp\/v2\/product_brand?post=494473"},{"taxonomy":"product_cat","embeddable":true,"href":"https:\/\/roomvo.50g.io\/fr\/wp-json\/wp\/v2\/product_cat?post=494473"},{"taxonomy":"product_tag","embeddable":true,"href":"https:\/\/roomvo.50g.io\/fr\/wp-json\/wp\/v2\/product_tag?post=494473"}],"curies":[{"name":"wp","href":"https:\/\/api.w.org\/{rel}","templated":true}]}}