{"id":494951,"date":"2024-02-16T00:24:09","date_gmt":"2024-02-16T00:24:09","guid":{"rendered":"https:\/\/roomvo.50g.io\/produto\/imper-wp-fr\/"},"modified":"2024-02-16T00:24:09","modified_gmt":"2024-02-16T00:24:09","slug":"imper-wp-fr","status":"publish","type":"product","link":"https:\/\/roomvo.50g.io\/fr\/produit\/imper-wp-fr\/","title":{"rendered":"Imper WP"},"content":{"rendered":"","protected":false},"excerpt":{"rendered":"<p>Additif acrylique, \u00e0 m\u00e9langer avec du ciment. Utilis\u00e9 comme pont d\u2019union dans les substrats difficiles \u00e0 adh\u00e9rer, adapt\u00e9 \u00e0 une utilisation en ext\u00e9rieur. <\/p>\n","protected":false},"featured_media":481506,"template":"","meta":{"_acf_changed":false,"_seopress_robots_primary_cat":"none","_seopress_titles_title":"%%post_title\u00a0%% %%sep\u00a0%% %%sitetitle\u00a0%%","_seopress_titles_desc":"Additif acrylique, \u00e0 m\u00e9langer avec du ciment. Utilis\u00e9 comme pont d\u2019union dans les substrats difficiles \u00e0 adh\u00e9rer, adapt\u00e9 \u00e0 une utilisation en ext\u00e9rieur. ","_seopress_robots_index":""},"n_product_tax-product_admin":[2055,4443],"product_brand":[],"product_cat":[4447,3623],"product_tag":[2058],"class_list":{"0":"post-494951","1":"product","2":"type-product","3":"status-publish","4":"has-post-thumbnail","6":"product_cat-terrasses-primaires","7":"product_cat-toits-terrasses","8":"product_tag-pode-max-fr","10":"first","11":"instock","12":"taxable","13":"shipping-taxable","14":"purchasable","15":"product-type-variable"},"acf":[],"_links":{"self":[{"href":"https:\/\/roomvo.50g.io\/fr\/wp-json\/wp\/v2\/product\/494951","targetHints":{"allow":["GET"]}}],"collection":[{"href":"https:\/\/roomvo.50g.io\/fr\/wp-json\/wp\/v2\/product"}],"about":[{"href":"https:\/\/roomvo.50g.io\/fr\/wp-json\/wp\/v2\/types\/product"}],"wp:featuredmedia":[{"embeddable":true,"href":"https:\/\/roomvo.50g.io\/fr\/wp-json\/wp\/v2\/media\/481506"}],"wp:attachment":[{"href":"https:\/\/roomvo.50g.io\/fr\/wp-json\/wp\/v2\/media?parent=494951"}],"wp:term":[{"taxonomy":"n_product_tax-product_admin","embeddable":true,"href":"https:\/\/roomvo.50g.io\/fr\/wp-json\/wp\/v2\/n_product_tax-product_admin?post=494951"},{"taxonomy":"product_brand","embeddable":true,"href":"https:\/\/roomvo.50g.io\/fr\/wp-json\/wp\/v2\/product_brand?post=494951"},{"taxonomy":"product_cat","embeddable":true,"href":"https:\/\/roomvo.50g.io\/fr\/wp-json\/wp\/v2\/product_cat?post=494951"},{"taxonomy":"product_tag","embeddable":true,"href":"https:\/\/roomvo.50g.io\/fr\/wp-json\/wp\/v2\/product_tag?post=494951"}],"curies":[{"name":"wp","href":"https:\/\/api.w.org\/{rel}","templated":true}]}}