{"id":498359,"date":"2024-02-03T03:10:31","date_gmt":"2024-02-03T03:10:31","guid":{"rendered":"https:\/\/roomvo.50g.io\/produto\/facades-historiques-barbotart\/"},"modified":"2025-07-18T17:53:45","modified_gmt":"2025-07-18T16:53:45","slug":"facades-historiques-barbotart","status":"publish","type":"product","link":"https:\/\/roomvo.50g.io\/fr\/produit\/facades-historiques-barbotart\/","title":{"rendered":"Barbotart &#8211; Fa\u00e7ades historiques"},"content":{"rendered":"<p>Peinture aqueuse mate de haute qualit\u00e9, d\u2019aspect min\u00e9ral pour la protection des fa\u00e7ades.<\/p>\n<ul>\n<li>Haute perm\u00e9abilit\u00e9 \u00e0 la vapeur d\u2019eau&nbsp;;<\/li>\n<li>Sp\u00e9cialement d\u00e9velopp\u00e9 pour les b\u00e2timents historiques&nbsp;;<\/li>\n<li>Il imite le vieux badigeon.<\/li>\n<\/ul>\n<p>Voyez comment votre fa\u00e7ade peut devenir une source d\u2019inspiration pour tous ceux que vous rencontrez. Rehaussez la beaut\u00e9 de votre b\u00e2timent et prot\u00e9gez-le avec ce qu\u2019il y a de mieux, car la grandeur ne m\u00e9rite rien de moins. <\/p>\n","protected":false},"excerpt":{"rendered":"<p>Peinture aqueuse mate de haute qualit\u00e9, d\u2019aspect min\u00e9ral pour la protection des fa\u00e7ades.<\/p>\n","protected":false},"featured_media":481541,"template":"","meta":{"_acf_changed":false,"_seopress_robots_primary_cat":"none","_seopress_titles_title":"%%post_title\u00a0%% %%sep\u00a0%% %%sitetitle\u00a0%%","_seopress_titles_desc":"Peinture aqueuse mate de haute qualit\u00e9, d\u2019aspect min\u00e9ral pour la protection des fa\u00e7ades.","_seopress_robots_index":""},"n_product_tax-product_admin":[2055,3918],"product_brand":[],"product_cat":[4493,3620],"product_tag":[2058],"class_list":{"0":"post-498359","1":"product","2":"type-product","3":"status-publish","4":"has-post-thumbnail","6":"product_cat-facades-historiques-finition","7":"product_cat-facades-fr","8":"product_tag-pode-max-fr","10":"first","11":"instock","12":"taxable","13":"shipping-taxable","14":"purchasable","15":"product-type-variable"},"acf":[],"_links":{"self":[{"href":"https:\/\/roomvo.50g.io\/fr\/wp-json\/wp\/v2\/product\/498359","targetHints":{"allow":["GET"]}}],"collection":[{"href":"https:\/\/roomvo.50g.io\/fr\/wp-json\/wp\/v2\/product"}],"about":[{"href":"https:\/\/roomvo.50g.io\/fr\/wp-json\/wp\/v2\/types\/product"}],"wp:featuredmedia":[{"embeddable":true,"href":"https:\/\/roomvo.50g.io\/fr\/wp-json\/wp\/v2\/media\/481541"}],"wp:attachment":[{"href":"https:\/\/roomvo.50g.io\/fr\/wp-json\/wp\/v2\/media?parent=498359"}],"wp:term":[{"taxonomy":"n_product_tax-product_admin","embeddable":true,"href":"https:\/\/roomvo.50g.io\/fr\/wp-json\/wp\/v2\/n_product_tax-product_admin?post=498359"},{"taxonomy":"product_brand","embeddable":true,"href":"https:\/\/roomvo.50g.io\/fr\/wp-json\/wp\/v2\/product_brand?post=498359"},{"taxonomy":"product_cat","embeddable":true,"href":"https:\/\/roomvo.50g.io\/fr\/wp-json\/wp\/v2\/product_cat?post=498359"},{"taxonomy":"product_tag","embeddable":true,"href":"https:\/\/roomvo.50g.io\/fr\/wp-json\/wp\/v2\/product_tag?post=498359"}],"curies":[{"name":"wp","href":"https:\/\/api.w.org\/{rel}","templated":true}]}}