{"id":500768,"date":"2024-02-16T00:24:09","date_gmt":"2024-02-16T00:24:09","guid":{"rendered":"https:\/\/roomvo.50g.io\/produto\/coberturas\/"},"modified":"2024-02-16T00:24:09","modified_gmt":"2024-02-16T00:24:09","slug":"coberturas","status":"publish","type":"product","link":"https:\/\/roomvo.50g.io\/fr\/produit\/coberturas\/","title":{"rendered":"Couvre"},"content":{"rendered":"","protected":false},"excerpt":{"rendered":"<p>Rev\u00eatement \u00e9lastique, 100&nbsp;% acrylique, imperm\u00e9abilisant, pour une application sur les toits et les terrasses, \u00e0 l\u2019ext\u00e9rieur.<\/p>\n","protected":false},"featured_media":481508,"template":"","meta":{"_acf_changed":false,"_seopress_robots_primary_cat":"none","_seopress_titles_title":"%%post_title\u00a0%% %%sep\u00a0%% %%sitetitle\u00a0%%","_seopress_titles_desc":"Rev\u00eatement \u00e9lastique, 100\u00a0% acrylique, imperm\u00e9abilisant, pour une application sur les toits et les terrasses, \u00e0 l\u2019ext\u00e9rieur.","_seopress_robots_index":""},"n_product_tax-product_admin":[2055,4443],"product_brand":[],"product_cat":[4506,3623],"product_tag":[2058],"class_list":{"0":"post-500768","1":"product","2":"type-product","3":"status-publish","4":"has-post-thumbnail","6":"product_cat-terrasses-finition","7":"product_cat-toits-terrasses","8":"product_tag-pode-max-fr","10":"first","11":"instock","12":"featured","13":"taxable","14":"shipping-taxable","15":"purchasable","16":"product-type-variable"},"acf":[],"_links":{"self":[{"href":"https:\/\/roomvo.50g.io\/fr\/wp-json\/wp\/v2\/product\/500768","targetHints":{"allow":["GET"]}}],"collection":[{"href":"https:\/\/roomvo.50g.io\/fr\/wp-json\/wp\/v2\/product"}],"about":[{"href":"https:\/\/roomvo.50g.io\/fr\/wp-json\/wp\/v2\/types\/product"}],"wp:featuredmedia":[{"embeddable":true,"href":"https:\/\/roomvo.50g.io\/fr\/wp-json\/wp\/v2\/media\/481508"}],"wp:attachment":[{"href":"https:\/\/roomvo.50g.io\/fr\/wp-json\/wp\/v2\/media?parent=500768"}],"wp:term":[{"taxonomy":"n_product_tax-product_admin","embeddable":true,"href":"https:\/\/roomvo.50g.io\/fr\/wp-json\/wp\/v2\/n_product_tax-product_admin?post=500768"},{"taxonomy":"product_brand","embeddable":true,"href":"https:\/\/roomvo.50g.io\/fr\/wp-json\/wp\/v2\/product_brand?post=500768"},{"taxonomy":"product_cat","embeddable":true,"href":"https:\/\/roomvo.50g.io\/fr\/wp-json\/wp\/v2\/product_cat?post=500768"},{"taxonomy":"product_tag","embeddable":true,"href":"https:\/\/roomvo.50g.io\/fr\/wp-json\/wp\/v2\/product_tag?post=500768"}],"curies":[{"name":"wp","href":"https:\/\/api.w.org\/{rel}","templated":true}]}}