{"id":500785,"date":"2024-02-16T00:24:09","date_gmt":"2024-02-16T00:24:09","guid":{"rendered":"https:\/\/roomvo.50g.io\/produto\/flex-wp\/"},"modified":"2024-02-16T00:24:09","modified_gmt":"2024-02-16T00:24:09","slug":"flex-wp","status":"publish","type":"product","link":"https:\/\/roomvo.50g.io\/fr\/produit\/flex-wp\/","title":{"rendered":"Flex WP"},"content":{"rendered":"","protected":false},"excerpt":{"rendered":"<p>\u00c9tanch\u00e9it\u00e9 \u00e0 deux composants, pour une application sur des supports de b\u00e9ton, de ciment et de briques, \u00e0 l\u2019ext\u00e9rieur.<\/p>\n","protected":false},"featured_media":481507,"template":"","meta":{"_acf_changed":false,"_seopress_robots_primary_cat":"none","_seopress_titles_title":"%%post_title\u00a0%% %%sep\u00a0%% %%sitetitle\u00a0%%","_seopress_titles_desc":"\u00c9tanch\u00e9it\u00e9 \u00e0 deux composants, pour une application sur des supports de b\u00e9ton, de ciment et de briques, \u00e0 l\u2019ext\u00e9rieur.","_seopress_robots_index":""},"n_product_tax-product_admin":[2055,4443],"product_brand":[],"product_cat":[4506,3623],"product_tag":[2058],"class_list":{"0":"post-500785","1":"product","2":"type-product","3":"status-publish","4":"has-post-thumbnail","6":"product_cat-terrasses-finition","7":"product_cat-toits-terrasses","8":"product_tag-pode-max-fr","10":"first","11":"instock","12":"taxable","13":"shipping-taxable","14":"purchasable","15":"product-type-variable"},"acf":[],"_links":{"self":[{"href":"https:\/\/roomvo.50g.io\/fr\/wp-json\/wp\/v2\/product\/500785","targetHints":{"allow":["GET"]}}],"collection":[{"href":"https:\/\/roomvo.50g.io\/fr\/wp-json\/wp\/v2\/product"}],"about":[{"href":"https:\/\/roomvo.50g.io\/fr\/wp-json\/wp\/v2\/types\/product"}],"wp:featuredmedia":[{"embeddable":true,"href":"https:\/\/roomvo.50g.io\/fr\/wp-json\/wp\/v2\/media\/481507"}],"wp:attachment":[{"href":"https:\/\/roomvo.50g.io\/fr\/wp-json\/wp\/v2\/media?parent=500785"}],"wp:term":[{"taxonomy":"n_product_tax-product_admin","embeddable":true,"href":"https:\/\/roomvo.50g.io\/fr\/wp-json\/wp\/v2\/n_product_tax-product_admin?post=500785"},{"taxonomy":"product_brand","embeddable":true,"href":"https:\/\/roomvo.50g.io\/fr\/wp-json\/wp\/v2\/product_brand?post=500785"},{"taxonomy":"product_cat","embeddable":true,"href":"https:\/\/roomvo.50g.io\/fr\/wp-json\/wp\/v2\/product_cat?post=500785"},{"taxonomy":"product_tag","embeddable":true,"href":"https:\/\/roomvo.50g.io\/fr\/wp-json\/wp\/v2\/product_tag?post=500785"}],"curies":[{"name":"wp","href":"https:\/\/api.w.org\/{rel}","templated":true}]}}