{"id":504975,"date":"2024-02-16T00:24:08","date_gmt":"2024-02-16T00:24:08","guid":{"rendered":"https:\/\/roomvo.50g.io\/produto\/biotelhas\/"},"modified":"2024-02-16T00:24:08","modified_gmt":"2024-02-16T00:24:08","slug":"biotelhas","status":"publish","type":"product","link":"https:\/\/roomvo.50g.io\/fr\/produit\/biotelhas\/","title":{"rendered":"Biotiles"},"content":{"rendered":"<p>Le produit con\u00e7u pour enlever facilement la salet\u00e9 de vos carreaux, pierres et surfaces cimentaires, \u00e0 l\u2019ext\u00e9rieur.<br \/>\nCe produit est votre meilleur alli\u00e9 pour garder votre ext\u00e9rieur en parfait \u00e9tat.<\/p>\n<ul>\n<li>Grande efficacit\u00e9 dans l\u2019\u00e9limination des champignons et des algues, nous garantissons un nettoyage en profondeur et durable.<\/li>\n<li>Il p\u00e9n\u00e8tre profond\u00e9ment dans la surface, \u00e9liminant m\u00eame les excroissances les plus tenaces et laisse une apparence fra\u00eeche et renouvel\u00e9e.<\/li>\n<li>Il \u00e9limine les ext\u00e9rieurs monotones et sales et adopte un environnement plus propre, plus sain et plus inspirant.<\/li>\n<\/ul>\n","protected":false},"excerpt":{"rendered":"<p>Produit concentr\u00e9 pour enlever la salet\u00e9 sur le carrelage, la pierre et le ciment, sur les ext\u00e9rieurs.<\/p>\n","protected":false},"featured_media":481509,"template":"","meta":{"_acf_changed":false,"_seopress_robots_primary_cat":"none","_seopress_titles_title":"%%post_title\u00a0%% %%sep\u00a0%% %%sitetitle\u00a0%%","_seopress_titles_desc":"Produit concentr\u00e9 pour enlever la salet\u00e9 sur le carrelage, la pierre et le ciment, sur les ext\u00e9rieurs. Haute efficacit\u00e9 dans l\u2019\u00e9limination des champignons et des algues. ","_seopress_robots_index":""},"n_product_tax-product_admin":[2055,4443],"product_brand":[],"product_cat":[4529,3623],"product_tag":[2058],"class_list":{"0":"post-504975","1":"product","2":"type-product","3":"status-publish","4":"has-post-thumbnail","6":"product_cat-terrasses-preparateur","7":"product_cat-toits-terrasses","8":"product_tag-pode-max-fr","10":"first","11":"instock","12":"taxable","13":"shipping-taxable","14":"purchasable","15":"product-type-variable"},"acf":[],"_links":{"self":[{"href":"https:\/\/roomvo.50g.io\/fr\/wp-json\/wp\/v2\/product\/504975","targetHints":{"allow":["GET"]}}],"collection":[{"href":"https:\/\/roomvo.50g.io\/fr\/wp-json\/wp\/v2\/product"}],"about":[{"href":"https:\/\/roomvo.50g.io\/fr\/wp-json\/wp\/v2\/types\/product"}],"wp:featuredmedia":[{"embeddable":true,"href":"https:\/\/roomvo.50g.io\/fr\/wp-json\/wp\/v2\/media\/481509"}],"wp:attachment":[{"href":"https:\/\/roomvo.50g.io\/fr\/wp-json\/wp\/v2\/media?parent=504975"}],"wp:term":[{"taxonomy":"n_product_tax-product_admin","embeddable":true,"href":"https:\/\/roomvo.50g.io\/fr\/wp-json\/wp\/v2\/n_product_tax-product_admin?post=504975"},{"taxonomy":"product_brand","embeddable":true,"href":"https:\/\/roomvo.50g.io\/fr\/wp-json\/wp\/v2\/product_brand?post=504975"},{"taxonomy":"product_cat","embeddable":true,"href":"https:\/\/roomvo.50g.io\/fr\/wp-json\/wp\/v2\/product_cat?post=504975"},{"taxonomy":"product_tag","embeddable":true,"href":"https:\/\/roomvo.50g.io\/fr\/wp-json\/wp\/v2\/product_tag?post=504975"}],"curies":[{"name":"wp","href":"https:\/\/api.w.org\/{rel}","templated":true}]}}