{"id":504976,"date":"2024-02-16T00:24:08","date_gmt":"2024-02-16T00:24:08","guid":{"rendered":"https:\/\/roomvo.50g.io\/produto\/ferro-efeito-forjado\/"},"modified":"2024-02-16T00:24:08","modified_gmt":"2024-02-16T00:24:08","slug":"ferro-efeito-forjado","status":"publish","type":"product","link":"https:\/\/roomvo.50g.io\/fr\/produit\/ferro-efeito-forjado\/","title":{"rendered":"Effet fer forg\u00e9"},"content":{"rendered":"<p>\u00c9mail gel satin\u00e9 synth\u00e9tique de haute qualit\u00e9 pour une application directe sur le fer \u00e0 repasser \u00e0 l\u2019ext\u00e9rieur.<\/p>\n<ul>\n<li>Haute adh\u00e9rence aux substrats ferreux, pas besoin d\u2019appr\u00eat&nbsp;;<\/li>\n<li>Il donne un effet forg\u00e9 aux surfaces o\u00f9 il est appliqu\u00e9&nbsp;;<\/li>\n<li>Prot\u00e8ge efficacement contre la rouille ;<\/li>\n<li>Disponible dans un choix tr\u00e8s minutieux de couleurs, pour un effet forg\u00e9 unique et sophistiqu\u00e9.<\/li>\n<\/ul>\n","protected":false},"excerpt":{"rendered":"<p>\u00c9mail gel satin\u00e9 synth\u00e9tique de haute qualit\u00e9 pour une application directe sur le fer \u00e0 repasser \u00e0 l\u2019ext\u00e9rieur.<\/p>\n","protected":false},"featured_media":481571,"template":"","meta":{"_acf_changed":false,"_seopress_robots_primary_cat":"none","_seopress_titles_title":"%%post_title\u00a0%% %%sep\u00a0%% %%sitetitle\u00a0%%","_seopress_titles_desc":"\u00c9mail gel satin\u00e9 synth\u00e9tique de haute qualit\u00e9 pour une application directe sur le fer \u00e0 repasser \u00e0 l\u2019ext\u00e9rieur.","_seopress_robots_index":""},"n_product_tax-product_admin":[2055],"product_brand":[],"product_cat":[4516,3626],"product_tag":[2058],"class_list":{"0":"post-504976","1":"product","2":"type-product","3":"status-publish","4":"has-post-thumbnail","6":"product_cat-dts-2-en-1","7":"product_cat-menuiserie-et-metallerie","8":"product_tag-pode-max-fr","10":"first","11":"instock","12":"taxable","13":"shipping-taxable","14":"purchasable","15":"product-type-variable"},"acf":[],"_links":{"self":[{"href":"https:\/\/roomvo.50g.io\/fr\/wp-json\/wp\/v2\/product\/504976","targetHints":{"allow":["GET"]}}],"collection":[{"href":"https:\/\/roomvo.50g.io\/fr\/wp-json\/wp\/v2\/product"}],"about":[{"href":"https:\/\/roomvo.50g.io\/fr\/wp-json\/wp\/v2\/types\/product"}],"wp:featuredmedia":[{"embeddable":true,"href":"https:\/\/roomvo.50g.io\/fr\/wp-json\/wp\/v2\/media\/481571"}],"wp:attachment":[{"href":"https:\/\/roomvo.50g.io\/fr\/wp-json\/wp\/v2\/media?parent=504976"}],"wp:term":[{"taxonomy":"n_product_tax-product_admin","embeddable":true,"href":"https:\/\/roomvo.50g.io\/fr\/wp-json\/wp\/v2\/n_product_tax-product_admin?post=504976"},{"taxonomy":"product_brand","embeddable":true,"href":"https:\/\/roomvo.50g.io\/fr\/wp-json\/wp\/v2\/product_brand?post=504976"},{"taxonomy":"product_cat","embeddable":true,"href":"https:\/\/roomvo.50g.io\/fr\/wp-json\/wp\/v2\/product_cat?post=504976"},{"taxonomy":"product_tag","embeddable":true,"href":"https:\/\/roomvo.50g.io\/fr\/wp-json\/wp\/v2\/product_tag?post=504976"}],"curies":[{"name":"wp","href":"https:\/\/api.w.org\/{rel}","templated":true}]}}