{"id":505009,"date":"2024-02-16T00:24:08","date_gmt":"2024-02-16T00:24:08","guid":{"rendered":"https:\/\/roomvo.50g.io\/produto\/barbotelhas\/"},"modified":"2024-02-16T00:24:08","modified_gmt":"2024-02-16T00:24:08","slug":"barbotelhas","status":"publish","type":"product","link":"https:\/\/roomvo.50g.io\/fr\/produit\/barbotelhas\/","title":{"rendered":"Barbotelhas"},"content":{"rendered":"<ul>\n<li>Peinture aqueuse mate, 100&nbsp;% acrylique, pour peindre des carreaux de c\u00e9ramique, de fibrociment et de b\u00e9ton \u00e0 l\u2019ext\u00e9rieur.<\/li>\n<li>Imperm\u00e9able et r\u00e9sistant aux UV, prot\u00e9geant vos carreaux pendant longtemps&nbsp;;<\/li>\n<li>Excellente durabilit\u00e9, assurant une peinture durable.<\/li>\n<li>Film r\u00e9sistant au d\u00e9veloppement de champignons et d\u2019algues, pour garder vos carreaux toujours propres et beaux.<\/li>\n<li>Disponible dans les couleurs Tile et Black, pour s\u2019adapter parfaitement au style de votre maison.<\/li>\n<li>Application facile, peut \u00eatre appliqu\u00e9 directement sur la surface des carreaux.<\/li>\n<\/ul>\n<p>Barbotiles pour une couverture longue dur\u00e9e et de haute qualit\u00e9.<\/p>\n","protected":false},"excerpt":{"rendered":"<p>Peinture aqueuse mate, 100&nbsp;% acrylique, pour peindre des carreaux de c\u00e9ramique, de fibrociment et de b\u00e9ton \u00e0 l\u2019ext\u00e9rieur.<\/p>\n","protected":false},"featured_media":481510,"template":"","meta":{"_acf_changed":false,"_seopress_robots_primary_cat":"none","_seopress_titles_title":"%%post_title\u00a0%% %%sep\u00a0%% %%sitetitle\u00a0%%","_seopress_titles_desc":"Peinture aqueuse mate, 100\u00a0% acrylique, pour peindre des carreaux de c\u00e9ramique, de fibrociment et de b\u00e9ton \u00e0 l\u2019ext\u00e9rieur.","_seopress_robots_index":""},"n_product_tax-product_admin":[2055,4443],"product_brand":[],"product_cat":[4536,3623],"product_tag":[2058],"class_list":{"0":"post-505009","1":"product","2":"type-product","3":"status-publish","4":"has-post-thumbnail","6":"product_cat-toits-directement-en-surface","7":"product_cat-toits-terrasses","8":"product_tag-pode-max-fr","10":"first","11":"instock","12":"featured","13":"taxable","14":"shipping-taxable","15":"purchasable","16":"product-type-variable"},"acf":[],"_links":{"self":[{"href":"https:\/\/roomvo.50g.io\/fr\/wp-json\/wp\/v2\/product\/505009","targetHints":{"allow":["GET"]}}],"collection":[{"href":"https:\/\/roomvo.50g.io\/fr\/wp-json\/wp\/v2\/product"}],"about":[{"href":"https:\/\/roomvo.50g.io\/fr\/wp-json\/wp\/v2\/types\/product"}],"wp:featuredmedia":[{"embeddable":true,"href":"https:\/\/roomvo.50g.io\/fr\/wp-json\/wp\/v2\/media\/481510"}],"wp:attachment":[{"href":"https:\/\/roomvo.50g.io\/fr\/wp-json\/wp\/v2\/media?parent=505009"}],"wp:term":[{"taxonomy":"n_product_tax-product_admin","embeddable":true,"href":"https:\/\/roomvo.50g.io\/fr\/wp-json\/wp\/v2\/n_product_tax-product_admin?post=505009"},{"taxonomy":"product_brand","embeddable":true,"href":"https:\/\/roomvo.50g.io\/fr\/wp-json\/wp\/v2\/product_brand?post=505009"},{"taxonomy":"product_cat","embeddable":true,"href":"https:\/\/roomvo.50g.io\/fr\/wp-json\/wp\/v2\/product_cat?post=505009"},{"taxonomy":"product_tag","embeddable":true,"href":"https:\/\/roomvo.50g.io\/fr\/wp-json\/wp\/v2\/product_tag?post=505009"}],"curies":[{"name":"wp","href":"https:\/\/api.w.org\/{rel}","templated":true}]}}