{"id":505347,"date":"2024-02-15T00:43:17","date_gmt":"2024-02-15T00:43:17","guid":{"rendered":"https:\/\/roomvo.50g.io\/produto\/sub-capa-aquosa-branca\/"},"modified":"2024-02-15T00:43:17","modified_gmt":"2024-02-15T00:43:17","slug":"sub-capa-aquosa-branca","status":"publish","type":"product","link":"https:\/\/roomvo.50g.io\/fr\/produit\/sub-capa-aquosa-branca\/","title":{"rendered":"Sous-poil blanc aqueux"},"content":{"rendered":"<p>Appr\u00eat\/sous-couche aqueuse pour application sur le bois, \u00e0 l\u2019int\u00e9rieur et \u00e0 l\u2019ext\u00e9rieur.<\/p>\n<ul>\n<li>Pouvoir gonflant \u00e9lev\u00e9 et pon\u00e7age facile&nbsp;;<\/li>\n<li>Faible teneur en COV, pas d\u2019odeur&nbsp;;<\/li>\n<li>Bonne \u00e9lasticit\u00e9.<\/li>\n<\/ul>\n","protected":false},"excerpt":{"rendered":"<p>Appr\u00eat\/sous-couche aqueuse pour application sur le bois, \u00e0 l\u2019int\u00e9rieur et \u00e0 l\u2019ext\u00e9rieur.<\/p>\n","protected":false},"featured_media":481592,"template":"","meta":{"_acf_changed":false,"_seopress_robots_primary_cat":"none","_seopress_titles_title":"%%post_title\u00a0%% %%sep\u00a0%% %%sitetitle\u00a0%%","_seopress_titles_desc":"Appr\u00eat\/sous-couche aqueuse pour application sur le bois, \u00e0 l\u2019int\u00e9rieur et \u00e0 l\u2019ext\u00e9rieur.","_seopress_robots_index":""},"n_product_tax-product_admin":[3821],"product_brand":[],"product_cat":[4481,3626],"product_tag":[],"class_list":{"0":"post-505347","1":"product","2":"type-product","3":"status-publish","4":"has-post-thumbnail","6":"product_cat-primaire","7":"product_cat-menuiserie-et-metallerie","9":"first","10":"instock","11":"taxable","12":"shipping-taxable","13":"purchasable","14":"product-type-variable"},"acf":[],"_links":{"self":[{"href":"https:\/\/roomvo.50g.io\/fr\/wp-json\/wp\/v2\/product\/505347","targetHints":{"allow":["GET"]}}],"collection":[{"href":"https:\/\/roomvo.50g.io\/fr\/wp-json\/wp\/v2\/product"}],"about":[{"href":"https:\/\/roomvo.50g.io\/fr\/wp-json\/wp\/v2\/types\/product"}],"wp:featuredmedia":[{"embeddable":true,"href":"https:\/\/roomvo.50g.io\/fr\/wp-json\/wp\/v2\/media\/481592"}],"wp:attachment":[{"href":"https:\/\/roomvo.50g.io\/fr\/wp-json\/wp\/v2\/media?parent=505347"}],"wp:term":[{"taxonomy":"n_product_tax-product_admin","embeddable":true,"href":"https:\/\/roomvo.50g.io\/fr\/wp-json\/wp\/v2\/n_product_tax-product_admin?post=505347"},{"taxonomy":"product_brand","embeddable":true,"href":"https:\/\/roomvo.50g.io\/fr\/wp-json\/wp\/v2\/product_brand?post=505347"},{"taxonomy":"product_cat","embeddable":true,"href":"https:\/\/roomvo.50g.io\/fr\/wp-json\/wp\/v2\/product_cat?post=505347"},{"taxonomy":"product_tag","embeddable":true,"href":"https:\/\/roomvo.50g.io\/fr\/wp-json\/wp\/v2\/product_tag?post=505347"}],"curies":[{"name":"wp","href":"https:\/\/api.w.org\/{rel}","templated":true}]}}