{"id":507288,"date":"2024-02-16T00:23:07","date_gmt":"2024-02-16T00:23:07","guid":{"rendered":"https:\/\/roomvo.50g.io\/produto\/infinity\/"},"modified":"2025-07-19T13:53:34","modified_gmt":"2025-07-19T12:53:34","slug":"infinity","status":"publish","type":"product","link":"https:\/\/roomvo.50g.io\/fr\/produit\/infinity\/","title":{"rendered":"Infini brillant"},"content":{"rendered":"<p>Infinity est un \u00e9mail aqueux mat ou brillant de haute qualit\u00e9 qui transformera la peinture de diff\u00e9rentes surfaces, juste pour les int\u00e9rieurs.<\/p>\n<ul>\n<li>Infinity est plus qu\u2019un simple vernis \u00e0 ongles, c\u2019est un v\u00e9ritable alli\u00e9 pour les amateurs de bricolage.<\/li>\n<li>Gr\u00e2ce \u00e0 sa fonction 2 en 1, il agit comme un appr\u00eat et un finisseur, simplifie le processus de peinture et permet d\u2019\u00e9conomiser du temps et des efforts.<\/li>\n<li>Vous pouvez r\u00e9nover vos meubles de cuisine, vos meubles de salon, peindre les carreaux de salle de bain et bien plus encore, le tout avec un seul produit.<\/li>\n<li>Infinity est le polyvalent que vous devez avoir dans votre bo\u00eete \u00e0 outils.<\/li>\n<li>Avec polyvalence et avec une infinit\u00e9 de couleurs et de surfaces vari\u00e9es des murs, du bois, des m\u00e9taux, du pvc, du verre et de la c\u00e9ramique (carreaux)&nbsp;;<\/li>\n<\/ul>\n<p>Et les couleurs ? M\u00eame le ciel n\u2019est pas la limite ! Vous pouvez cr\u00e9er des combinaisons uniques et personnalis\u00e9es, ce qui rend chaque projet vraiment inspirant.<br \/>\nLaissez libre cours \u00e0 votre imagination, transformez votre espace et cr\u00e9ez un environnement unique qui refl\u00e8te votre personnalit\u00e9. Avec Infinity, le r\u00e9sultat sera toujours infiniment inspirant.   <\/p>\n","protected":false},"excerpt":{"rendered":"<p>\u00c9mail aqueux de haute qualit\u00e9 pour peindre diff\u00e9rentes surfaces \u00e0 l\u2019int\u00e9rieur.<\/p>\n","protected":false},"featured_media":481521,"template":"","meta":{"_acf_changed":false,"_seopress_robots_primary_cat":"none","_seopress_titles_title":"%%post_title\u00a0%% %%sep\u00a0%% %%sitetitle\u00a0%%","_seopress_titles_desc":"\u00c9mail aqueux de haute qualit\u00e9 pour peindre diff\u00e9rentes surfaces \u00e0 l\u2019int\u00e9rieur.","_seopress_robots_index":""},"n_product_tax-product_admin":[2055],"product_brand":[],"product_cat":[4516,3626],"product_tag":[2058],"class_list":{"0":"post-507288","1":"product","2":"type-product","3":"status-publish","4":"has-post-thumbnail","6":"product_cat-dts-2-en-1","7":"product_cat-menuiserie-et-metallerie","8":"product_tag-pode-max-fr","10":"first","11":"instock","12":"featured","13":"taxable","14":"shipping-taxable","15":"purchasable","16":"product-type-variable"},"acf":[],"_links":{"self":[{"href":"https:\/\/roomvo.50g.io\/fr\/wp-json\/wp\/v2\/product\/507288","targetHints":{"allow":["GET"]}}],"collection":[{"href":"https:\/\/roomvo.50g.io\/fr\/wp-json\/wp\/v2\/product"}],"about":[{"href":"https:\/\/roomvo.50g.io\/fr\/wp-json\/wp\/v2\/types\/product"}],"wp:featuredmedia":[{"embeddable":true,"href":"https:\/\/roomvo.50g.io\/fr\/wp-json\/wp\/v2\/media\/481521"}],"wp:attachment":[{"href":"https:\/\/roomvo.50g.io\/fr\/wp-json\/wp\/v2\/media?parent=507288"}],"wp:term":[{"taxonomy":"n_product_tax-product_admin","embeddable":true,"href":"https:\/\/roomvo.50g.io\/fr\/wp-json\/wp\/v2\/n_product_tax-product_admin?post=507288"},{"taxonomy":"product_brand","embeddable":true,"href":"https:\/\/roomvo.50g.io\/fr\/wp-json\/wp\/v2\/product_brand?post=507288"},{"taxonomy":"product_cat","embeddable":true,"href":"https:\/\/roomvo.50g.io\/fr\/wp-json\/wp\/v2\/product_cat?post=507288"},{"taxonomy":"product_tag","embeddable":true,"href":"https:\/\/roomvo.50g.io\/fr\/wp-json\/wp\/v2\/product_tag?post=507288"}],"curies":[{"name":"wp","href":"https:\/\/api.w.org\/{rel}","templated":true}]}}