{"id":509771,"date":"2024-02-16T00:23:07","date_gmt":"2024-02-16T00:23:07","guid":{"rendered":"https:\/\/roomvo.50g.io\/produto\/barbolux-premium\/"},"modified":"2024-02-16T00:23:07","modified_gmt":"2024-02-16T00:23:07","slug":"barbolux-premium","status":"publish","type":"product","link":"https:\/\/roomvo.50g.io\/fr\/produit\/barbolux-premium\/","title":{"rendered":"Barbolux Premium"},"content":{"rendered":"","protected":false},"excerpt":{"rendered":"<p>\u00c9mail synth\u00e9tique brillant, pour la protection et la d\u00e9coration des bois et des m\u00e9taux, \u00e0 l\u2019ext\u00e9rieur et \u00e0 l\u2019int\u00e9rieur.<\/p>\n","protected":false},"featured_media":481525,"template":"","meta":{"_acf_changed":false,"_seopress_robots_primary_cat":"none","_seopress_titles_title":"%%post_title\u00a0%% %%sep\u00a0%% %%sitetitle\u00a0%%","_seopress_titles_desc":"\u00c9mail synth\u00e9tique brillant, pour la protection et la d\u00e9coration des bois et des m\u00e9taux, \u00e0 l\u2019ext\u00e9rieur et \u00e0 l\u2019int\u00e9rieur.","_seopress_robots_index":""},"n_product_tax-product_admin":[2055],"product_brand":[],"product_cat":[4412,3626],"product_tag":[2058],"class_list":{"0":"post-509771","1":"product","2":"type-product","3":"status-publish","4":"has-post-thumbnail","6":"product_cat-emaux-finition","7":"product_cat-menuiserie-et-metallerie","8":"product_tag-pode-max-fr","10":"first","11":"instock","12":"featured","13":"taxable","14":"shipping-taxable","15":"purchasable","16":"product-type-variable"},"acf":[],"_links":{"self":[{"href":"https:\/\/roomvo.50g.io\/fr\/wp-json\/wp\/v2\/product\/509771","targetHints":{"allow":["GET"]}}],"collection":[{"href":"https:\/\/roomvo.50g.io\/fr\/wp-json\/wp\/v2\/product"}],"about":[{"href":"https:\/\/roomvo.50g.io\/fr\/wp-json\/wp\/v2\/types\/product"}],"wp:featuredmedia":[{"embeddable":true,"href":"https:\/\/roomvo.50g.io\/fr\/wp-json\/wp\/v2\/media\/481525"}],"wp:attachment":[{"href":"https:\/\/roomvo.50g.io\/fr\/wp-json\/wp\/v2\/media?parent=509771"}],"wp:term":[{"taxonomy":"n_product_tax-product_admin","embeddable":true,"href":"https:\/\/roomvo.50g.io\/fr\/wp-json\/wp\/v2\/n_product_tax-product_admin?post=509771"},{"taxonomy":"product_brand","embeddable":true,"href":"https:\/\/roomvo.50g.io\/fr\/wp-json\/wp\/v2\/product_brand?post=509771"},{"taxonomy":"product_cat","embeddable":true,"href":"https:\/\/roomvo.50g.io\/fr\/wp-json\/wp\/v2\/product_cat?post=509771"},{"taxonomy":"product_tag","embeddable":true,"href":"https:\/\/roomvo.50g.io\/fr\/wp-json\/wp\/v2\/product_tag?post=509771"}],"curies":[{"name":"wp","href":"https:\/\/api.w.org\/{rel}","templated":true}]}}