{"id":515071,"date":"2024-02-14T11:20:34","date_gmt":"2024-02-14T11:20:34","guid":{"rendered":"https:\/\/roomvo.50g.io\/produto\/velatura-colorida-para-madeira\/"},"modified":"2024-02-14T11:20:34","modified_gmt":"2024-02-14T11:20:34","slug":"velatura-colorida-para-madeira","status":"publish","type":"product","link":"https:\/\/roomvo.50g.io\/fr\/produit\/velatura-colorida-para-madeira\/","title":{"rendered":"Teinture color\u00e9e pour bois"},"content":{"rendered":"","protected":false},"excerpt":{"rendered":"<p>Coloration au solvant pour la d\u00e9coration int\u00e9rieure du bois neuf.<\/p>\n","protected":false},"featured_media":481512,"template":"","meta":{"_acf_changed":false,"_seopress_robots_primary_cat":"none","_seopress_titles_title":"%%post_title\u00a0%% %%sep\u00a0%% %%sitetitle\u00a0%%","_seopress_titles_desc":"Coloration au solvant pour la d\u00e9coration int\u00e9rieure du bois neuf.","_seopress_robots_index":""},"n_product_tax-product_admin":[4586],"product_brand":[],"product_cat":[4483,3626],"product_tag":[],"class_list":{"0":"post-515071","1":"product","2":"type-product","3":"status-publish","4":"has-post-thumbnail","6":"product_cat-preparateur","7":"product_cat-menuiserie-et-metallerie","9":"first","10":"instock","11":"taxable","12":"shipping-taxable","13":"purchasable","14":"product-type-variable"},"acf":[],"_links":{"self":[{"href":"https:\/\/roomvo.50g.io\/fr\/wp-json\/wp\/v2\/product\/515071","targetHints":{"allow":["GET"]}}],"collection":[{"href":"https:\/\/roomvo.50g.io\/fr\/wp-json\/wp\/v2\/product"}],"about":[{"href":"https:\/\/roomvo.50g.io\/fr\/wp-json\/wp\/v2\/types\/product"}],"wp:featuredmedia":[{"embeddable":true,"href":"https:\/\/roomvo.50g.io\/fr\/wp-json\/wp\/v2\/media\/481512"}],"wp:attachment":[{"href":"https:\/\/roomvo.50g.io\/fr\/wp-json\/wp\/v2\/media?parent=515071"}],"wp:term":[{"taxonomy":"n_product_tax-product_admin","embeddable":true,"href":"https:\/\/roomvo.50g.io\/fr\/wp-json\/wp\/v2\/n_product_tax-product_admin?post=515071"},{"taxonomy":"product_brand","embeddable":true,"href":"https:\/\/roomvo.50g.io\/fr\/wp-json\/wp\/v2\/product_brand?post=515071"},{"taxonomy":"product_cat","embeddable":true,"href":"https:\/\/roomvo.50g.io\/fr\/wp-json\/wp\/v2\/product_cat?post=515071"},{"taxonomy":"product_tag","embeddable":true,"href":"https:\/\/roomvo.50g.io\/fr\/wp-json\/wp\/v2\/product_tag?post=515071"}],"curies":[{"name":"wp","href":"https:\/\/api.w.org\/{rel}","templated":true}]}}