{"id":515091,"date":"2024-02-09T01:34:51","date_gmt":"2024-02-09T01:34:51","guid":{"rendered":"https:\/\/roomvo.50g.io\/produto\/ferro\/"},"modified":"2025-07-19T14:40:22","modified_gmt":"2025-07-19T13:40:22","slug":"ferro","status":"publish","type":"product","link":"https:\/\/roomvo.50g.io\/fr\/produit\/ferro\/","title":{"rendered":"Fer"},"content":{"rendered":"<p>\u00c9mail synth\u00e9tique brillant de haute qualit\u00e9 pour une application directe sur le fer \u00e0 l\u2019ext\u00e9rieur.<\/p>\n<ul>\n<li>Haute adh\u00e9rence aux substrats ferreux&nbsp;;<\/li>\n<li>2 en 1, pas besoin d\u2019appr\u00eat ;<\/li>\n<li>L\u00e9ger et r\u00e9sistant aux intemp\u00e9ries&nbsp;;<\/li>\n<li>Prot\u00e8ge efficacement contre la rouille ;<\/li>\n<li>Disponible dans toutes les couleurs.<\/li>\n<\/ul>\n","protected":false},"excerpt":{"rendered":"<p>\u00c9mail synth\u00e9tique brillant de haute qualit\u00e9 pour une application directe sur le fer \u00e0 l\u2019ext\u00e9rieur.<\/p>\n","protected":false},"featured_media":481522,"template":"","meta":{"_acf_changed":false,"_seopress_robots_primary_cat":"none","_seopress_titles_title":"%%post_title\u00a0%% %%sep\u00a0%% %%sitetitle\u00a0%%","_seopress_titles_desc":"\u00c9mail synth\u00e9tique brillant de haute qualit\u00e9 pour une application directe sur le fer \u00e0 l\u2019ext\u00e9rieur.","_seopress_robots_index":""},"n_product_tax-product_admin":[2055],"product_brand":[],"product_cat":[4516,3626],"product_tag":[2058],"class_list":{"0":"post-515091","1":"product","2":"type-product","3":"status-publish","4":"has-post-thumbnail","6":"product_cat-dts-2-en-1","7":"product_cat-menuiserie-et-metallerie","8":"product_tag-pode-max-fr","10":"first","11":"instock","12":"taxable","13":"shipping-taxable","14":"purchasable","15":"product-type-variable"},"acf":[],"_links":{"self":[{"href":"https:\/\/roomvo.50g.io\/fr\/wp-json\/wp\/v2\/product\/515091","targetHints":{"allow":["GET"]}}],"collection":[{"href":"https:\/\/roomvo.50g.io\/fr\/wp-json\/wp\/v2\/product"}],"about":[{"href":"https:\/\/roomvo.50g.io\/fr\/wp-json\/wp\/v2\/types\/product"}],"wp:featuredmedia":[{"embeddable":true,"href":"https:\/\/roomvo.50g.io\/fr\/wp-json\/wp\/v2\/media\/481522"}],"wp:attachment":[{"href":"https:\/\/roomvo.50g.io\/fr\/wp-json\/wp\/v2\/media?parent=515091"}],"wp:term":[{"taxonomy":"n_product_tax-product_admin","embeddable":true,"href":"https:\/\/roomvo.50g.io\/fr\/wp-json\/wp\/v2\/n_product_tax-product_admin?post=515091"},{"taxonomy":"product_brand","embeddable":true,"href":"https:\/\/roomvo.50g.io\/fr\/wp-json\/wp\/v2\/product_brand?post=515091"},{"taxonomy":"product_cat","embeddable":true,"href":"https:\/\/roomvo.50g.io\/fr\/wp-json\/wp\/v2\/product_cat?post=515091"},{"taxonomy":"product_tag","embeddable":true,"href":"https:\/\/roomvo.50g.io\/fr\/wp-json\/wp\/v2\/product_tag?post=515091"}],"curies":[{"name":"wp","href":"https:\/\/api.w.org\/{rel}","templated":true}]}}