{"id":517375,"date":"2024-02-03T02:55:28","date_gmt":"2024-02-03T02:55:28","guid":{"rendered":"https:\/\/roomvo.50g.io\/produto\/isolante-isocril\/"},"modified":"2024-02-03T02:55:28","modified_gmt":"2024-02-03T02:55:28","slug":"isolante-isocril","status":"publish","type":"product","link":"https:\/\/roomvo.50g.io\/fr\/produit\/isolante-isocril\/","title":{"rendered":"Isolant isocril"},"content":{"rendered":"<p>Appr\u00eat solvant, indiqu\u00e9 pour agglutiner et consolider les murs.<\/p>\n<ul>\n<li>Pouvoir d\u2019agglutination \u00e9lev\u00e9&nbsp;;<\/li>\n<li>R\u00e9gularise l\u2019absorption de surface&nbsp;;<\/li>\n<li>Propri\u00e9t\u00e9s anti-salp\u00eatre et hydrofuge ;<\/li>\n<li>N\u00e9cessite 1425 diluant.<\/li>\n<\/ul>\n","protected":false},"excerpt":{"rendered":"<p>Appr\u00eat solvant, indiqu\u00e9 pour agglutiner et consolider les supports des fa\u00e7ades.<\/p>\n","protected":false},"featured_media":481547,"template":"","meta":{"_acf_changed":false,"_seopress_robots_primary_cat":"none","_seopress_titles_title":"%%post_title\u00a0%% %%sep\u00a0%% %%sitetitle\u00a0%%","_seopress_titles_desc":"Appr\u00eat solvant, indiqu\u00e9 pour agglutiner et consolider les supports des fa\u00e7ades.","_seopress_robots_index":""},"n_product_tax-product_admin":[3821,2055],"product_brand":[],"product_cat":[4595,3620],"product_tag":[2058],"class_list":{"0":"post-517375","1":"product","2":"type-product","3":"status-publish","4":"has-post-thumbnail","6":"product_cat-primaire-fr","7":"product_cat-facades-fr","8":"product_tag-pode-max-fr","10":"first","11":"instock","12":"taxable","13":"shipping-taxable","14":"purchasable","15":"product-type-variable"},"acf":[],"_links":{"self":[{"href":"https:\/\/roomvo.50g.io\/fr\/wp-json\/wp\/v2\/product\/517375","targetHints":{"allow":["GET"]}}],"collection":[{"href":"https:\/\/roomvo.50g.io\/fr\/wp-json\/wp\/v2\/product"}],"about":[{"href":"https:\/\/roomvo.50g.io\/fr\/wp-json\/wp\/v2\/types\/product"}],"wp:featuredmedia":[{"embeddable":true,"href":"https:\/\/roomvo.50g.io\/fr\/wp-json\/wp\/v2\/media\/481547"}],"wp:attachment":[{"href":"https:\/\/roomvo.50g.io\/fr\/wp-json\/wp\/v2\/media?parent=517375"}],"wp:term":[{"taxonomy":"n_product_tax-product_admin","embeddable":true,"href":"https:\/\/roomvo.50g.io\/fr\/wp-json\/wp\/v2\/n_product_tax-product_admin?post=517375"},{"taxonomy":"product_brand","embeddable":true,"href":"https:\/\/roomvo.50g.io\/fr\/wp-json\/wp\/v2\/product_brand?post=517375"},{"taxonomy":"product_cat","embeddable":true,"href":"https:\/\/roomvo.50g.io\/fr\/wp-json\/wp\/v2\/product_cat?post=517375"},{"taxonomy":"product_tag","embeddable":true,"href":"https:\/\/roomvo.50g.io\/fr\/wp-json\/wp\/v2\/product_tag?post=517375"}],"curies":[{"name":"wp","href":"https:\/\/api.w.org\/{rel}","templated":true}]}}