{"id":518129,"date":"2024-02-14T23:58:48","date_gmt":"2024-02-14T23:58:48","guid":{"rendered":"https:\/\/roomvo.50g.io\/produto\/prodex-original\/"},"modified":"2025-07-19T14:49:14","modified_gmt":"2025-07-19T13:49:14","slug":"prodex-original","status":"publish","type":"product","link":"https:\/\/roomvo.50g.io\/fr\/produit\/prodex-original\/","title":{"rendered":"Prodex Original"},"content":{"rendered":"","protected":false},"excerpt":{"rendered":"<p>Vernis synth\u00e9tique avec une bonne impr\u00e9gnabilit\u00e9 qui met en valeur la texture naturelle du bois, tant \u00e0 l\u2019ext\u00e9rieur qu\u2019\u00e0 l\u2019int\u00e9rieur.<\/p>\n","protected":false},"featured_media":481517,"template":"","meta":{"_acf_changed":false,"_seopress_robots_primary_cat":"none","_seopress_titles_title":"%%post_title\u00a0%% %%sep\u00a0%% %%sitetitle\u00a0%%","_seopress_titles_desc":"Vernis synth\u00e9tique avec une bonne impr\u00e9gnabilit\u00e9 qui met en valeur la texture naturelle du bois, tant \u00e0 l\u2019ext\u00e9rieur qu\u2019\u00e0 l\u2019int\u00e9rieur.","_seopress_robots_index":""},"n_product_tax-product_admin":[3918],"product_brand":[],"product_cat":[4516,3626],"product_tag":[2560],"class_list":{"0":"post-518129","1":"product","2":"type-product","3":"status-publish","4":"has-post-thumbnail","6":"product_cat-dts-2-en-1","7":"product_cat-menuiserie-et-metallerie","8":"product_tag-cristiana-da-costa-fr","10":"first","11":"instock","12":"taxable","13":"shipping-taxable","14":"purchasable","15":"product-type-variable"},"acf":[],"_links":{"self":[{"href":"https:\/\/roomvo.50g.io\/fr\/wp-json\/wp\/v2\/product\/518129","targetHints":{"allow":["GET"]}}],"collection":[{"href":"https:\/\/roomvo.50g.io\/fr\/wp-json\/wp\/v2\/product"}],"about":[{"href":"https:\/\/roomvo.50g.io\/fr\/wp-json\/wp\/v2\/types\/product"}],"wp:featuredmedia":[{"embeddable":true,"href":"https:\/\/roomvo.50g.io\/fr\/wp-json\/wp\/v2\/media\/481517"}],"wp:attachment":[{"href":"https:\/\/roomvo.50g.io\/fr\/wp-json\/wp\/v2\/media?parent=518129"}],"wp:term":[{"taxonomy":"n_product_tax-product_admin","embeddable":true,"href":"https:\/\/roomvo.50g.io\/fr\/wp-json\/wp\/v2\/n_product_tax-product_admin?post=518129"},{"taxonomy":"product_brand","embeddable":true,"href":"https:\/\/roomvo.50g.io\/fr\/wp-json\/wp\/v2\/product_brand?post=518129"},{"taxonomy":"product_cat","embeddable":true,"href":"https:\/\/roomvo.50g.io\/fr\/wp-json\/wp\/v2\/product_cat?post=518129"},{"taxonomy":"product_tag","embeddable":true,"href":"https:\/\/roomvo.50g.io\/fr\/wp-json\/wp\/v2\/product_tag?post=518129"}],"curies":[{"name":"wp","href":"https:\/\/api.w.org\/{rel}","templated":true}]}}