{"id":521741,"date":"2024-02-03T00:01:54","date_gmt":"2024-02-03T00:01:54","guid":{"rendered":"https:\/\/roomvo.50g.io\/produto\/nature\/"},"modified":"2025-07-19T15:53:35","modified_gmt":"2025-07-19T14:53:35","slug":"nature","status":"publish","type":"product","link":"https:\/\/roomvo.50g.io\/fr\/produit\/nature\/","title":{"rendered":"Nature"},"content":{"rendered":"<p>Peinture aqueuse mate de haute qualit\u00e9, produite \u00e0 partir de mati\u00e8res premi\u00e8res renouvelables, pour la peinture des murs int\u00e9rieurs.<\/p>\n","protected":false},"excerpt":{"rendered":"<p>Notre solution \u00e9co-responsable qui transforme vos espaces, en votre maison.<\/p>\n","protected":false},"featured_media":481599,"template":"","meta":{"_acf_changed":false,"_seopress_robots_primary_cat":"none","_seopress_titles_title":"%%post_title\u00a0%% %%sep\u00a0%% %%sitetitle\u00a0%%","_seopress_titles_desc":"Notre solution \u00e9co-responsable qui transforme vos espaces, en votre maison.","_seopress_robots_index":""},"n_product_tax-product_admin":[2055,3918],"product_brand":[],"product_cat":[2056,3621],"product_tag":[4499,4498,2058],"class_list":{"0":"post-521741","1":"product","2":"type-product","3":"status-publish","4":"has-post-thumbnail","6":"product_cat-finitions","7":"product_cat-murs-plafonds","8":"product_tag-dtc-murs-plafonds","9":"product_tag-interieurs-dtc","10":"product_tag-pode-max-fr","12":"first","13":"instock","14":"taxable","15":"shipping-taxable","16":"purchasable","17":"product-type-variable"},"acf":[],"_links":{"self":[{"href":"https:\/\/roomvo.50g.io\/fr\/wp-json\/wp\/v2\/product\/521741","targetHints":{"allow":["GET"]}}],"collection":[{"href":"https:\/\/roomvo.50g.io\/fr\/wp-json\/wp\/v2\/product"}],"about":[{"href":"https:\/\/roomvo.50g.io\/fr\/wp-json\/wp\/v2\/types\/product"}],"wp:featuredmedia":[{"embeddable":true,"href":"https:\/\/roomvo.50g.io\/fr\/wp-json\/wp\/v2\/media\/481599"}],"wp:attachment":[{"href":"https:\/\/roomvo.50g.io\/fr\/wp-json\/wp\/v2\/media?parent=521741"}],"wp:term":[{"taxonomy":"n_product_tax-product_admin","embeddable":true,"href":"https:\/\/roomvo.50g.io\/fr\/wp-json\/wp\/v2\/n_product_tax-product_admin?post=521741"},{"taxonomy":"product_brand","embeddable":true,"href":"https:\/\/roomvo.50g.io\/fr\/wp-json\/wp\/v2\/product_brand?post=521741"},{"taxonomy":"product_cat","embeddable":true,"href":"https:\/\/roomvo.50g.io\/fr\/wp-json\/wp\/v2\/product_cat?post=521741"},{"taxonomy":"product_tag","embeddable":true,"href":"https:\/\/roomvo.50g.io\/fr\/wp-json\/wp\/v2\/product_tag?post=521741"}],"curies":[{"name":"wp","href":"https:\/\/api.w.org\/{rel}","templated":true}]}}