{"id":522495,"date":"2024-02-03T00:05:57","date_gmt":"2024-02-03T00:05:57","guid":{"rendered":"https:\/\/roomvo.50g.io\/produto\/dioplaste\/"},"modified":"2025-07-19T16:04:30","modified_gmt":"2025-07-19T15:04:30","slug":"dioplaste","status":"publish","type":"product","link":"https:\/\/roomvo.50g.io\/fr\/produit\/dioplaste\/","title":{"rendered":"Dioplaste"},"content":{"rendered":"<p>Depuis plus de 6 d\u00e9cennies, Dioplaste est l\u2019incarnation du choix des consommateurs. La finition mate impeccable en fait le meilleur choix pour ceux qui recherchent une excellente solution qualit\u00e9\/prix. <\/p>\n<ul>\n<li>Bonne couverture<\/li>\n<li>Bon laquage<\/li>\n<li>Finition mate compl\u00e8te<\/li>\n<\/ul>\n<p>Et la meilleure partie ? L\u2019application de Dioplaste est tr\u00e8s facile, ce qui le rend accessible \u00e0 tous. Cela vous aidera \u00e0 cr\u00e9er un espace o\u00f9 vous vous sentirez vraiment chez vous, o\u00f9 vous pourrez vous d\u00e9tendre, vous d\u00e9tendre et \u00eatre vous-m\u00eame.  <\/p>\n","protected":false},"excerpt":{"rendered":"<p>Peinture aqueuse mate de bonne qualit\u00e9 pour la peinture des murs int\u00e9rieurs et des plafonds.<\/p>\n","protected":false},"featured_media":481597,"template":"","meta":{"_acf_changed":false,"_seopress_robots_primary_cat":"none","_seopress_titles_title":"%%post_title\u00a0%% %%sep\u00a0%% %%sitetitle\u00a0%%","_seopress_titles_desc":"Peinture aqueuse mate de bonne qualit\u00e9 pour la peinture des murs int\u00e9rieurs et des plafonds.","_seopress_robots_index":""},"n_product_tax-product_admin":[2055,3918],"product_brand":[],"product_cat":[2056,3621],"product_tag":[4499,4498,2058],"class_list":{"0":"post-522495","1":"product","2":"type-product","3":"status-publish","4":"has-post-thumbnail","6":"product_cat-finitions","7":"product_cat-murs-plafonds","8":"product_tag-dtc-murs-plafonds","9":"product_tag-interieurs-dtc","10":"product_tag-pode-max-fr","12":"first","13":"instock","14":"sale","15":"taxable","16":"shipping-taxable","17":"purchasable","18":"product-type-variable"},"acf":[],"_links":{"self":[{"href":"https:\/\/roomvo.50g.io\/fr\/wp-json\/wp\/v2\/product\/522495","targetHints":{"allow":["GET"]}}],"collection":[{"href":"https:\/\/roomvo.50g.io\/fr\/wp-json\/wp\/v2\/product"}],"about":[{"href":"https:\/\/roomvo.50g.io\/fr\/wp-json\/wp\/v2\/types\/product"}],"wp:featuredmedia":[{"embeddable":true,"href":"https:\/\/roomvo.50g.io\/fr\/wp-json\/wp\/v2\/media\/481597"}],"wp:attachment":[{"href":"https:\/\/roomvo.50g.io\/fr\/wp-json\/wp\/v2\/media?parent=522495"}],"wp:term":[{"taxonomy":"n_product_tax-product_admin","embeddable":true,"href":"https:\/\/roomvo.50g.io\/fr\/wp-json\/wp\/v2\/n_product_tax-product_admin?post=522495"},{"taxonomy":"product_brand","embeddable":true,"href":"https:\/\/roomvo.50g.io\/fr\/wp-json\/wp\/v2\/product_brand?post=522495"},{"taxonomy":"product_cat","embeddable":true,"href":"https:\/\/roomvo.50g.io\/fr\/wp-json\/wp\/v2\/product_cat?post=522495"},{"taxonomy":"product_tag","embeddable":true,"href":"https:\/\/roomvo.50g.io\/fr\/wp-json\/wp\/v2\/product_tag?post=522495"}],"curies":[{"name":"wp","href":"https:\/\/api.w.org\/{rel}","templated":true}]}}