{"id":523497,"date":"2024-02-03T00:20:14","date_gmt":"2024-02-03T00:20:14","guid":{"rendered":"https:\/\/roomvo.50g.io\/produto\/ardosia\/"},"modified":"2024-02-03T00:20:14","modified_gmt":"2024-02-03T00:20:14","slug":"ardosia","status":"publish","type":"product","link":"https:\/\/roomvo.50g.io\/fr\/produit\/ardosia\/","title":{"rendered":"Ardoise"},"content":{"rendered":"<p>La meilleure solution pour les plus jeunes pour lib\u00e9rer leur cr\u00e9ativit\u00e9 et donner la meilleure raison de \u00ab&nbsp;peindre les murs&nbsp;\u00bb.<\/p>\n<ul>\n<li>Id\u00e9al pour peindre les murs int\u00e9rieurs, vous permettant de dessiner \u00e0 la craie, stimulant la cr\u00e9ativit\u00e9 et l\u2019expression artistique&nbsp;;<\/li>\n<li>Facile \u00e0 nettoyer, assurant la praticit\u00e9 et gardant les murs toujours impeccables&nbsp;;<\/li>\n<li>Il peut \u00eatre appliqu\u00e9 sur n\u2019importe quelle finition et couleur, s\u2019adaptant parfaitement au style de d\u00e9coration&nbsp;;<\/li>\n<li>Disponible en noir&nbsp;;<\/li>\n<\/ul>\n","protected":false},"excerpt":{"rendered":"<p>Facile \u00e0 appliquer, une peinture aqueuse mate qui simule parfaitement l\u2019aspect de l\u2019ardoise.<\/p>\n","protected":false},"featured_media":481566,"template":"","meta":{"_acf_changed":false,"_seopress_robots_primary_cat":"none","_seopress_titles_title":"%%post_title\u00a0%% %%sep\u00a0%% %%sitetitle\u00a0%%","_seopress_titles_desc":"Facile \u00e0 appliquer, une peinture aqueuse mate qui simule parfaitement l\u2019aspect de l\u2019ardoise.","_seopress_robots_index":""},"n_product_tax-product_admin":[3821,2055],"product_brand":[],"product_cat":[2056,3621],"product_tag":[4499,4498,2058],"class_list":{"0":"post-523497","1":"product","2":"type-product","3":"status-publish","4":"has-post-thumbnail","6":"product_cat-finitions","7":"product_cat-murs-plafonds","8":"product_tag-dtc-murs-plafonds","9":"product_tag-interieurs-dtc","10":"product_tag-pode-max-fr","12":"first","13":"instock","14":"featured","15":"taxable","16":"shipping-taxable","17":"purchasable","18":"product-type-variable"},"acf":[],"_links":{"self":[{"href":"https:\/\/roomvo.50g.io\/fr\/wp-json\/wp\/v2\/product\/523497","targetHints":{"allow":["GET"]}}],"collection":[{"href":"https:\/\/roomvo.50g.io\/fr\/wp-json\/wp\/v2\/product"}],"about":[{"href":"https:\/\/roomvo.50g.io\/fr\/wp-json\/wp\/v2\/types\/product"}],"wp:featuredmedia":[{"embeddable":true,"href":"https:\/\/roomvo.50g.io\/fr\/wp-json\/wp\/v2\/media\/481566"}],"wp:attachment":[{"href":"https:\/\/roomvo.50g.io\/fr\/wp-json\/wp\/v2\/media?parent=523497"}],"wp:term":[{"taxonomy":"n_product_tax-product_admin","embeddable":true,"href":"https:\/\/roomvo.50g.io\/fr\/wp-json\/wp\/v2\/n_product_tax-product_admin?post=523497"},{"taxonomy":"product_brand","embeddable":true,"href":"https:\/\/roomvo.50g.io\/fr\/wp-json\/wp\/v2\/product_brand?post=523497"},{"taxonomy":"product_cat","embeddable":true,"href":"https:\/\/roomvo.50g.io\/fr\/wp-json\/wp\/v2\/product_cat?post=523497"},{"taxonomy":"product_tag","embeddable":true,"href":"https:\/\/roomvo.50g.io\/fr\/wp-json\/wp\/v2\/product_tag?post=523497"}],"curies":[{"name":"wp","href":"https:\/\/api.w.org\/{rel}","templated":true}]}}