{"id":523571,"date":"2024-02-03T00:10:39","date_gmt":"2024-02-03T00:10:39","guid":{"rendered":"https:\/\/roomvo.50g.io\/produto\/iman\/"},"modified":"2024-02-03T00:10:39","modified_gmt":"2024-02-03T00:10:39","slug":"iman","status":"publish","type":"product","link":"https:\/\/roomvo.50g.io\/fr\/produit\/iman\/","title":{"rendered":"Aimant"},"content":{"rendered":"<p>Laissez libre cours \u00e0 votre imagination et cr\u00e9ez des compositions uniques avec des aimants, id\u00e9ales pour les chambres, les bureaux, les salons et les espaces cr\u00e9atifs, donnez vie \u00e0 vos murs et rendez votre environnement plus inspirant.<\/p>\n<ul>\n<li>Il peut \u00eatre repeint avec n\u2019importe quel type de peinture de finition aqueuse&nbsp;;<\/li>\n<li>Disponible en couleur Z2 ;<\/li>\n<li>Transformez vos murs en v\u00e9ritables \u0153uvres d\u2019art magn\u00e9tiques ;<\/li>\n<li>Facile \u00e0 appliquer et \u00e0 nettoyer, offrant praticit\u00e9 et durabilit\u00e9.<\/li>\n<\/ul>\n","protected":false},"excerpt":{"rendered":"<p>Peinture aqueuse \u00e0 effet magn\u00e9tique pour la peinture des murs int\u00e9rieurs. Il cr\u00e9e une surface o\u00f9 l\u2019on peut placer des aimants, ce qui permet de personnaliser les murs de mani\u00e8re cr\u00e9ative et inspirante. <\/p>\n","protected":false},"featured_media":481502,"template":"","meta":{"_acf_changed":false,"_seopress_robots_primary_cat":"none","_seopress_titles_title":"%%post_title\u00a0%% %%sep\u00a0%% %%sitetitle\u00a0%%","_seopress_titles_desc":"Peinture aqueuse \u00e0 effet magn\u00e9tique pour la peinture des murs int\u00e9rieurs. Il cr\u00e9e une surface o\u00f9 l\u2019on peut placer des aimants, ce qui permet de personnaliser les murs de mani\u00e8re cr\u00e9ative et inspirante. ","_seopress_robots_index":""},"n_product_tax-product_admin":[3821,2055],"product_brand":[],"product_cat":[2056,3621],"product_tag":[4499,4498,2058],"class_list":{"0":"post-523571","1":"product","2":"type-product","3":"status-publish","4":"has-post-thumbnail","6":"product_cat-finitions","7":"product_cat-murs-plafonds","8":"product_tag-dtc-murs-plafonds","9":"product_tag-interieurs-dtc","10":"product_tag-pode-max-fr","12":"first","13":"instock","14":"taxable","15":"shipping-taxable","16":"purchasable","17":"product-type-variable"},"acf":[],"_links":{"self":[{"href":"https:\/\/roomvo.50g.io\/fr\/wp-json\/wp\/v2\/product\/523571","targetHints":{"allow":["GET"]}}],"collection":[{"href":"https:\/\/roomvo.50g.io\/fr\/wp-json\/wp\/v2\/product"}],"about":[{"href":"https:\/\/roomvo.50g.io\/fr\/wp-json\/wp\/v2\/types\/product"}],"wp:featuredmedia":[{"embeddable":true,"href":"https:\/\/roomvo.50g.io\/fr\/wp-json\/wp\/v2\/media\/481502"}],"wp:attachment":[{"href":"https:\/\/roomvo.50g.io\/fr\/wp-json\/wp\/v2\/media?parent=523571"}],"wp:term":[{"taxonomy":"n_product_tax-product_admin","embeddable":true,"href":"https:\/\/roomvo.50g.io\/fr\/wp-json\/wp\/v2\/n_product_tax-product_admin?post=523571"},{"taxonomy":"product_brand","embeddable":true,"href":"https:\/\/roomvo.50g.io\/fr\/wp-json\/wp\/v2\/product_brand?post=523571"},{"taxonomy":"product_cat","embeddable":true,"href":"https:\/\/roomvo.50g.io\/fr\/wp-json\/wp\/v2\/product_cat?post=523571"},{"taxonomy":"product_tag","embeddable":true,"href":"https:\/\/roomvo.50g.io\/fr\/wp-json\/wp\/v2\/product_tag?post=523571"}],"curies":[{"name":"wp","href":"https:\/\/api.w.org\/{rel}","templated":true}]}}