{"id":523680,"date":"2024-02-03T00:25:36","date_gmt":"2024-02-03T00:25:36","guid":{"rendered":"https:\/\/roomvo.50g.io\/produto\/barboplac\/"},"modified":"2026-03-04T20:08:40","modified_gmt":"2026-03-04T20:08:40","slug":"barboplac","status":"publish","type":"product","link":"https:\/\/roomvo.50g.io\/fr\/produit\/barboplac\/","title":{"rendered":"Barboplac"},"content":{"rendered":"<p>Peinture mate 2 en 1 \u00e0 base d\u2019eau sp\u00e9cialement con\u00e7ue pour une application directe sur les surfaces en plaques de pl\u00e2tre.<\/p>\n<ul>\n<li>Il peut \u00eatre utilis\u00e9 \u00e0 la fois comme appr\u00eat et\/ou comme couche de finition, ce qui permet d\u2019\u00e9conomiser du temps et des efforts.<\/li>\n<li>Il offre une excellente couvrance, assurant une finition impeccable et professionnelle.<\/li>\n<li>Avec sa formule r\u00e9sistante au lavage&nbsp;;<\/li>\n<li>Disponible en blanc.<\/li>\n<\/ul>\n<p>BARBOPLAC r\u00e9siste au nettoyage, ce qui le rend parfait pour les zones \u00e0 fort trafic. Transformez votre espace avec BARBOPLAC et vivez avec nous le r\u00eave de vous sentir chez vous. <\/p>\n","protected":false},"excerpt":{"rendered":"<p>Peinture aqueuse mate, pour une application directe sur les surfaces int\u00e9rieures en plaques de pl\u00e2tre.<\/p>\n","protected":false},"featured_media":481567,"template":"","meta":{"_acf_changed":false,"_seopress_robots_primary_cat":"none","_seopress_titles_title":"%%post_title\u00a0%% %%sep\u00a0%% %%sitetitle\u00a0%%","_seopress_titles_desc":"Peinture aqueuse mate, pour une application directe sur les surfaces int\u00e9rieures en plaques de pl\u00e2tre.","_seopress_robots_index":""},"n_product_tax-product_admin":[2055,3918],"product_brand":[],"product_cat":[4604,3621],"product_tag":[4499,2058],"class_list":{"0":"post-523680","1":"product","2":"type-product","3":"status-publish","4":"has-post-thumbnail","6":"product_cat-dts-2-en-1-fr","7":"product_cat-murs-plafonds","8":"product_tag-dtc-murs-plafonds","9":"product_tag-pode-max-fr","11":"first","12":"instock","13":"taxable","14":"shipping-taxable","15":"purchasable","16":"product-type-variable"},"acf":[],"_links":{"self":[{"href":"https:\/\/roomvo.50g.io\/fr\/wp-json\/wp\/v2\/product\/523680","targetHints":{"allow":["GET"]}}],"collection":[{"href":"https:\/\/roomvo.50g.io\/fr\/wp-json\/wp\/v2\/product"}],"about":[{"href":"https:\/\/roomvo.50g.io\/fr\/wp-json\/wp\/v2\/types\/product"}],"wp:featuredmedia":[{"embeddable":true,"href":"https:\/\/roomvo.50g.io\/fr\/wp-json\/wp\/v2\/media\/481567"}],"wp:attachment":[{"href":"https:\/\/roomvo.50g.io\/fr\/wp-json\/wp\/v2\/media?parent=523680"}],"wp:term":[{"taxonomy":"n_product_tax-product_admin","embeddable":true,"href":"https:\/\/roomvo.50g.io\/fr\/wp-json\/wp\/v2\/n_product_tax-product_admin?post=523680"},{"taxonomy":"product_brand","embeddable":true,"href":"https:\/\/roomvo.50g.io\/fr\/wp-json\/wp\/v2\/product_brand?post=523680"},{"taxonomy":"product_cat","embeddable":true,"href":"https:\/\/roomvo.50g.io\/fr\/wp-json\/wp\/v2\/product_cat?post=523680"},{"taxonomy":"product_tag","embeddable":true,"href":"https:\/\/roomvo.50g.io\/fr\/wp-json\/wp\/v2\/product_tag?post=523680"}],"curies":[{"name":"wp","href":"https:\/\/api.w.org\/{rel}","templated":true}]}}