{"id":525479,"date":"2024-02-03T00:40:02","date_gmt":"2024-02-03T00:40:02","guid":{"rendered":"https:\/\/roomvo.50g.io\/produto\/primario-nature\/"},"modified":"2024-02-03T00:40:02","modified_gmt":"2024-02-03T00:40:02","slug":"primario-nature","status":"publish","type":"product","link":"https:\/\/roomvo.50g.io\/fr\/produit\/primario-nature\/","title":{"rendered":"Nature Primaire"},"content":{"rendered":"<p>Le choix de pr\u00e9parer vos murs int\u00e9rieurs pour cr\u00e9er un espace de vie durable et beau.<\/p>\n<ul>\n<li>Chaque 5 litres de ce produit remarquable permet d\u2019\u00e9conomiser 1,5 kg d\u2019\u00e9missions de CO2 ;<\/li>\n<li>Totalement sans solvant ;<\/li>\n<li>Vous pouvez transformer vos int\u00e9rieurs en toute confiance, sans compromettre la qualit\u00e9 de l\u2019air ni le bien-\u00eatre des v\u00f4tres ;<\/li>\n<\/ul>\n<p>Choisissez Nature Primer et laissez vos murs raconter une histoire de durabilit\u00e9, de beaut\u00e9 et d\u2019inspiration. Ensemble, nous ferons une diff\u00e9rence pour notre plan\u00e8te et cr\u00e9erons un avenir plus sain pour les g\u00e9n\u00e9rations \u00e0 venir. <\/p>\n","protected":false},"excerpt":{"rendered":"<p>Appr\u00eat aqueux, produit \u00e0 partir de mati\u00e8res premi\u00e8res renouvelables, pour les murs int\u00e9rieurs.<\/p>\n","protected":false},"featured_media":481498,"template":"","meta":{"_acf_changed":false,"_seopress_robots_primary_cat":"none","_seopress_titles_title":"%%post_title\u00a0%% %%sep\u00a0%% %%sitetitle\u00a0%%","_seopress_titles_desc":"Appr\u00eat aqueux, produit \u00e0 partir de mati\u00e8res premi\u00e8res renouvelables, pour les murs int\u00e9rieurs.","_seopress_robots_index":""},"n_product_tax-product_admin":[3821],"product_brand":[],"product_cat":[4617,3621],"product_tag":[4499],"class_list":{"0":"post-525479","1":"product","2":"type-product","3":"status-publish","4":"has-post-thumbnail","6":"product_cat-murs-et-plafonds-primaires","7":"product_cat-murs-plafonds","8":"product_tag-dtc-murs-plafonds","10":"first","11":"instock","12":"taxable","13":"shipping-taxable","14":"purchasable","15":"product-type-variable"},"acf":[],"_links":{"self":[{"href":"https:\/\/roomvo.50g.io\/fr\/wp-json\/wp\/v2\/product\/525479","targetHints":{"allow":["GET"]}}],"collection":[{"href":"https:\/\/roomvo.50g.io\/fr\/wp-json\/wp\/v2\/product"}],"about":[{"href":"https:\/\/roomvo.50g.io\/fr\/wp-json\/wp\/v2\/types\/product"}],"wp:featuredmedia":[{"embeddable":true,"href":"https:\/\/roomvo.50g.io\/fr\/wp-json\/wp\/v2\/media\/481498"}],"wp:attachment":[{"href":"https:\/\/roomvo.50g.io\/fr\/wp-json\/wp\/v2\/media?parent=525479"}],"wp:term":[{"taxonomy":"n_product_tax-product_admin","embeddable":true,"href":"https:\/\/roomvo.50g.io\/fr\/wp-json\/wp\/v2\/n_product_tax-product_admin?post=525479"},{"taxonomy":"product_brand","embeddable":true,"href":"https:\/\/roomvo.50g.io\/fr\/wp-json\/wp\/v2\/product_brand?post=525479"},{"taxonomy":"product_cat","embeddable":true,"href":"https:\/\/roomvo.50g.io\/fr\/wp-json\/wp\/v2\/product_cat?post=525479"},{"taxonomy":"product_tag","embeddable":true,"href":"https:\/\/roomvo.50g.io\/fr\/wp-json\/wp\/v2\/product_tag?post=525479"}],"curies":[{"name":"wp","href":"https:\/\/api.w.org\/{rel}","templated":true}]}}