{"id":525486,"date":"2024-02-03T00:50:21","date_gmt":"2024-02-03T00:50:21","guid":{"rendered":"https:\/\/roomvo.50g.io\/produto\/primario-barbolite-hydro\/"},"modified":"2024-02-03T00:50:21","modified_gmt":"2024-02-03T00:50:21","slug":"primario-barbolite-hydro","status":"publish","type":"product","link":"https:\/\/roomvo.50g.io\/fr\/produit\/primario-barbolite-hydro\/","title":{"rendered":"Barbolite Hydro Primer"},"content":{"rendered":"<p>Appr\u00eat aqueux pour murs int\u00e9rieurs et ext\u00e9rieurs.<\/p>\n<ul>\n<li>Gr\u00e2ce aux r\u00e9sines Hydro Pliolite, il vous permet de pr\u00e9parer les murs \u00e0 faire face \u00e0 l\u2019alcalinit\u00e9 et \u00e0 l\u2019effritement des parois&nbsp;;<\/li>\n<li>Prot\u00e8ge et renforce les murs, donnant une base solide pour l\u2019application de finition&nbsp;;<\/li>\n<li>Facile \u00e0 appliquer.<\/li>\n<\/ul>\n<p>Il garantit une surface lisse pr\u00eate \u00e0 recevoir des finitions d\u00e9coratives.<\/p>\n","protected":false},"excerpt":{"rendered":"<p>Appr\u00eat aqueux, avec des r\u00e9sines hydro pliolites, pour les murs int\u00e9rieurs.<\/p>\n","protected":false},"featured_media":481496,"template":"","meta":{"_acf_changed":false,"_seopress_robots_primary_cat":"none","_seopress_titles_title":"%%post_title\u00a0%% %%sep\u00a0%% %%sitetitle\u00a0%%","_seopress_titles_desc":"Appr\u00eat aqueux, avec des r\u00e9sines hydro pliolites, pour les murs int\u00e9rieurs.","_seopress_robots_index":""},"n_product_tax-product_admin":[],"product_brand":[],"product_cat":[4617,3621],"product_tag":[4499,2057],"class_list":{"0":"post-525486","1":"product","2":"type-product","3":"status-publish","4":"has-post-thumbnail","6":"product_cat-murs-et-plafonds-primaires","7":"product_cat-murs-plafonds","8":"product_tag-dtc-murs-plafonds","9":"product_tag-odajoana-fr","11":"first","12":"instock","13":"taxable","14":"shipping-taxable","15":"purchasable","16":"product-type-variable"},"acf":[],"_links":{"self":[{"href":"https:\/\/roomvo.50g.io\/fr\/wp-json\/wp\/v2\/product\/525486","targetHints":{"allow":["GET"]}}],"collection":[{"href":"https:\/\/roomvo.50g.io\/fr\/wp-json\/wp\/v2\/product"}],"about":[{"href":"https:\/\/roomvo.50g.io\/fr\/wp-json\/wp\/v2\/types\/product"}],"wp:featuredmedia":[{"embeddable":true,"href":"https:\/\/roomvo.50g.io\/fr\/wp-json\/wp\/v2\/media\/481496"}],"wp:attachment":[{"href":"https:\/\/roomvo.50g.io\/fr\/wp-json\/wp\/v2\/media?parent=525486"}],"wp:term":[{"taxonomy":"n_product_tax-product_admin","embeddable":true,"href":"https:\/\/roomvo.50g.io\/fr\/wp-json\/wp\/v2\/n_product_tax-product_admin?post=525486"},{"taxonomy":"product_brand","embeddable":true,"href":"https:\/\/roomvo.50g.io\/fr\/wp-json\/wp\/v2\/product_brand?post=525486"},{"taxonomy":"product_cat","embeddable":true,"href":"https:\/\/roomvo.50g.io\/fr\/wp-json\/wp\/v2\/product_cat?post=525486"},{"taxonomy":"product_tag","embeddable":true,"href":"https:\/\/roomvo.50g.io\/fr\/wp-json\/wp\/v2\/product_tag?post=525486"}],"curies":[{"name":"wp","href":"https:\/\/api.w.org\/{rel}","templated":true}]}}