{"id":525508,"date":"2024-02-03T01:15:04","date_gmt":"2024-02-03T01:15:04","guid":{"rendered":"https:\/\/roomvo.50g.io\/produto\/aditivo-anti-fungos-e-anti-algas\/"},"modified":"2024-02-03T01:15:04","modified_gmt":"2024-02-03T01:15:04","slug":"aditivo-anti-fungos-e-anti-algas","status":"publish","type":"product","link":"https:\/\/roomvo.50g.io\/fr\/produit\/aditivo-anti-fungos-e-anti-algas\/","title":{"rendered":"Additif antifongique et anti-algues"},"content":{"rendered":"<p>Additif pour peintures aqueuses, destin\u00e9 \u00e0 pr\u00e9venir la formation de champignons et d\u2019algues, pour une application int\u00e9rieure et ext\u00e9rieure.<\/p>\n<ul>\n<li>Prot\u00e8ge efficacement contre les champignons et les algues<\/li>\n<li>Facile \u00e0 utiliser (par m\u00e9lange de peinture)<\/li>\n<li>Compatible avec les produits aqueux.<\/li>\n<li>Ne provoque pas de changement de couleur de l\u2019encre.<\/li>\n<li>Solution pour les peintures lorsque vous souhaitez un coup de pouce suppl\u00e9mentaire en mati\u00e8re de protection ;<\/li>\n<\/ul>\n<p>S\u2019il s\u2019agit d\u2019une surface pr\u00e9sentant des probl\u00e8mes (humidit\u00e9, moisissure, etc.), elle doit \u00eatre lav\u00e9e et d\u00e9sinfect\u00e9e avec la <strong>solution de nettoyage Bioshock<\/strong>.<\/p>\n","protected":false},"excerpt":{"rendered":"<p>Additif pour peintures aqueuses ext\u00e9rieures et int\u00e9rieures, pour la pr\u00e9vention de la formation de champignons et d\u2019algues.<\/p>\n","protected":false},"featured_media":481486,"template":"","meta":{"_acf_changed":false,"_seopress_robots_primary_cat":"none","_seopress_titles_title":"%%post_title\u00a0%% %%sep\u00a0%% %%sitetitle\u00a0%%","_seopress_titles_desc":"Additif pour peintures aqueuses ext\u00e9rieures et int\u00e9rieures, pour la pr\u00e9vention de la formation de champignons et d\u2019algues.","_seopress_robots_index":""},"n_product_tax-product_admin":[3821,2055],"product_brand":[],"product_cat":[4622,3621],"product_tag":[4499,2058],"class_list":{"0":"post-525508","1":"product","2":"type-product","3":"status-publish","4":"has-post-thumbnail","6":"product_cat-preparateur-fr-2","7":"product_cat-murs-plafonds","8":"product_tag-dtc-murs-plafonds","9":"product_tag-pode-max-fr","11":"first","12":"instock","13":"taxable","14":"shipping-taxable","15":"purchasable","16":"product-type-variable"},"acf":[],"_links":{"self":[{"href":"https:\/\/roomvo.50g.io\/fr\/wp-json\/wp\/v2\/product\/525508","targetHints":{"allow":["GET"]}}],"collection":[{"href":"https:\/\/roomvo.50g.io\/fr\/wp-json\/wp\/v2\/product"}],"about":[{"href":"https:\/\/roomvo.50g.io\/fr\/wp-json\/wp\/v2\/types\/product"}],"wp:featuredmedia":[{"embeddable":true,"href":"https:\/\/roomvo.50g.io\/fr\/wp-json\/wp\/v2\/media\/481486"}],"wp:attachment":[{"href":"https:\/\/roomvo.50g.io\/fr\/wp-json\/wp\/v2\/media?parent=525508"}],"wp:term":[{"taxonomy":"n_product_tax-product_admin","embeddable":true,"href":"https:\/\/roomvo.50g.io\/fr\/wp-json\/wp\/v2\/n_product_tax-product_admin?post=525508"},{"taxonomy":"product_brand","embeddable":true,"href":"https:\/\/roomvo.50g.io\/fr\/wp-json\/wp\/v2\/product_brand?post=525508"},{"taxonomy":"product_cat","embeddable":true,"href":"https:\/\/roomvo.50g.io\/fr\/wp-json\/wp\/v2\/product_cat?post=525508"},{"taxonomy":"product_tag","embeddable":true,"href":"https:\/\/roomvo.50g.io\/fr\/wp-json\/wp\/v2\/product_tag?post=525508"}],"curies":[{"name":"wp","href":"https:\/\/api.w.org\/{rel}","templated":true}]}}