{"id":525520,"date":"2024-02-03T01:20:04","date_gmt":"2024-02-03T01:20:04","guid":{"rendered":"https:\/\/roomvo.50g.io\/produto\/barbosky\/"},"modified":"2024-02-03T01:20:04","modified_gmt":"2024-02-03T01:20:04","slug":"barbosky","status":"publish","type":"product","link":"https:\/\/roomvo.50g.io\/fr\/produit\/barbosky\/","title":{"rendered":"Barbosky"},"content":{"rendered":"<p>Ce produit garantit une excellente finition sans \u00e9claboussures &#8211; un avantage vraiment remarquable.<\/p>\n<ul>\n<li>Dites adieu aux co\u00fbts \u00e9lev\u00e9s pour les ressources inutiles lors de la peinture des plafonds&nbsp;;<\/li>\n<li>Produit 2 en 1 qui sert \u00e0 la fois d\u2019appr\u00eat et de finition&nbsp;;<\/li>\n<li>Il vous permet de l\u2019appliquer directement sur la surface, ce qui vous permet d\u2019\u00e9conomiser du temps et des efforts ;<\/li>\n<li>Excellente couverture&nbsp;;<\/li>\n<li>Sa formule sans \u00e9claboussures et sa valeur exceptionnelle en font le choix parfait pour tout plafond ;<\/li>\n<\/ul>\n","protected":false},"excerpt":{"rendered":"<p>Peinture aqueuse mate, sp\u00e9cialement formul\u00e9e pour la peinture de plafond.<\/p>\n","protected":false},"featured_media":481490,"template":"","meta":{"_acf_changed":false,"_seopress_robots_primary_cat":"none","_seopress_titles_title":"%%post_title\u00a0%% %%sep\u00a0%% %%sitetitle\u00a0%%","_seopress_titles_desc":"Peinture aqueuse mate, sp\u00e9cialement formul\u00e9e pour la peinture de plafond.","_seopress_robots_index":""},"n_product_tax-product_admin":[2055],"product_brand":[],"product_cat":[4626,3621],"product_tag":[4499,2058],"class_list":{"0":"post-525520","1":"product","2":"type-product","3":"status-publish","4":"has-post-thumbnail","6":"product_cat-plafonds","7":"product_cat-murs-plafonds","8":"product_tag-dtc-murs-plafonds","9":"product_tag-pode-max-fr","11":"first","12":"instock","13":"taxable","14":"shipping-taxable","15":"purchasable","16":"product-type-variable"},"acf":[],"_links":{"self":[{"href":"https:\/\/roomvo.50g.io\/fr\/wp-json\/wp\/v2\/product\/525520","targetHints":{"allow":["GET"]}}],"collection":[{"href":"https:\/\/roomvo.50g.io\/fr\/wp-json\/wp\/v2\/product"}],"about":[{"href":"https:\/\/roomvo.50g.io\/fr\/wp-json\/wp\/v2\/types\/product"}],"wp:featuredmedia":[{"embeddable":true,"href":"https:\/\/roomvo.50g.io\/fr\/wp-json\/wp\/v2\/media\/481490"}],"wp:attachment":[{"href":"https:\/\/roomvo.50g.io\/fr\/wp-json\/wp\/v2\/media?parent=525520"}],"wp:term":[{"taxonomy":"n_product_tax-product_admin","embeddable":true,"href":"https:\/\/roomvo.50g.io\/fr\/wp-json\/wp\/v2\/n_product_tax-product_admin?post=525520"},{"taxonomy":"product_brand","embeddable":true,"href":"https:\/\/roomvo.50g.io\/fr\/wp-json\/wp\/v2\/product_brand?post=525520"},{"taxonomy":"product_cat","embeddable":true,"href":"https:\/\/roomvo.50g.io\/fr\/wp-json\/wp\/v2\/product_cat?post=525520"},{"taxonomy":"product_tag","embeddable":true,"href":"https:\/\/roomvo.50g.io\/fr\/wp-json\/wp\/v2\/product_tag?post=525520"}],"curies":[{"name":"wp","href":"https:\/\/api.w.org\/{rel}","templated":true}]}}