{"id":525523,"date":"2024-02-03T01:10:04","date_gmt":"2024-02-03T01:10:04","guid":{"rendered":"https:\/\/roomvo.50g.io\/produto\/cozinhas-e-casas-de-banho\/"},"modified":"2025-07-19T15:55:02","modified_gmt":"2025-07-19T14:55:02","slug":"cozinhas-e-casas-de-banho","status":"publish","type":"product","link":"https:\/\/roomvo.50g.io\/fr\/produit\/cozinhas-e-casas-de-banho\/","title":{"rendered":"Cuisines et salles de bains"},"content":{"rendered":"<p>D\u00e9velopp\u00e9e sp\u00e9cialement pour les zones humides telles que les cuisines, les salles de bains et les vestiaires, cette peinture est la solution id\u00e9ale pour les zones sujettes \u00e0 la condensation.<\/p>\n<ul>\n<li>La formule avanc\u00e9e offre une protection durable contre l\u2019humidit\u00e9&nbsp;;<\/li>\n<li>Finition toujours impeccable \u2013 Le blanc, disponible en exclusivit\u00e9, apporte une sensation de fra\u00eecheur et de luminosit\u00e9 ;<\/li>\n<li>Id\u00e9al pour les espaces int\u00e9rieurs avec beaucoup de condensation, comme la cuisine et les salles de bains.<\/li>\n<\/ul>\n<p>Transformez votre espace en un havre de s\u00e9r\u00e9nit\u00e9 et de style. Essayez-le et d\u00e9couvrez la diff\u00e9rence qu\u2019une peinture de qualit\u00e9 peut faire dans votre maison. <\/p>\n","protected":false},"excerpt":{"rendered":"<p>Peinture aqueuse acrylique mate, pour peindre les murs int\u00e9rieurs des cuisines, des salles de bains et des zones humides.<\/p>\n","protected":false},"featured_media":481492,"template":"","meta":{"_acf_changed":false,"_seopress_robots_primary_cat":"none","_seopress_titles_title":"%%post_title\u00a0%% %%sep\u00a0%% %%sitetitle\u00a0%%","_seopress_titles_desc":"Peinture aqueuse acrylique mate, pour peindre les murs int\u00e9rieurs des cuisines, des salles de bains et des zones humides.","_seopress_robots_index":""},"n_product_tax-product_admin":[2055,3918],"product_brand":[],"product_cat":[4628,3621],"product_tag":[4499,2058],"class_list":{"0":"post-525523","1":"product","2":"type-product","3":"status-publish","4":"has-post-thumbnail","6":"product_cat-cuisine-et-toilettes","7":"product_cat-murs-plafonds","8":"product_tag-dtc-murs-plafonds","9":"product_tag-pode-max-fr","11":"first","12":"instock","13":"taxable","14":"shipping-taxable","15":"purchasable","16":"product-type-variable"},"acf":[],"_links":{"self":[{"href":"https:\/\/roomvo.50g.io\/fr\/wp-json\/wp\/v2\/product\/525523","targetHints":{"allow":["GET"]}}],"collection":[{"href":"https:\/\/roomvo.50g.io\/fr\/wp-json\/wp\/v2\/product"}],"about":[{"href":"https:\/\/roomvo.50g.io\/fr\/wp-json\/wp\/v2\/types\/product"}],"wp:featuredmedia":[{"embeddable":true,"href":"https:\/\/roomvo.50g.io\/fr\/wp-json\/wp\/v2\/media\/481492"}],"wp:attachment":[{"href":"https:\/\/roomvo.50g.io\/fr\/wp-json\/wp\/v2\/media?parent=525523"}],"wp:term":[{"taxonomy":"n_product_tax-product_admin","embeddable":true,"href":"https:\/\/roomvo.50g.io\/fr\/wp-json\/wp\/v2\/n_product_tax-product_admin?post=525523"},{"taxonomy":"product_brand","embeddable":true,"href":"https:\/\/roomvo.50g.io\/fr\/wp-json\/wp\/v2\/product_brand?post=525523"},{"taxonomy":"product_cat","embeddable":true,"href":"https:\/\/roomvo.50g.io\/fr\/wp-json\/wp\/v2\/product_cat?post=525523"},{"taxonomy":"product_tag","embeddable":true,"href":"https:\/\/roomvo.50g.io\/fr\/wp-json\/wp\/v2\/product_tag?post=525523"}],"curies":[{"name":"wp","href":"https:\/\/api.w.org\/{rel}","templated":true}]}}