{"id":525578,"date":"2024-02-03T01:25:17","date_gmt":"2024-02-03T01:25:17","guid":{"rendered":"https:\/\/roomvo.50g.io\/produto\/tinta-barbolite\/"},"modified":"2024-02-03T01:25:17","modified_gmt":"2024-02-03T01:25:17","slug":"tinta-barbolite","status":"publish","type":"product","link":"https:\/\/roomvo.50g.io\/fr\/produit\/tinta-barbolite\/","title":{"rendered":"Peinture barbolite"},"content":{"rendered":"<p>Peinture mate de haute qualit\u00e9 \u00e0 base de solvant pour les fa\u00e7ades.<\/p>\n<ul>\n<li>R\u00e9sistant au vieillissement&nbsp;;<\/li>\n<li>Convient \u00e0 diff\u00e9rents niveaux d\u2019humidit\u00e9.<\/li>\n<li>Excellente adh\u00e9rence, m\u00eame sur les surfaces de pl\u00e2tre qui s\u2019effritent.<\/li>\n<li>Disponible en couleur blanche et n\u00e9cessite un diluant 1425.<\/li>\n<li>Application recommand\u00e9e pour les professionnels.<\/li>\n<\/ul>\n<p>Obtenez des r\u00e9sultats durables avec cette peinture inspirante et durable, parfaite pour augmenter la qualit\u00e9 et la long\u00e9vit\u00e9 de votre fa\u00e7ade.<\/p>\n<p>Fournit une finition professionnelle pour un look \u00e9poustouflant et durable. Id\u00e9al pour les projets de peinture ext\u00e9rieure. <\/p>\n","protected":false},"excerpt":{"rendered":"<p>Peinture mate \u00e0 base de solvant de haute qualit\u00e9, acrylique, pour la peinture des fa\u00e7ades.<\/p>\n","protected":false},"featured_media":481555,"template":"","meta":{"_acf_changed":false,"_seopress_robots_primary_cat":"none","_seopress_titles_title":"%%post_title\u00a0%% %%sep\u00a0%% %%sitetitle\u00a0%%","_seopress_titles_desc":"Peinture mate \u00e0 base de solvant de haute qualit\u00e9, acrylique, pour la peinture des fa\u00e7ades.","_seopress_robots_index":""},"n_product_tax-product_admin":[3821,2055],"product_brand":[],"product_cat":[3620,3619],"product_tag":[2058],"class_list":{"0":"post-525578","1":"product","2":"type-product","3":"status-publish","4":"has-post-thumbnail","6":"product_cat-facades-fr","7":"product_cat-finitions-facades-peinture","8":"product_tag-pode-max-fr","10":"first","11":"instock","12":"taxable","13":"shipping-taxable","14":"purchasable","15":"product-type-variable"},"acf":[],"_links":{"self":[{"href":"https:\/\/roomvo.50g.io\/fr\/wp-json\/wp\/v2\/product\/525578","targetHints":{"allow":["GET"]}}],"collection":[{"href":"https:\/\/roomvo.50g.io\/fr\/wp-json\/wp\/v2\/product"}],"about":[{"href":"https:\/\/roomvo.50g.io\/fr\/wp-json\/wp\/v2\/types\/product"}],"wp:featuredmedia":[{"embeddable":true,"href":"https:\/\/roomvo.50g.io\/fr\/wp-json\/wp\/v2\/media\/481555"}],"wp:attachment":[{"href":"https:\/\/roomvo.50g.io\/fr\/wp-json\/wp\/v2\/media?parent=525578"}],"wp:term":[{"taxonomy":"n_product_tax-product_admin","embeddable":true,"href":"https:\/\/roomvo.50g.io\/fr\/wp-json\/wp\/v2\/n_product_tax-product_admin?post=525578"},{"taxonomy":"product_brand","embeddable":true,"href":"https:\/\/roomvo.50g.io\/fr\/wp-json\/wp\/v2\/product_brand?post=525578"},{"taxonomy":"product_cat","embeddable":true,"href":"https:\/\/roomvo.50g.io\/fr\/wp-json\/wp\/v2\/product_cat?post=525578"},{"taxonomy":"product_tag","embeddable":true,"href":"https:\/\/roomvo.50g.io\/fr\/wp-json\/wp\/v2\/product_tag?post=525578"}],"curies":[{"name":"wp","href":"https:\/\/api.w.org\/{rel}","templated":true}]}}