{"id":530453,"date":"2024-02-03T00:02:52","date_gmt":"2024-02-03T00:02:52","guid":{"rendered":"https:\/\/roomvo.50g.io\/produto\/velvet\/"},"modified":"2025-07-22T11:27:01","modified_gmt":"2025-07-22T10:27:01","slug":"velvet","status":"publish","type":"product","link":"https:\/\/roomvo.50g.io\/fr\/produit\/velvet\/","title":{"rendered":"Velvet"},"content":{"rendered":"<p>Le velours, est la meilleure solution pour donner une touche d\u2019\u00e9l\u00e9gance et de sophistication \u00e0 votre espace int\u00e9rieur. Unique, avec un toucher velout\u00e9, avec du polyur\u00e9thane qui procure une sensation de confort, d\u2019\u00e9l\u00e9gance et de r\u00e9sistance.<\/p>\n<p>Finition extra mate ; Super lavable, du vin renvers\u00e9 lors d\u2019un d\u00eener au crayon de couleur de votre plus jeune enfant, il suffit d\u2019un chiffon humide pour l\u2019enlever.<\/p>\n<ul>\n<li>Super r\u00e9sistant aux rayures et aux frottements, gardant la peinture impeccable pendant longtemps\u00a0;<\/li>\n<li>Dissimule les imperfections du mur, assurant une finition parfaite et raffin\u00e9e\u00a0;<\/li>\n<li>Parfait pour les familles avec enfants et animaux domestiques\u00a0;<\/li>\n<li>Id\u00e9al pour les environnements \u00e0 fort trafic, tels que les salons, les chambres et les bureaux.<\/li>\n<\/ul>\n","protected":false},"excerpt":{"rendered":"<p>Encre lavable et la plus r\u00e9sistante aux d\u00e9fis de votre quotidien.<\/p>\n","protected":false},"featured_media":481493,"template":"","meta":{"_acf_changed":false,"_seopress_robots_primary_cat":"none","_seopress_titles_title":"%%post_title\u00a0%% %%sep\u00a0%% %%sitetitle\u00a0%%","_seopress_titles_desc":"Encre lavable et la plus r\u00e9sistante aux d\u00e9fis de votre quotidien.","_seopress_robots_index":""},"n_product_tax-product_admin":[3918],"product_brand":[],"product_cat":[2056,3621],"product_tag":[2560,4499,4498,2058],"class_list":{"0":"post-530453","1":"product","2":"type-product","3":"status-publish","4":"has-post-thumbnail","6":"product_cat-finitions","7":"product_cat-murs-plafonds","8":"product_tag-cristiana-da-costa-fr","9":"product_tag-dtc-murs-plafonds","10":"product_tag-interieurs-dtc","11":"product_tag-pode-max-fr","13":"first","14":"instock","15":"taxable","16":"shipping-taxable","17":"purchasable","18":"product-type-variable"},"acf":[],"_links":{"self":[{"href":"https:\/\/roomvo.50g.io\/fr\/wp-json\/wp\/v2\/product\/530453","targetHints":{"allow":["GET"]}}],"collection":[{"href":"https:\/\/roomvo.50g.io\/fr\/wp-json\/wp\/v2\/product"}],"about":[{"href":"https:\/\/roomvo.50g.io\/fr\/wp-json\/wp\/v2\/types\/product"}],"wp:featuredmedia":[{"embeddable":true,"href":"https:\/\/roomvo.50g.io\/fr\/wp-json\/wp\/v2\/media\/481493"}],"wp:attachment":[{"href":"https:\/\/roomvo.50g.io\/fr\/wp-json\/wp\/v2\/media?parent=530453"}],"wp:term":[{"taxonomy":"n_product_tax-product_admin","embeddable":true,"href":"https:\/\/roomvo.50g.io\/fr\/wp-json\/wp\/v2\/n_product_tax-product_admin?post=530453"},{"taxonomy":"product_brand","embeddable":true,"href":"https:\/\/roomvo.50g.io\/fr\/wp-json\/wp\/v2\/product_brand?post=530453"},{"taxonomy":"product_cat","embeddable":true,"href":"https:\/\/roomvo.50g.io\/fr\/wp-json\/wp\/v2\/product_cat?post=530453"},{"taxonomy":"product_tag","embeddable":true,"href":"https:\/\/roomvo.50g.io\/fr\/wp-json\/wp\/v2\/product_tag?post=530453"}],"curies":[{"name":"wp","href":"https:\/\/api.w.org\/{rel}","templated":true}]}}