{"id":532445,"date":"2024-02-03T00:08:29","date_gmt":"2024-02-03T00:08:29","guid":{"rendered":"https:\/\/roomvo.50g.io\/produto\/tinta-plastica-mate-interior\/"},"modified":"2025-08-05T15:18:15","modified_gmt":"2025-08-05T14:18:15","slug":"tinta-plastica-mate-interior","status":"publish","type":"product","link":"https:\/\/roomvo.50g.io\/fr\/produit\/tinta-plastica-mate-interior\/","title":{"rendered":"Peinture plastique int\u00e9rieure mate"},"content":{"rendered":"<p>Disponible dans le ton blanc classique, MATT PLASTIC PAINT offre une polyvalence pour tout mur int\u00e9rieur.<\/p>\n<ul>\n<li>Avec son application sans effort\u00a0;<\/li>\n<li>Disponible dans des tailles pratiques de 15 litres pour les professionnels\u00a0;<\/li>\n<li>Id\u00e9al pour les murs int\u00e9rieurs\u00a0;<\/li>\n<li>Obtenez facilement un fini mat \u00e9l\u00e9gant ;<\/li>\n<\/ul>\n<p>Poussez votre cr\u00e9ativit\u00e9 vers de nouveaux sommets et faites une d\u00e9claration avec la MATTE PLASTIC PAINT. \u00c9levez vos projets et inspirez les autres avec les r\u00e9sultats impeccables que cette peinture offre.<\/p>\n","protected":false},"excerpt":{"rendered":"<p>Peinture aqueuse mate \u00e9conomique pour la peinture des murs int\u00e9rieurs.<\/p>\n","protected":false},"featured_media":559453,"template":"","meta":{"_acf_changed":false,"_seopress_robots_primary_cat":"none","_seopress_titles_title":"%%post_title\u00a0%% %%sep\u00a0%% %%sitetitle\u00a0%%","_seopress_titles_desc":"Peinture aqueuse mate \u00e9conomique pour la peinture des murs int\u00e9rieurs.","_seopress_robots_index":""},"n_product_tax-product_admin":[],"product_brand":[],"product_cat":[2056,3621],"product_tag":[4499,4498],"class_list":{"0":"post-532445","1":"product","2":"type-product","3":"status-publish","4":"has-post-thumbnail","6":"product_cat-finitions","7":"product_cat-murs-plafonds","8":"product_tag-dtc-murs-plafonds","9":"product_tag-interieurs-dtc","11":"first","12":"instock","13":"taxable","14":"shipping-taxable","15":"purchasable","16":"product-type-variable"},"acf":[],"_links":{"self":[{"href":"https:\/\/roomvo.50g.io\/fr\/wp-json\/wp\/v2\/product\/532445","targetHints":{"allow":["GET"]}}],"collection":[{"href":"https:\/\/roomvo.50g.io\/fr\/wp-json\/wp\/v2\/product"}],"about":[{"href":"https:\/\/roomvo.50g.io\/fr\/wp-json\/wp\/v2\/types\/product"}],"wp:featuredmedia":[{"embeddable":true,"href":"https:\/\/roomvo.50g.io\/fr\/wp-json\/wp\/v2\/media\/559453"}],"wp:attachment":[{"href":"https:\/\/roomvo.50g.io\/fr\/wp-json\/wp\/v2\/media?parent=532445"}],"wp:term":[{"taxonomy":"n_product_tax-product_admin","embeddable":true,"href":"https:\/\/roomvo.50g.io\/fr\/wp-json\/wp\/v2\/n_product_tax-product_admin?post=532445"},{"taxonomy":"product_brand","embeddable":true,"href":"https:\/\/roomvo.50g.io\/fr\/wp-json\/wp\/v2\/product_brand?post=532445"},{"taxonomy":"product_cat","embeddable":true,"href":"https:\/\/roomvo.50g.io\/fr\/wp-json\/wp\/v2\/product_cat?post=532445"},{"taxonomy":"product_tag","embeddable":true,"href":"https:\/\/roomvo.50g.io\/fr\/wp-json\/wp\/v2\/product_tag?post=532445"}],"curies":[{"name":"wp","href":"https:\/\/api.w.org\/{rel}","templated":true}]}}