{"id":536210,"date":"2024-02-03T00:30:18","date_gmt":"2024-02-03T00:30:18","guid":{"rendered":"https:\/\/roomvo.50g.io\/produto\/primario-barbolite-premium\/"},"modified":"2024-02-03T00:30:18","modified_gmt":"2024-02-03T00:30:18","slug":"primario-barbolite-premium","status":"publish","type":"product","link":"https:\/\/roomvo.50g.io\/fr\/produit\/primario-barbolite-premium\/","title":{"rendered":"Appr\u00eat Barbolite Premium"},"content":{"rendered":"<p>Appr\u00eat solvant, acrylique, avec des propri\u00e9t\u00e9s d\u2019\u00e9tanch\u00e9it\u00e9 pour les murs ext\u00e9rieurs et int\u00e9rieurs.<\/p>\n<ul>\n<li>Pouvoir de p\u00e9n\u00e9tration \u00e9lev\u00e9<\/li>\n<li>\u00c9vite le transfert des taches existantes&nbsp;;<\/li>\n<li>Pas d\u2019odeur&nbsp;;<\/li>\n<li>Facile et pratique pendant et apr\u00e8s l\u2019application, en particulier dans les int\u00e9rieurs habit\u00e9s.<\/li>\n<\/ul>\n","protected":false},"excerpt":{"rendered":"<p>Appr\u00eat solvant, acrylique, avec des propri\u00e9t\u00e9s d\u2019\u00e9tanch\u00e9it\u00e9 pour les murs int\u00e9rieurs et ext\u00e9rieurs.<\/p>\n","protected":false},"featured_media":481555,"template":"","meta":{"_acf_changed":false,"_seopress_robots_primary_cat":"none","_seopress_titles_title":"%%post_title\u00a0%% %%sep\u00a0%% %%sitetitle\u00a0%%","_seopress_titles_desc":"Appr\u00eat solvant, acrylique, avec des propri\u00e9t\u00e9s d\u2019\u00e9tanch\u00e9it\u00e9 pour les murs int\u00e9rieurs et ext\u00e9rieurs.","_seopress_robots_index":""},"n_product_tax-product_admin":[3821],"product_brand":[],"product_cat":[4617,3621],"product_tag":[4499],"class_list":{"0":"post-536210","1":"product","2":"type-product","3":"status-publish","4":"has-post-thumbnail","6":"product_cat-murs-et-plafonds-primaires","7":"product_cat-murs-plafonds","8":"product_tag-dtc-murs-plafonds","10":"first","11":"instock","12":"taxable","13":"shipping-taxable","14":"purchasable","15":"product-type-variable"},"acf":[],"_links":{"self":[{"href":"https:\/\/roomvo.50g.io\/fr\/wp-json\/wp\/v2\/product\/536210","targetHints":{"allow":["GET"]}}],"collection":[{"href":"https:\/\/roomvo.50g.io\/fr\/wp-json\/wp\/v2\/product"}],"about":[{"href":"https:\/\/roomvo.50g.io\/fr\/wp-json\/wp\/v2\/types\/product"}],"wp:featuredmedia":[{"embeddable":true,"href":"https:\/\/roomvo.50g.io\/fr\/wp-json\/wp\/v2\/media\/481555"}],"wp:attachment":[{"href":"https:\/\/roomvo.50g.io\/fr\/wp-json\/wp\/v2\/media?parent=536210"}],"wp:term":[{"taxonomy":"n_product_tax-product_admin","embeddable":true,"href":"https:\/\/roomvo.50g.io\/fr\/wp-json\/wp\/v2\/n_product_tax-product_admin?post=536210"},{"taxonomy":"product_brand","embeddable":true,"href":"https:\/\/roomvo.50g.io\/fr\/wp-json\/wp\/v2\/product_brand?post=536210"},{"taxonomy":"product_cat","embeddable":true,"href":"https:\/\/roomvo.50g.io\/fr\/wp-json\/wp\/v2\/product_cat?post=536210"},{"taxonomy":"product_tag","embeddable":true,"href":"https:\/\/roomvo.50g.io\/fr\/wp-json\/wp\/v2\/product_tag?post=536210"}],"curies":[{"name":"wp","href":"https:\/\/api.w.org\/{rel}","templated":true}]}}