{"id":540617,"date":"2024-02-03T01:55:18","date_gmt":"2024-02-03T01:55:18","guid":{"rendered":"https:\/\/roomvo.50g.io\/produto\/dioflex-2rt\/"},"modified":"2025-07-19T18:28:02","modified_gmt":"2025-07-19T17:28:02","slug":"dioflex-2rt","status":"publish","type":"product","link":"https:\/\/roomvo.50g.io\/fr\/produit\/dioflex-2rt\/","title":{"rendered":"Dioflex 2RT"},"content":{"rendered":"<p>DIOFLEX 2 RT, le rev\u00eatement \u00e9lastique r\u00e9volutionnaire MATT, ce produit d\u2019exception est sp\u00e9cialement con\u00e7u pour la peinture des fa\u00e7ades. Il fonctionne comme un film super \u00e9lastique. <\/p>\n<ul>\n<li>Insensible \u00e0 l\u2019eau&nbsp;;<\/li>\n<li>Flexible, car il suit les mouvements du mur&nbsp;;<\/li>\n<li>Avec une large gamme de couleurs vives au choix&nbsp;;<\/li>\n<li>Haute r\u00e9sistance aux facteurs externes.<\/li>\n<\/ul>\n","protected":false},"excerpt":{"rendered":"<p>Rev\u00eatement aqueux mat \u00e9lastique, 100&nbsp;% acrylique, avec double r\u00e9ticulation pour la peinture des fa\u00e7ades.<\/p>\n","protected":false},"featured_media":481545,"template":"","meta":{"_acf_changed":false,"_seopress_robots_primary_cat":"none","_seopress_titles_title":"%%post_title\u00a0%% %%sep\u00a0%% %%sitetitle\u00a0%%","_seopress_titles_desc":"Rev\u00eatement aqueux mat \u00e9lastique, 100\u00a0% acrylique, avec double r\u00e9ticulation pour la peinture des fa\u00e7ades.","_seopress_robots_index":""},"n_product_tax-product_admin":[2055,3918],"product_brand":[],"product_cat":[3620,3619],"product_tag":[2058],"class_list":{"0":"post-540617","1":"product","2":"type-product","3":"status-publish","4":"has-post-thumbnail","6":"product_cat-facades-fr","7":"product_cat-finitions-facades-peinture","8":"product_tag-pode-max-fr","10":"first","11":"instock","12":"taxable","13":"shipping-taxable","14":"purchasable","15":"product-type-variable"},"acf":[],"_links":{"self":[{"href":"https:\/\/roomvo.50g.io\/fr\/wp-json\/wp\/v2\/product\/540617","targetHints":{"allow":["GET"]}}],"collection":[{"href":"https:\/\/roomvo.50g.io\/fr\/wp-json\/wp\/v2\/product"}],"about":[{"href":"https:\/\/roomvo.50g.io\/fr\/wp-json\/wp\/v2\/types\/product"}],"wp:featuredmedia":[{"embeddable":true,"href":"https:\/\/roomvo.50g.io\/fr\/wp-json\/wp\/v2\/media\/481545"}],"wp:attachment":[{"href":"https:\/\/roomvo.50g.io\/fr\/wp-json\/wp\/v2\/media?parent=540617"}],"wp:term":[{"taxonomy":"n_product_tax-product_admin","embeddable":true,"href":"https:\/\/roomvo.50g.io\/fr\/wp-json\/wp\/v2\/n_product_tax-product_admin?post=540617"},{"taxonomy":"product_brand","embeddable":true,"href":"https:\/\/roomvo.50g.io\/fr\/wp-json\/wp\/v2\/product_brand?post=540617"},{"taxonomy":"product_cat","embeddable":true,"href":"https:\/\/roomvo.50g.io\/fr\/wp-json\/wp\/v2\/product_cat?post=540617"},{"taxonomy":"product_tag","embeddable":true,"href":"https:\/\/roomvo.50g.io\/fr\/wp-json\/wp\/v2\/product_tag?post=540617"}],"curies":[{"name":"wp","href":"https:\/\/api.w.org\/{rel}","templated":true}]}}