{"id":540619,"date":"2024-02-03T01:40:08","date_gmt":"2024-02-03T01:40:08","guid":{"rendered":"https:\/\/roomvo.50g.io\/produto\/acryl-rsx\/"},"modified":"2025-07-19T18:23:05","modified_gmt":"2025-07-19T17:23:05","slug":"acryl-rsx","status":"publish","type":"product","link":"https:\/\/roomvo.50g.io\/fr\/produit\/acryl-rsx\/","title":{"rendered":"Acryl RSX"},"content":{"rendered":"<p>ACRYL RSX est le choix parfait pour ceux qui recherchent une peinture aqueuse mate de haute qualit\u00e9 pour les fa\u00e7ades (ultra mate) avec le meilleur rapport co\u00fbt\/b\u00e9n\u00e9fice.<\/p>\n<ul>\n<li>Avec sa formule acrylique-siloxane, ce produit permet \u00e0 vos murs de respirer, tout en offrant une protection exceptionnelle pour les fa\u00e7ades ;<\/li>\n<li>Disponible dans plus de 30 000 couleurs, vous pouvez choisir la teinte qui convient le mieux \u00e0 votre style et \u00e0 votre personnalit\u00e9.<\/li>\n<li>Donnez un aspect \u00e9l\u00e9gant et sophistiqu\u00e9 \u00e0 vos fa\u00e7ades<\/li>\n<li>Et ne vous inqui\u00e9tez pas si vous avez des murs, l\u2019ACRYL RSX peut \u00eatre utilis\u00e9 dessus.<\/li>\n<\/ul>\n","protected":false},"excerpt":{"rendered":"<p>Peinture aqueuse mate, acrylique-siloxane, pour la protection des fa\u00e7ades.<\/p>\n","protected":false},"featured_media":481536,"template":"","meta":{"_acf_changed":false,"_seopress_robots_primary_cat":"none","_seopress_titles_title":"%%post_title\u00a0%% %%sep\u00a0%% %%sitetitle\u00a0%%","_seopress_titles_desc":"Peinture aqueuse mate, acrylique-siloxane, pour la protection des fa\u00e7ades.","_seopress_robots_index":""},"n_product_tax-product_admin":[2055,3918],"product_brand":[],"product_cat":[4493,3620],"product_tag":[2058],"class_list":{"0":"post-540619","1":"product","2":"type-product","3":"status-publish","4":"has-post-thumbnail","6":"product_cat-facades-historiques-finition","7":"product_cat-facades-fr","8":"product_tag-pode-max-fr","10":"first","11":"instock","12":"taxable","13":"shipping-taxable","14":"purchasable","15":"product-type-variable"},"acf":[],"_links":{"self":[{"href":"https:\/\/roomvo.50g.io\/fr\/wp-json\/wp\/v2\/product\/540619","targetHints":{"allow":["GET"]}}],"collection":[{"href":"https:\/\/roomvo.50g.io\/fr\/wp-json\/wp\/v2\/product"}],"about":[{"href":"https:\/\/roomvo.50g.io\/fr\/wp-json\/wp\/v2\/types\/product"}],"wp:featuredmedia":[{"embeddable":true,"href":"https:\/\/roomvo.50g.io\/fr\/wp-json\/wp\/v2\/media\/481536"}],"wp:attachment":[{"href":"https:\/\/roomvo.50g.io\/fr\/wp-json\/wp\/v2\/media?parent=540619"}],"wp:term":[{"taxonomy":"n_product_tax-product_admin","embeddable":true,"href":"https:\/\/roomvo.50g.io\/fr\/wp-json\/wp\/v2\/n_product_tax-product_admin?post=540619"},{"taxonomy":"product_brand","embeddable":true,"href":"https:\/\/roomvo.50g.io\/fr\/wp-json\/wp\/v2\/product_brand?post=540619"},{"taxonomy":"product_cat","embeddable":true,"href":"https:\/\/roomvo.50g.io\/fr\/wp-json\/wp\/v2\/product_cat?post=540619"},{"taxonomy":"product_tag","embeddable":true,"href":"https:\/\/roomvo.50g.io\/fr\/wp-json\/wp\/v2\/product_tag?post=540619"}],"curies":[{"name":"wp","href":"https:\/\/api.w.org\/{rel}","templated":true}]}}