{"id":541913,"date":"2024-02-03T02:20:23","date_gmt":"2024-02-03T02:20:23","guid":{"rendered":"https:\/\/roomvo.50g.io\/produto\/massa-raiada-fina\/"},"modified":"2024-02-03T02:20:23","modified_gmt":"2024-02-03T02:20:23","slug":"massa-raiada-fina","status":"publish","type":"product","link":"https:\/\/roomvo.50g.io\/fr\/produit\/massa-raiada-fina\/","title":{"rendered":"P\u00e2te fine \u00e0 rayures"},"content":{"rendered":"<ul>\n<li>Effet d\u00e9coratif raffin\u00e9<\/li>\n<li>Dissimule l\u2019irr\u00e9gularit\u00e9 du pl\u00e2tre<\/li>\n<li>Bonne r\u00e9sistance aux intemp\u00e9ries<\/li>\n<\/ul>\n","protected":false},"excerpt":{"rendered":"<p>Mastic de rev\u00eatement aqueux mat, pour peindre les enduits ext\u00e9rieurs lorsqu\u2019un aspect stri\u00e9 ou ray\u00e9 est souhait\u00e9.<\/p>\n","protected":false},"featured_media":481552,"template":"","meta":{"_acf_changed":false,"_seopress_robots_primary_cat":"none","_seopress_titles_title":"%%post_title\u00a0%% %%sep\u00a0%% %%sitetitle\u00a0%%","_seopress_titles_desc":"Mastic de rev\u00eatement aqueux mat, pour peindre les enduits ext\u00e9rieurs lorsqu\u2019un aspect stri\u00e9 ou ray\u00e9 est souhait\u00e9.","_seopress_robots_index":""},"n_product_tax-product_admin":[3822,3821,2055],"product_brand":[],"product_cat":[3620,3619],"product_tag":[2558],"class_list":{"0":"post-541913","1":"product","2":"type-product","3":"status-publish","4":"has-post-thumbnail","6":"product_cat-facades-fr","7":"product_cat-finitions-facades-peinture","8":"product_tag-calculator-no-fr","10":"first","11":"instock","12":"taxable","13":"shipping-taxable","14":"purchasable","15":"product-type-variable"},"acf":[],"_links":{"self":[{"href":"https:\/\/roomvo.50g.io\/fr\/wp-json\/wp\/v2\/product\/541913","targetHints":{"allow":["GET"]}}],"collection":[{"href":"https:\/\/roomvo.50g.io\/fr\/wp-json\/wp\/v2\/product"}],"about":[{"href":"https:\/\/roomvo.50g.io\/fr\/wp-json\/wp\/v2\/types\/product"}],"wp:featuredmedia":[{"embeddable":true,"href":"https:\/\/roomvo.50g.io\/fr\/wp-json\/wp\/v2\/media\/481552"}],"wp:attachment":[{"href":"https:\/\/roomvo.50g.io\/fr\/wp-json\/wp\/v2\/media?parent=541913"}],"wp:term":[{"taxonomy":"n_product_tax-product_admin","embeddable":true,"href":"https:\/\/roomvo.50g.io\/fr\/wp-json\/wp\/v2\/n_product_tax-product_admin?post=541913"},{"taxonomy":"product_brand","embeddable":true,"href":"https:\/\/roomvo.50g.io\/fr\/wp-json\/wp\/v2\/product_brand?post=541913"},{"taxonomy":"product_cat","embeddable":true,"href":"https:\/\/roomvo.50g.io\/fr\/wp-json\/wp\/v2\/product_cat?post=541913"},{"taxonomy":"product_tag","embeddable":true,"href":"https:\/\/roomvo.50g.io\/fr\/wp-json\/wp\/v2\/product_tag?post=541913"}],"curies":[{"name":"wp","href":"https:\/\/api.w.org\/{rel}","templated":true}]}}