{"id":541917,"date":"2024-02-03T02:25:23","date_gmt":"2024-02-03T02:25:23","guid":{"rendered":"https:\/\/roomvo.50g.io\/produto\/acryl-b-aquosa\/"},"modified":"2025-07-19T19:38:07","modified_gmt":"2025-07-19T18:38:07","slug":"acryl-b-aquosa","status":"publish","type":"product","link":"https:\/\/roomvo.50g.io\/fr\/produit\/acryl-b-aquosa\/","title":{"rendered":"Acryl B Aqueux"},"content":{"rendered":"","protected":false},"excerpt":{"rendered":"<p>Peinture aqueuse satin\u00e9e, adapt\u00e9e \u00e0 la protection du b\u00e9ton, du fibrociment et du pl\u00e2tre, \u00e0 l\u2019ext\u00e9rieur.<\/p>\n","protected":false},"featured_media":481534,"template":"","meta":{"_acf_changed":false,"_seopress_robots_primary_cat":"none","_seopress_titles_title":"%%post_title\u00a0%% %%sep\u00a0%% %%sitetitle\u00a0%%","_seopress_titles_desc":"Peinture aqueuse satin\u00e9e, adapt\u00e9e \u00e0 la protection du b\u00e9ton, du fibrociment et du pl\u00e2tre, \u00e0 l\u2019ext\u00e9rieur.","_seopress_robots_index":""},"n_product_tax-product_admin":[2055,3918],"product_brand":[],"product_cat":[4634,3620],"product_tag":[2058],"class_list":{"0":"post-541917","1":"product","2":"type-product","3":"status-publish","4":"has-post-thumbnail","6":"product_cat-dts-2-en-1-fr-2","7":"product_cat-facades-fr","8":"product_tag-pode-max-fr","10":"first","11":"instock","12":"taxable","13":"shipping-taxable","14":"purchasable","15":"product-type-variable"},"acf":[],"_links":{"self":[{"href":"https:\/\/roomvo.50g.io\/fr\/wp-json\/wp\/v2\/product\/541917","targetHints":{"allow":["GET"]}}],"collection":[{"href":"https:\/\/roomvo.50g.io\/fr\/wp-json\/wp\/v2\/product"}],"about":[{"href":"https:\/\/roomvo.50g.io\/fr\/wp-json\/wp\/v2\/types\/product"}],"wp:featuredmedia":[{"embeddable":true,"href":"https:\/\/roomvo.50g.io\/fr\/wp-json\/wp\/v2\/media\/481534"}],"wp:attachment":[{"href":"https:\/\/roomvo.50g.io\/fr\/wp-json\/wp\/v2\/media?parent=541917"}],"wp:term":[{"taxonomy":"n_product_tax-product_admin","embeddable":true,"href":"https:\/\/roomvo.50g.io\/fr\/wp-json\/wp\/v2\/n_product_tax-product_admin?post=541917"},{"taxonomy":"product_brand","embeddable":true,"href":"https:\/\/roomvo.50g.io\/fr\/wp-json\/wp\/v2\/product_brand?post=541917"},{"taxonomy":"product_cat","embeddable":true,"href":"https:\/\/roomvo.50g.io\/fr\/wp-json\/wp\/v2\/product_cat?post=541917"},{"taxonomy":"product_tag","embeddable":true,"href":"https:\/\/roomvo.50g.io\/fr\/wp-json\/wp\/v2\/product_tag?post=541917"}],"curies":[{"name":"wp","href":"https:\/\/api.w.org\/{rel}","templated":true}]}}