{"id":543220,"date":"2024-02-03T02:50:27","date_gmt":"2024-02-03T02:50:27","guid":{"rendered":"https:\/\/roomvo.50g.io\/produto\/block-ef\/"},"modified":"2024-02-03T02:50:27","modified_gmt":"2024-02-03T02:50:27","slug":"block-ef","status":"publish","type":"product","link":"https:\/\/roomvo.50g.io\/fr\/produit\/block-ef\/","title":{"rendered":"Bloc EF"},"content":{"rendered":"<p>Primaire aqueux, bloqueur d\u2019efflorescences, pour fa\u00e7ades.<\/p>\n<p>Dites adieu aux frustrants d\u00e9p\u00f4ts de sel blanc qui ruinent l\u2019apparence de vos fa\u00e7ades, murs int\u00e9rieurs et ext\u00e9rieurs et murs.<\/p>\n<ul>\n<li>Particuli\u00e8rement adapt\u00e9 aux murs et au nouveau pl\u00e2tre&nbsp;;<\/li>\n<li>R\u00e9sistant \u00e0 l\u2019alcalinit\u00e9&nbsp;;<\/li>\n<li>BLOCK EF est sp\u00e9cialement con\u00e7u pour lutter contre l\u2019efflorescence, garantissant que vos surfaces restent parfaites et belles pendant de nombreuses ann\u00e9es.<\/li>\n<\/ul>\n","protected":false},"excerpt":{"rendered":"<p>Primaire aqueux, bloqueur d\u2019efflorescences, pour fa\u00e7ades.<\/p>\n","protected":false},"featured_media":481548,"template":"","meta":{"_acf_changed":false,"_seopress_robots_primary_cat":"none","_seopress_titles_title":"%%post_title\u00a0%% %%sep\u00a0%% %%sitetitle\u00a0%%","_seopress_titles_desc":"Primaire aqueux, bloqueur d\u2019efflorescences, pour fa\u00e7ades.","_seopress_robots_index":""},"n_product_tax-product_admin":[3821,2055],"product_brand":[],"product_cat":[4595,3620],"product_tag":[2058],"class_list":{"0":"post-543220","1":"product","2":"type-product","3":"status-publish","4":"has-post-thumbnail","6":"product_cat-primaire-fr","7":"product_cat-facades-fr","8":"product_tag-pode-max-fr","10":"first","11":"instock","12":"taxable","13":"shipping-taxable","14":"purchasable","15":"product-type-variable"},"acf":[],"_links":{"self":[{"href":"https:\/\/roomvo.50g.io\/fr\/wp-json\/wp\/v2\/product\/543220","targetHints":{"allow":["GET"]}}],"collection":[{"href":"https:\/\/roomvo.50g.io\/fr\/wp-json\/wp\/v2\/product"}],"about":[{"href":"https:\/\/roomvo.50g.io\/fr\/wp-json\/wp\/v2\/types\/product"}],"wp:featuredmedia":[{"embeddable":true,"href":"https:\/\/roomvo.50g.io\/fr\/wp-json\/wp\/v2\/media\/481548"}],"wp:attachment":[{"href":"https:\/\/roomvo.50g.io\/fr\/wp-json\/wp\/v2\/media?parent=543220"}],"wp:term":[{"taxonomy":"n_product_tax-product_admin","embeddable":true,"href":"https:\/\/roomvo.50g.io\/fr\/wp-json\/wp\/v2\/n_product_tax-product_admin?post=543220"},{"taxonomy":"product_brand","embeddable":true,"href":"https:\/\/roomvo.50g.io\/fr\/wp-json\/wp\/v2\/product_brand?post=543220"},{"taxonomy":"product_cat","embeddable":true,"href":"https:\/\/roomvo.50g.io\/fr\/wp-json\/wp\/v2\/product_cat?post=543220"},{"taxonomy":"product_tag","embeddable":true,"href":"https:\/\/roomvo.50g.io\/fr\/wp-json\/wp\/v2\/product_tag?post=543220"}],"curies":[{"name":"wp","href":"https:\/\/api.w.org\/{rel}","templated":true}]}}