{"id":543822,"date":"2024-02-15T00:52:09","date_gmt":"2024-02-15T00:52:09","guid":{"rendered":"https:\/\/roomvo.50g.io\/produto\/primario-multi-superficies-aquoso\/"},"modified":"2024-02-15T00:52:09","modified_gmt":"2024-02-15T00:52:09","slug":"primario-multi-superficies-aquoso","status":"publish","type":"product","link":"https:\/\/roomvo.50g.io\/fr\/produit\/primario-multi-superficies-aquoso\/","title":{"rendered":"Appr\u00eat aqueux multi-surfaces"},"content":{"rendered":"<p>Appr\u00eat aqueux multi-usages, pour une application sur diverses surfaces, \u00e0 l\u2019int\u00e9rieur et \u00e0 l\u2019ext\u00e9rieur<\/p>\n<ul>\n<li>Excellente adh\u00e9rence sur les m\u00e9taux, les bois, les carreaux, le verre, la c\u00e9ramique et les PVC<\/li>\n<li>Pas d\u2019odeur<\/li>\n<li>Faible teneur en COV (ils r\u00e9agissent avec d\u2019autres polluants et endommagent la couche d\u2019ozone)&nbsp;;<\/li>\n<\/ul>\n","protected":false},"excerpt":{"rendered":"<p>Appr\u00eat aqueux polyvalent, pour une application sur diverses surfaces, \u00e0 l\u2019int\u00e9rieur et \u00e0 l\u2019ext\u00e9rieur.<\/p>\n","protected":false},"featured_media":481591,"template":"","meta":{"_acf_changed":false,"_seopress_robots_primary_cat":"none","_seopress_titles_title":"%%post_title\u00a0%% %%sep\u00a0%% %%sitetitle\u00a0%%","_seopress_titles_desc":"Appr\u00eat aqueux polyvalent, pour une application sur diverses surfaces, \u00e0 l\u2019int\u00e9rieur et \u00e0 l\u2019ext\u00e9rieur.","_seopress_robots_index":""},"n_product_tax-product_admin":[3821],"product_brand":[],"product_cat":[4481,3626],"product_tag":[],"class_list":{"0":"post-543822","1":"product","2":"type-product","3":"status-publish","4":"has-post-thumbnail","6":"product_cat-primaire","7":"product_cat-menuiserie-et-metallerie","9":"first","10":"instock","11":"taxable","12":"shipping-taxable","13":"purchasable","14":"product-type-variable"},"acf":[],"_links":{"self":[{"href":"https:\/\/roomvo.50g.io\/fr\/wp-json\/wp\/v2\/product\/543822","targetHints":{"allow":["GET"]}}],"collection":[{"href":"https:\/\/roomvo.50g.io\/fr\/wp-json\/wp\/v2\/product"}],"about":[{"href":"https:\/\/roomvo.50g.io\/fr\/wp-json\/wp\/v2\/types\/product"}],"wp:featuredmedia":[{"embeddable":true,"href":"https:\/\/roomvo.50g.io\/fr\/wp-json\/wp\/v2\/media\/481591"}],"wp:attachment":[{"href":"https:\/\/roomvo.50g.io\/fr\/wp-json\/wp\/v2\/media?parent=543822"}],"wp:term":[{"taxonomy":"n_product_tax-product_admin","embeddable":true,"href":"https:\/\/roomvo.50g.io\/fr\/wp-json\/wp\/v2\/n_product_tax-product_admin?post=543822"},{"taxonomy":"product_brand","embeddable":true,"href":"https:\/\/roomvo.50g.io\/fr\/wp-json\/wp\/v2\/product_brand?post=543822"},{"taxonomy":"product_cat","embeddable":true,"href":"https:\/\/roomvo.50g.io\/fr\/wp-json\/wp\/v2\/product_cat?post=543822"},{"taxonomy":"product_tag","embeddable":true,"href":"https:\/\/roomvo.50g.io\/fr\/wp-json\/wp\/v2\/product_tag?post=543822"}],"curies":[{"name":"wp","href":"https:\/\/api.w.org\/{rel}","templated":true}]}}