{"id":543825,"date":"2024-02-16T00:24:09","date_gmt":"2024-02-16T00:24:09","guid":{"rendered":"https:\/\/roomvo.50g.io\/produto\/aquafloor-fr\/"},"modified":"2025-07-19T19:35:59","modified_gmt":"2025-07-19T18:35:59","slug":"aquafloor-fr","status":"publish","type":"product","link":"https:\/\/roomvo.50g.io\/fr\/produit\/aquafloor-fr\/","title":{"rendered":"Aquafloor"},"content":{"rendered":"<p>AQUA FLOOR, la peinture acrylique aqueuse parfaite pour transformer les sols de vos sites sportifs.<\/p>\n<ul>\n<li>Excellente r\u00e9sistance aux intemp\u00e9ries, ce qui signifie que vous pouvez \u00eatre s\u00fbr qu\u2019AQUA FLOOR gardera vos couleurs vives et lumineuses, m\u00eame dans les conditions les plus difficiles.<\/li>\n<li>Grande r\u00e9sistance \u00e0 l\u2019usure qui garantit que votre sol reste impeccable, m\u00eame en cas d\u2019utilisation intensive.<\/li>\n<li>Le meilleur de tous&nbsp;: Il est disponible dans toutes les couleurs que vous pouvez imaginer, vous permettant de cr\u00e9er un environnement unique et personnalis\u00e9.<\/li>\n<\/ul>\n","protected":false},"excerpt":{"rendered":"<p>Peinture acrylique aqueuse pour peindre les sols des sites sportifs en ciment ou en goudron, \u00e0 l\u2019ext\u00e9rieur et \u00e0 l\u2019int\u00e9rieur.<\/p>\n","protected":false},"featured_media":481568,"template":"","meta":{"_acf_changed":false,"_seopress_robots_primary_cat":"none","_seopress_titles_title":"%%post_title\u00a0%% %%sep\u00a0%% %%sitetitle\u00a0%%","_seopress_titles_desc":"Peinture acrylique aqueuse pour peindre les sols des sites sportifs en ciment ou en goudron, \u00e0 l\u2019ext\u00e9rieur et \u00e0 l\u2019int\u00e9rieur.","_seopress_robots_index":""},"n_product_tax-product_admin":[2055,3918],"product_brand":[],"product_cat":[4637,3624],"product_tag":[2058],"class_list":{"0":"post-543825","1":"product","2":"type-product","3":"status-publish","4":"has-post-thumbnail","6":"product_cat-revetements-de-sol-finition","7":"product_cat-installations-sportives","8":"product_tag-pode-max-fr","10":"first","11":"instock","12":"featured","13":"taxable","14":"shipping-taxable","15":"purchasable","16":"product-type-variable"},"acf":[],"_links":{"self":[{"href":"https:\/\/roomvo.50g.io\/fr\/wp-json\/wp\/v2\/product\/543825","targetHints":{"allow":["GET"]}}],"collection":[{"href":"https:\/\/roomvo.50g.io\/fr\/wp-json\/wp\/v2\/product"}],"about":[{"href":"https:\/\/roomvo.50g.io\/fr\/wp-json\/wp\/v2\/types\/product"}],"wp:featuredmedia":[{"embeddable":true,"href":"https:\/\/roomvo.50g.io\/fr\/wp-json\/wp\/v2\/media\/481568"}],"wp:attachment":[{"href":"https:\/\/roomvo.50g.io\/fr\/wp-json\/wp\/v2\/media?parent=543825"}],"wp:term":[{"taxonomy":"n_product_tax-product_admin","embeddable":true,"href":"https:\/\/roomvo.50g.io\/fr\/wp-json\/wp\/v2\/n_product_tax-product_admin?post=543825"},{"taxonomy":"product_brand","embeddable":true,"href":"https:\/\/roomvo.50g.io\/fr\/wp-json\/wp\/v2\/product_brand?post=543825"},{"taxonomy":"product_cat","embeddable":true,"href":"https:\/\/roomvo.50g.io\/fr\/wp-json\/wp\/v2\/product_cat?post=543825"},{"taxonomy":"product_tag","embeddable":true,"href":"https:\/\/roomvo.50g.io\/fr\/wp-json\/wp\/v2\/product_tag?post=543825"}],"curies":[{"name":"wp","href":"https:\/\/api.w.org\/{rel}","templated":true}]}}